{"id":14159,"date":"2026-02-27T00:20:46","date_gmt":"2026-02-27T00:20:46","guid":{"rendered":"https:\/\/nordicmart.andreevmaster.com\/product\/songmics-matsalsstol-med-armstod-max-110-kg\/"},"modified":"2026-02-27T08:13:23","modified_gmt":"2026-02-27T08:13:23","slug":"songmics-matsalsstol-med-armstod-max-110-kg","status":"publish","type":"product","link":"https:\/\/nordicmart.andreevmaster.com\/sv\/produkt\/songmics-matsalsstol-med-armstod-max-110-kg\/","title":{"rendered":"SONGMICS matsalsstol med armst\u00f6d max. 110 kg"},"content":{"rendered":"<p>Produktdetaljer: F\u00e4rg: Gr\u00e5 Material: Pulverlackerade metallben, tr\u00e4skiva, sammet, skumplaststoppning Total storlek: 62,5 x 60 x 85 cm (L x B x H) Sitth\u00f6jd: 50 cm Sittbredd: 49 cm Sittdjup: 44,5 cm Ryggst\u00f6dets h\u00f6jd: 39,5 cm Armst\u00f6dets h\u00f6jd: 64 cm Sittdynans tjocklek: 7 cm Vikt: 6,5 kg Max. statisk belastningskapacitet: 110 kg Leveransomfattning: 1 x stol 1 x tillbeh\u00f6rspaket 1 x bruksanvisning (DE, EN, FR, ES, IT) SONGMICS Anm\u00e4rkningar:Du kan l\u00e4gga en matta under stolen f\u00f6r att f\u00f6rh\u00f6ja utseendet p\u00e5 ditt matrum och samtidigt skydda ditt tr\u00e4golv. Uts\u00e4tt inte produkten f\u00f6r direkt solljus. H\u00e5ll produkten borta fr\u00e5n vassa eller skarpa f\u00f6rem\u00e5l f\u00f6r att undvika skador.St\u00e4ll dig inte p\u00e5 stolen och anv\u00e4nd den inte som steg eller stege. Torka av stolen omedelbart med en torr trasa om den blir v\u00e5t. St\u00e4ll stolen p\u00e5 ett plant underlag.<\/p>\n","protected":false},"excerpt":{"rendered":"<p>Matstol, k\u00f6ksstol, f\u00e5t\u00f6lj, sammet, stoppad stol med armst\u00f6d, loungestol, metallben, f\u00f6r matsal, k\u00f6k, gr\u00e5-bl\u00e4ck svart<\/p>\n","protected":false},"featured_media":42202,"comment_status":"open","ping_status":"closed","template":"","meta":[],"product_brand":[],"product_cat":[33],"product_tag":[],"class_list":{"0":"post-14159","1":"product","2":"type-product","3":"status-publish","4":"has-post-thumbnail","6":"product_cat-okategoriserad","8":"first","9":"instock","10":"shipping-taxable","11":"purchasable","12":"product-type-simple"},"_links":{"self":[{"href":"https:\/\/nordicmart.andreevmaster.com\/sv\/wp-json\/wp\/v2\/product\/14159","targetHints":{"allow":["GET"]}}],"collection":[{"href":"https:\/\/nordicmart.andreevmaster.com\/sv\/wp-json\/wp\/v2\/product"}],"about":[{"href":"https:\/\/nordicmart.andreevmaster.com\/sv\/wp-json\/wp\/v2\/types\/product"}],"replies":[{"embeddable":true,"href":"https:\/\/nordicmart.andreevmaster.com\/sv\/wp-json\/wp\/v2\/comments?post=14159"}],"wp:featuredmedia":[{"embeddable":true,"href":"https:\/\/nordicmart.andreevmaster.com\/sv\/wp-json\/wp\/v2\/media\/42202"}],"wp:attachment":[{"href":"https:\/\/nordicmart.andreevmaster.com\/sv\/wp-json\/wp\/v2\/media?parent=14159"}],"wp:term":[{"taxonomy":"product_brand","embeddable":true,"href":"https:\/\/nordicmart.andreevmaster.com\/sv\/wp-json\/wp\/v2\/product_brand?post=14159"},{"taxonomy":"product_cat","embeddable":true,"href":"https:\/\/nordicmart.andreevmaster.com\/sv\/wp-json\/wp\/v2\/product_cat?post=14159"},{"taxonomy":"product_tag","embeddable":true,"href":"https:\/\/nordicmart.andreevmaster.com\/sv\/wp-json\/wp\/v2\/product_tag?post=14159"}],"curies":[{"name":"wp","href":"https:\/\/api.w.org\/{rel}","templated":true}]}}