{"id":14156,"date":"2026-02-27T00:20:45","date_gmt":"2026-02-27T00:20:45","guid":{"rendered":"https:\/\/nordicmart.andreevmaster.com\/product\/songmics-2-pack-matsalsstolar-med-metallben-och-gratt-sammetoverdrag\/"},"modified":"2026-02-27T08:13:23","modified_gmt":"2026-02-27T08:13:23","slug":"songmics-2-pack-matsalsstolar-med-metallben-och-gratt-sammetoverdrag","status":"publish","type":"product","link":"https:\/\/nordicmart.andreevmaster.com\/sv\/produkt\/songmics-2-pack-matsalsstolar-med-metallben-och-gratt-sammetoverdrag\/","title":{"rendered":"SONGMICS 2-pack  matsalsstolar med metallben och gr\u00e5tt sammet\u00f6verdrag"},"content":{"rendered":"<p>Prova p\u00e5 bekv\u00e4mlighet: Ergonomisk design, mjuk skumplaststoppning, h\u00f6gkvalitativt sammet\u00f6verdrag och h\u00e5llbara metallben \u2013 alla dessa material bildar en solid och bekv\u00e4m stol. \u00c4nnu b\u00e4ttre: stolen har ocks\u00e5 ett vackert utseende som skapar en behaglig atmosf\u00e4r i varje rum. Alltid vid din sida: var du \u00e4n vill sitta och koppla av st\u00e5r denna stoppade stol redo f\u00f6r dig. Oavsett om det \u00e4r i matsalen, vardagsrummet, sovrummet, arbetsrummet eller f\u00f6r att sola p\u00e5 balkongen, passar denna stol alltid f\u00f6r stunder av avkoppling.Produktdetaljer: F\u00e4rg: Gr\u00e5 Material: Pulverlackerade metallben, tr\u00e4skiva, sammet, skumplastkl\u00e4dsel Total storlek: 61 x 55 x 77 cm (L x B x H) Sitth\u00f6jd: 47 cm Sittbredd: 43 cm Sittdjup: 43 cm Ryggst\u00f6dets h\u00f6jd: 36 cm Armst\u00f6dets h\u00f6jd: 70 cm Tjocklek p\u00e5 sittdynan: 6 cm Vikt: 6,2 kg Max. statisk belastningskapacitet: 110 kg Leveransomfattning: 2 x stol 2 x tillbeh\u00f6rspaket 2 x bruksanvisning (DE, EN, FR, ES, IT) SONGMICS Anm\u00e4rkningar: Uts\u00e4tt inte produkten f\u00f6r direkt solljus.H\u00e5ll produkten borta fr\u00e5n vassa eller skarpa f\u00f6rem\u00e5l f\u00f6r att undvika skador. St\u00e4ll dig inte p\u00e5 stolen och anv\u00e4nd den inte som steghj\u00e4lp eller stege. Torka av stolen omedelbart med en torr trasa om den blir v\u00e5t. St\u00e4ll stolen p\u00e5 ett plant underlag.<\/p>\n","protected":false},"excerpt":{"rendered":"<p>SONGMICS matsalsstol, f\u00e5t\u00f6lj, stoppad stol med armst\u00f6d, metallben, sammetskl\u00e4dsel, t\u00e5l belastning upp till 110 kg, f\u00f6r matsal, vardagsrum, sovrum, gr\u00e5 LDC83GY<\/p>\n","protected":false},"featured_media":42199,"comment_status":"open","ping_status":"closed","template":"","meta":[],"product_brand":[],"product_cat":[33],"product_tag":[],"class_list":{"0":"post-14156","1":"product","2":"type-product","3":"status-publish","4":"has-post-thumbnail","6":"product_cat-okategoriserad","8":"first","9":"instock","10":"shipping-taxable","11":"purchasable","12":"product-type-simple"},"_links":{"self":[{"href":"https:\/\/nordicmart.andreevmaster.com\/sv\/wp-json\/wp\/v2\/product\/14156","targetHints":{"allow":["GET"]}}],"collection":[{"href":"https:\/\/nordicmart.andreevmaster.com\/sv\/wp-json\/wp\/v2\/product"}],"about":[{"href":"https:\/\/nordicmart.andreevmaster.com\/sv\/wp-json\/wp\/v2\/types\/product"}],"replies":[{"embeddable":true,"href":"https:\/\/nordicmart.andreevmaster.com\/sv\/wp-json\/wp\/v2\/comments?post=14156"}],"wp:featuredmedia":[{"embeddable":true,"href":"https:\/\/nordicmart.andreevmaster.com\/sv\/wp-json\/wp\/v2\/media\/42199"}],"wp:attachment":[{"href":"https:\/\/nordicmart.andreevmaster.com\/sv\/wp-json\/wp\/v2\/media?parent=14156"}],"wp:term":[{"taxonomy":"product_brand","embeddable":true,"href":"https:\/\/nordicmart.andreevmaster.com\/sv\/wp-json\/wp\/v2\/product_brand?post=14156"},{"taxonomy":"product_cat","embeddable":true,"href":"https:\/\/nordicmart.andreevmaster.com\/sv\/wp-json\/wp\/v2\/product_cat?post=14156"},{"taxonomy":"product_tag","embeddable":true,"href":"https:\/\/nordicmart.andreevmaster.com\/sv\/wp-json\/wp\/v2\/product_tag?post=14156"}],"curies":[{"name":"wp","href":"https:\/\/api.w.org\/{rel}","templated":true}]}}