{"id":14154,"date":"2026-02-27T00:20:44","date_gmt":"2026-02-27T00:20:44","guid":{"rendered":"https:\/\/nordicmart.andreevmaster.com\/product\/songmics-2-pack-moderna-koksstolar-matsalsstolar-gra\/"},"modified":"2026-02-27T08:13:22","modified_gmt":"2026-02-27T08:13:22","slug":"songmics-2-pack-moderna-koksstolar-matsalsstolar-gra","status":"publish","type":"product","link":"https:\/\/nordicmart.andreevmaster.com\/sv\/produkt\/songmics-2-pack-moderna-koksstolar-matsalsstolar-gra\/","title":{"rendered":"SONGMICS 2-pack moderna k\u00f6ksstolar Matsalsstolar Gr\u00e5"},"content":{"rendered":"<p>Produktdetaljer: F\u00e4rg: Gr\u00e5 Material: Pulverlackerat j\u00e4rn, tr\u00e4skiva, sammet, skumplast Total storlek: 57 x 56 x 77 cm (L x B x H) Avst\u00e5nd mellan sits och golv: 47 cm Sitsbredd: 48 cm Sitsdjup: 44 cm Ryggst\u00f6dsh\u00f6jd: 32 cm Avst\u00e5nd mellan armst\u00f6d och golv: 61 cm Sittdynans tjocklek: 5 cm Vikt: 6 kg Max. statisk belastningskapacitet: 110 kg Leveransomfattning: 2 x matsalsstol 2 x tillbeh\u00f6rsset 2 x bruksanvisning SONGMICS Anm\u00e4rkningar:Uts\u00e4tt inte denna produkt f\u00f6r direkt solljus. H\u00e5ll denna produkt borta fr\u00e5n vassa och skarpa f\u00f6rem\u00e5l f\u00f6r att undvika skador p\u00e5 ytan. St\u00e4ll dig inte p\u00e5 denna stol. Anv\u00e4nd den inte heller som steghj\u00e4lp eller stege. Torka av stolen omedelbart om den blir v\u00e5t. Placera produkten p\u00e5 ett plant underlag. Dragkedjan utan zipper p\u00e5 stolens baksida \u00e4r en del av tillverkningsprocessen. F\u00f6rs\u00f6k inte \u00f6ppna den.<\/p>\n","protected":false},"excerpt":{"rendered":"<p>SONGMICS matsalsstol i sammet, modern k\u00f6ksstol, stoppad sammetstol med armst\u00f6d, metallben, elegant design, matsal, vardagsrum, sovrum, k\u00f6k, gr\u00e5 LDC82GY<\/p>\n","protected":false},"featured_media":42197,"comment_status":"open","ping_status":"closed","template":"","meta":[],"product_brand":[],"product_cat":[33],"product_tag":[],"class_list":{"0":"post-14154","1":"product","2":"type-product","3":"status-publish","4":"has-post-thumbnail","6":"product_cat-okategoriserad","8":"first","9":"instock","10":"shipping-taxable","11":"purchasable","12":"product-type-simple"},"_links":{"self":[{"href":"https:\/\/nordicmart.andreevmaster.com\/sv\/wp-json\/wp\/v2\/product\/14154","targetHints":{"allow":["GET"]}}],"collection":[{"href":"https:\/\/nordicmart.andreevmaster.com\/sv\/wp-json\/wp\/v2\/product"}],"about":[{"href":"https:\/\/nordicmart.andreevmaster.com\/sv\/wp-json\/wp\/v2\/types\/product"}],"replies":[{"embeddable":true,"href":"https:\/\/nordicmart.andreevmaster.com\/sv\/wp-json\/wp\/v2\/comments?post=14154"}],"wp:featuredmedia":[{"embeddable":true,"href":"https:\/\/nordicmart.andreevmaster.com\/sv\/wp-json\/wp\/v2\/media\/42197"}],"wp:attachment":[{"href":"https:\/\/nordicmart.andreevmaster.com\/sv\/wp-json\/wp\/v2\/media?parent=14154"}],"wp:term":[{"taxonomy":"product_brand","embeddable":true,"href":"https:\/\/nordicmart.andreevmaster.com\/sv\/wp-json\/wp\/v2\/product_brand?post=14154"},{"taxonomy":"product_cat","embeddable":true,"href":"https:\/\/nordicmart.andreevmaster.com\/sv\/wp-json\/wp\/v2\/product_cat?post=14154"},{"taxonomy":"product_tag","embeddable":true,"href":"https:\/\/nordicmart.andreevmaster.com\/sv\/wp-json\/wp\/v2\/product_tag?post=14154"}],"curies":[{"name":"wp","href":"https:\/\/api.w.org\/{rel}","templated":true}]}}