{"id":14153,"date":"2026-02-27T00:20:44","date_gmt":"2026-02-27T00:20:44","guid":{"rendered":"https:\/\/nordicmart.andreevmaster.com\/product\/songmics-matsalsstol-i-gratt-sammet\/"},"modified":"2026-02-27T08:13:22","modified_gmt":"2026-02-27T08:13:22","slug":"songmics-matsalsstol-i-gratt-sammet","status":"publish","type":"product","link":"https:\/\/nordicmart.andreevmaster.com\/sv\/produkt\/songmics-matsalsstol-i-gratt-sammet\/","title":{"rendered":"SONGMICS matsalsstol i gr\u00e5tt sammet"},"content":{"rendered":"<p>Visa stil: Denna matstolsstol har inte bara uts\u00f6kta s\u00f6mmar, utan ocks\u00e5 eleganta, ut\u00e5tst\u00e5ende metallben. Visa upp din utm\u00e4rkta smak med denna stol! G\u00f6r ett gott intryck: Oavsett om du vill placera denna prydnad i din matsal, k\u00f6k, vardagsrum, sovrum eller hemmakontor, passar den eleganta stolen in \u00f6verallt och skapar en chic och modern atmosf\u00e4r.Produktdetaljer: F\u00e4rg: Gr\u00e5 Material: Pulverlackerat j\u00e4rn, tr\u00e4skiva, sammet, skumplast Total storlek: 57 x 56 x 77 cm (L x B x H) Avst\u00e5nd mellan sits och golv: 47 cm Sitsbredd: 48 cm Sitsdjup: 44 cm Ryggst\u00f6dsh\u00f6jd: 32 cm Avst\u00e5nd mellan armst\u00f6d och golv: 61 cm Sittdynans tjocklek: 5 cm Vikt: 6 kg Max. statisk belastningskapacitet: 110 kg Leveransomfattning: 1 x matsalsstol 1 x tillbeh\u00f6rsset 1 x bruksanvisning SONGICs anvisningar:Uts\u00e4tt inte denna produkt f\u00f6r direkt solljus. H\u00e5ll denna produkt borta fr\u00e5n vassa och skarpa f\u00f6rem\u00e5l f\u00f6r att undvika skador p\u00e5 ytan. St\u00e4ll dig inte p\u00e5 denna stol. Anv\u00e4nd den inte heller som steghj\u00e4lp eller stege. Torka av stolen omedelbart om den blir v\u00e5t. Placera produkten p\u00e5 ett plant underlag. Dragkedjan utan zipper p\u00e5 stolens baksida \u00e4r en del av tillverkningsprocessen. F\u00f6rs\u00f6k inte \u00f6ppna den.<\/p>\n","protected":false},"excerpt":{"rendered":"<p>SONGMICS matsalsstol i sammet, modern k\u00f6ksstol, stoppad sammetstol med armst\u00f6d, metallben, elegant design, matsal, vardagsrum, sovrum, k\u00f6k, gr\u00e5 LDC82GY<\/p>\n","protected":false},"featured_media":42196,"comment_status":"open","ping_status":"closed","template":"","meta":[],"product_brand":[],"product_cat":[33],"product_tag":[],"class_list":{"0":"post-14153","1":"product","2":"type-product","3":"status-publish","4":"has-post-thumbnail","6":"product_cat-okategoriserad","8":"first","9":"instock","10":"shipping-taxable","11":"purchasable","12":"product-type-simple"},"_links":{"self":[{"href":"https:\/\/nordicmart.andreevmaster.com\/sv\/wp-json\/wp\/v2\/product\/14153","targetHints":{"allow":["GET"]}}],"collection":[{"href":"https:\/\/nordicmart.andreevmaster.com\/sv\/wp-json\/wp\/v2\/product"}],"about":[{"href":"https:\/\/nordicmart.andreevmaster.com\/sv\/wp-json\/wp\/v2\/types\/product"}],"replies":[{"embeddable":true,"href":"https:\/\/nordicmart.andreevmaster.com\/sv\/wp-json\/wp\/v2\/comments?post=14153"}],"wp:featuredmedia":[{"embeddable":true,"href":"https:\/\/nordicmart.andreevmaster.com\/sv\/wp-json\/wp\/v2\/media\/42196"}],"wp:attachment":[{"href":"https:\/\/nordicmart.andreevmaster.com\/sv\/wp-json\/wp\/v2\/media?parent=14153"}],"wp:term":[{"taxonomy":"product_brand","embeddable":true,"href":"https:\/\/nordicmart.andreevmaster.com\/sv\/wp-json\/wp\/v2\/product_brand?post=14153"},{"taxonomy":"product_cat","embeddable":true,"href":"https:\/\/nordicmart.andreevmaster.com\/sv\/wp-json\/wp\/v2\/product_cat?post=14153"},{"taxonomy":"product_tag","embeddable":true,"href":"https:\/\/nordicmart.andreevmaster.com\/sv\/wp-json\/wp\/v2\/product_tag?post=14153"}],"curies":[{"name":"wp","href":"https:\/\/api.w.org\/{rel}","templated":true}]}}