{"id":14151,"date":"2026-02-27T00:20:44","date_gmt":"2026-02-27T00:20:44","guid":{"rendered":"https:\/\/nordicmart.andreevmaster.com\/product\/matstolsats-med-2-gra\/"},"modified":"2026-02-27T08:13:21","modified_gmt":"2026-02-27T08:13:21","slug":"matstolsats-med-2-gra","status":"publish","type":"product","link":"https:\/\/nordicmart.andreevmaster.com\/sv\/produkt\/matstolsats-med-2-gra\/","title":{"rendered":"Matstolsats med 2 gr\u00e5"},"content":{"rendered":"<p>Retrochic med komfort En vacker fasad b\u00f6r inte vara viktigare \u00e4n komfort. Med detta set med 2 velourkl\u00e4dda matstolar f\u00e5r du 2 loungestolar i en trendig retrostil som ger utm\u00e4rkt sittkomfort.  F\u00f6rdelar med stoppade m\u00f6bler &#8211; Enkla kurvor och linjer samt det unika utskurna ryggst\u00f6det ger detta stolsats ett trendigt retrolook som passar till m\u00e5nga olika m\u00f6bler. &#8211; De ut\u00e5tv\u00e4nda stolsbenen ser ut som om de \u00e4r gjorda av tr\u00e4. Men de \u00e4r faktiskt gjorda av robust j\u00e4rn. De stoppade stolarna kan var och en b\u00e4ra en belastning p\u00e5 110 kg. &#8211; Den 7 cm tjocka stoppningen, det f\u00f6rstklassiga velourtyget och j\u00e4rnbenen kombinerar komfort och h\u00e5llbarhet. &#8211; De 4 benen p\u00e5 en stol best\u00e5r av endast 2 delar, s\u00e5 du beh\u00f6ver bara dra \u00e5t 5 skruvar f\u00f6r att montera en av dessa stolar. Det sparar dig v\u00e4rdefull tid. &#8211; Dessa stoppade stolar \u00e4r inte bara l\u00e4mpliga f\u00f6r matsalen. De \u00e4r ocks\u00e5 perfekta f\u00f6r ditt vardagsrum, sovrum, kontor, hotellreception eller lounge och m\u00e5nga andra rum. Produktdetaljer: &#8211; F\u00e4rg: gr\u00e5 &#8211; Material: sammet, j\u00e4rnben med tr\u00e4knoppar, j\u00e4rnstomme, skumstoppning &#8211; Storlek: 47 x 58 x 83,5 cm (L x B x H) &#8211; H\u00f6jd p\u00e5 sits: 47,5 cm &#8211; Bredd p\u00e5 sits: 46 cm &#8211; Djup p\u00e5 sits: 49 cm &#8211; H\u00f6jd p\u00e5 ryggst\u00f6d: 40 cm &#8211; Vikt: 5,5 kg &#8211; Max. statisk belastningskapacitet pr. stol: 110 kg- V\u00e6gt: 5,5 kg. statisk belastningskapacitet pr. stol: 110 kgLeveringsomfang:- 2 x spisebordsstol med fl\u00f8jlsbetr\u00e6k- 2 x beholdere med tilbeh\u00f8r- 1 x manual (DE, EN, FR, ES, IT)SONGMICS instruktioner:- Uds\u00e6t ikke produktet for direkte sollys- Hold venligst produktet v\u00e6k fra skarpe genstande. Hold produktet v\u00e6k fra spidse eller skarpe genstande for at undg\u00e5 skader.<\/p>\n","protected":false},"excerpt":{"rendered":"<p>Retrochic med komfort En vacker fasad b\u00f6r inte vara viktigare \u00e4n komfort. Med detta set med 2 velourkl\u00e4dda matstolar f\u00e5r du 2 loungestolar i en trendig retrostil som ger utm\u00e4rkt sittkomfort. F\u00f6rdelar med stoppade m\u00f6bler &#8211; Enkla kurvor och linjer samt det unika utskurna ryggst\u00f6det ger detta stolsats ett trendigt retrolook som passar till m\u00e5nga [&hellip;]<\/p>\n","protected":false},"featured_media":0,"comment_status":"open","ping_status":"closed","template":"","meta":[],"product_brand":[],"product_cat":[33],"product_tag":[],"class_list":{"0":"post-14151","1":"product","2":"type-product","3":"status-publish","5":"product_cat-okategoriserad","7":"first","8":"instock","9":"shipping-taxable","10":"product-type-simple"},"_links":{"self":[{"href":"https:\/\/nordicmart.andreevmaster.com\/sv\/wp-json\/wp\/v2\/product\/14151","targetHints":{"allow":["GET"]}}],"collection":[{"href":"https:\/\/nordicmart.andreevmaster.com\/sv\/wp-json\/wp\/v2\/product"}],"about":[{"href":"https:\/\/nordicmart.andreevmaster.com\/sv\/wp-json\/wp\/v2\/types\/product"}],"replies":[{"embeddable":true,"href":"https:\/\/nordicmart.andreevmaster.com\/sv\/wp-json\/wp\/v2\/comments?post=14151"}],"wp:attachment":[{"href":"https:\/\/nordicmart.andreevmaster.com\/sv\/wp-json\/wp\/v2\/media?parent=14151"}],"wp:term":[{"taxonomy":"product_brand","embeddable":true,"href":"https:\/\/nordicmart.andreevmaster.com\/sv\/wp-json\/wp\/v2\/product_brand?post=14151"},{"taxonomy":"product_cat","embeddable":true,"href":"https:\/\/nordicmart.andreevmaster.com\/sv\/wp-json\/wp\/v2\/product_cat?post=14151"},{"taxonomy":"product_tag","embeddable":true,"href":"https:\/\/nordicmart.andreevmaster.com\/sv\/wp-json\/wp\/v2\/product_tag?post=14151"}],"curies":[{"name":"wp","href":"https:\/\/api.w.org\/{rel}","templated":true}]}}