{"id":14150,"date":"2026-02-27T00:20:43","date_gmt":"2026-02-27T00:20:43","guid":{"rendered":"https:\/\/nordicmart.andreevmaster.com\/product\/songmics-2-pack-matsalsstolar-med-sammetskladsel-grona\/"},"modified":"2026-02-27T08:13:21","modified_gmt":"2026-02-27T08:13:21","slug":"songmics-2-pack-matsalsstolar-med-sammetskladsel-grona","status":"publish","type":"product","link":"https:\/\/nordicmart.andreevmaster.com\/sv\/produkt\/songmics-2-pack-matsalsstolar-med-sammetskladsel-grona\/","title":{"rendered":"SONGMICS 2-pack matsalsstolar med sammetskl\u00e4dsel, gr\u00f6na"},"content":{"rendered":"<p>Retro-chic med komfort: En snygg fasad b\u00f6r inte vara viktigare \u00e4n komfort. Med detta set best\u00e5ende av 2 matstolar med sammetskl\u00e4dsel f\u00e5r du 2 loungestolar i trendig retrostil som erbjuder utm\u00e4rkt sittkomfort.F\u00f6rdelar med stoppade m\u00f6bler: &#8211; Enkla kurvor och linjer samt det unika utskurna ryggst\u00f6det ger detta stolset sin trendiga retrolook som passar till en m\u00e4ngd olika inredningsdetaljer. &#8211; De ut\u00e5tst\u00e5ende stolsbenen ser ut som om de vore gjorda av tr\u00e4. I sj\u00e4lva verket \u00e4r de dock tillverkade av robust metall. De stoppade stolarna har en belastningskapacitet p\u00e5 120 kg vardera. &#8211; Den 7 cm tjocka stoppningen, det h\u00f6gkvalitativa sammet\u00f6verdraget och metallbenen kombinerar komfort och h\u00e5llbarhet. &#8211; De fyra benen p\u00e5 en stol best\u00e5r av endast tv\u00e5 delar, s\u00e5 du beh\u00f6ver bara dra \u00e5t fem skruvar f\u00f6r att montera en av dessa f\u00e5t\u00f6ljer. P\u00e5 s\u00e5 s\u00e4tt sparar du v\u00e4rdefull tid. &#8211; Dessa stoppade stolar passar inte bara i matsalen. De \u00e4r ocks\u00e5 perfekta f\u00f6r ditt vardagsrum, sovrum, kontor, reception eller lounge p\u00e5 ett hotell samt f\u00f6r m\u00e5nga andra utrymmen. Produktdetaljer: F\u00e4rg: Gr\u00f6n Material: Sammet, stolsben av metall med tr\u00e4m\u00f6nster, metallstomme, skumplaststoppning Storlek: 51 x 57 x 84 cm (L x B x H) H\u00f6jd p\u00e5 sits: 48 cm Bredd p\u00e5 sits: 46 cm Djup p\u00e5 sits: 48 cm H\u00f6jd p\u00e5 ryggst\u00f6d: 36 cm Vikt: 6,6 kg Max. statisk belastningskapacitet per stol: 120 kg Leveransomfattning: 2 x matsalsstol 2 x tillbeh\u00f6rspaket 1 x bruksanvisning SONGICs anvisningar:Uts\u00e4tt inte produkten f\u00f6r direkt solljus. H\u00e5ll produkten borta fr\u00e5n vassa eller skarpa f\u00f6rem\u00e5l f\u00f6r att undvika skador. St\u00e4ll dig inte p\u00e5 stolen och anv\u00e4nd den inte som steghj\u00e4lp eller stege. Torka av stolen omedelbart med en torr trasa om den blir v\u00e5t. St\u00e4ll stolen p\u00e5 ett plant underlag.<\/p>\n","protected":false},"excerpt":{"rendered":"<p>SONGMICS matsalsstolar, 2-pack, k\u00f6ksstolar, stoppade stolar med metallben, vardagsrumsstolar, loungestolar, sammetskl\u00e4dsel, mjuk sits och ryggst\u00f6d, gr\u00e5 LDC81GY<\/p>\n","protected":false},"featured_media":42194,"comment_status":"open","ping_status":"closed","template":"","meta":[],"product_brand":[],"product_cat":[33],"product_tag":[],"class_list":{"0":"post-14150","1":"product","2":"type-product","3":"status-publish","4":"has-post-thumbnail","6":"product_cat-okategoriserad","8":"first","9":"instock","10":"shipping-taxable","11":"purchasable","12":"product-type-simple"},"_links":{"self":[{"href":"https:\/\/nordicmart.andreevmaster.com\/sv\/wp-json\/wp\/v2\/product\/14150","targetHints":{"allow":["GET"]}}],"collection":[{"href":"https:\/\/nordicmart.andreevmaster.com\/sv\/wp-json\/wp\/v2\/product"}],"about":[{"href":"https:\/\/nordicmart.andreevmaster.com\/sv\/wp-json\/wp\/v2\/types\/product"}],"replies":[{"embeddable":true,"href":"https:\/\/nordicmart.andreevmaster.com\/sv\/wp-json\/wp\/v2\/comments?post=14150"}],"wp:featuredmedia":[{"embeddable":true,"href":"https:\/\/nordicmart.andreevmaster.com\/sv\/wp-json\/wp\/v2\/media\/42194"}],"wp:attachment":[{"href":"https:\/\/nordicmart.andreevmaster.com\/sv\/wp-json\/wp\/v2\/media?parent=14150"}],"wp:term":[{"taxonomy":"product_brand","embeddable":true,"href":"https:\/\/nordicmart.andreevmaster.com\/sv\/wp-json\/wp\/v2\/product_brand?post=14150"},{"taxonomy":"product_cat","embeddable":true,"href":"https:\/\/nordicmart.andreevmaster.com\/sv\/wp-json\/wp\/v2\/product_cat?post=14150"},{"taxonomy":"product_tag","embeddable":true,"href":"https:\/\/nordicmart.andreevmaster.com\/sv\/wp-json\/wp\/v2\/product_tag?post=14150"}],"curies":[{"name":"wp","href":"https:\/\/api.w.org\/{rel}","templated":true}]}}