{"id":14149,"date":"2026-02-27T00:20:43","date_gmt":"2026-02-27T00:20:43","guid":{"rendered":"https:\/\/nordicmart.andreevmaster.com\/product\/songmics-barstol-2-pack-konstlader-brunt\/"},"modified":"2026-02-27T08:13:21","modified_gmt":"2026-02-27T08:13:21","slug":"songmics-barstol-2-pack-konstlader-brunt","status":"publish","type":"product","link":"https:\/\/nordicmart.andreevmaster.com\/sv\/produkt\/songmics-barstol-2-pack-konstlader-brunt\/","title":{"rendered":"SONGMICS Barstol 2-pack Konstl\u00e4der Brunt"},"content":{"rendered":"<p>En bekv\u00e4m och samtidigt stilfull sittplats f\u00f6r daglig anv\u00e4ndning. V\u00e5r barstol har en gener\u00f6st vadderad sits som \u00e4r kl\u00e4dd med PU-tyg, vilket g\u00f6r den l\u00e4ttsk\u00f6tt och enkel att reng\u00f6ra. Oavsett om den anv\u00e4nds som ers\u00e4ttning f\u00f6r en matstolsstol vid k\u00f6ks\u00f6n, som flexibel sittplats (t.ex. f\u00f6r musiker) eller helt enkelt som en vanlig barstol. Barstolen g\u00f6r dig g\u00e4rna s\u00e4llskap n\u00e4r du tar en drink i din hembar.  Anvisningar: &#8211; F\u00f6r varaktig stabilitet och s\u00e4kerhet rekommenderar vi att du regelbundet kontrollerar skruvarnas skick och drar \u00e5t dem. Upprepad montering och demontering rekommenderas inte. &#8211; Gunga aldrig n\u00e4r du sitter, och alla fyra benen ska vara i kontakt med golvet. Produktdetaljer: &#8211; F\u00e4rg: brun &#8211; Kl\u00e4dsel: PU &#8211; Ben: gummitr\u00e4 (svartlackerat) &#8211; Sitsram: furu &#8211; Sitsplatta: Plywood &#8211; M\u00e5tt: 36 x 76 x 36 cm (B x H x D) &#8211; Sitth\u00f6jd: 76 cm &#8211; Nettovikt: 6,55 kg\/stol &#8211; Max. belastning: 110 kg Leveransomfattning: &#8211; 2 x barstolar &#8211; 2 x beslagsp\u00e5se &#8211; 1 x bruksanvisning (DE, EN, IT, FR, ES)<\/p>\n","protected":false},"excerpt":{"rendered":"<p>SONGMICS Barstolar, 2-pack, stoppad barstol i tr\u00e4, bistrostol med ryggst\u00f6d, sitth\u00f6jd 76 cm, stolsben i massivt tr\u00e4, med fotst\u00f6d, konstl\u00e4der, brun, LDC33BR<\/p>\n","protected":false},"featured_media":42193,"comment_status":"open","ping_status":"closed","template":"","meta":[],"product_brand":[],"product_cat":[33],"product_tag":[],"class_list":{"0":"post-14149","1":"product","2":"type-product","3":"status-publish","4":"has-post-thumbnail","6":"product_cat-okategoriserad","8":"first","9":"instock","10":"shipping-taxable","11":"purchasable","12":"product-type-simple"},"_links":{"self":[{"href":"https:\/\/nordicmart.andreevmaster.com\/sv\/wp-json\/wp\/v2\/product\/14149","targetHints":{"allow":["GET"]}}],"collection":[{"href":"https:\/\/nordicmart.andreevmaster.com\/sv\/wp-json\/wp\/v2\/product"}],"about":[{"href":"https:\/\/nordicmart.andreevmaster.com\/sv\/wp-json\/wp\/v2\/types\/product"}],"replies":[{"embeddable":true,"href":"https:\/\/nordicmart.andreevmaster.com\/sv\/wp-json\/wp\/v2\/comments?post=14149"}],"wp:featuredmedia":[{"embeddable":true,"href":"https:\/\/nordicmart.andreevmaster.com\/sv\/wp-json\/wp\/v2\/media\/42193"}],"wp:attachment":[{"href":"https:\/\/nordicmart.andreevmaster.com\/sv\/wp-json\/wp\/v2\/media?parent=14149"}],"wp:term":[{"taxonomy":"product_brand","embeddable":true,"href":"https:\/\/nordicmart.andreevmaster.com\/sv\/wp-json\/wp\/v2\/product_brand?post=14149"},{"taxonomy":"product_cat","embeddable":true,"href":"https:\/\/nordicmart.andreevmaster.com\/sv\/wp-json\/wp\/v2\/product_cat?post=14149"},{"taxonomy":"product_tag","embeddable":true,"href":"https:\/\/nordicmart.andreevmaster.com\/sv\/wp-json\/wp\/v2\/product_tag?post=14149"}],"curies":[{"name":"wp","href":"https:\/\/api.w.org\/{rel}","templated":true}]}}