{"id":14146,"date":"2026-02-27T00:20:43","date_gmt":"2026-02-27T00:20:43","guid":{"rendered":"https:\/\/nordicmart.andreevmaster.com\/product\/songmics-barstolar-2-pack-morkgra\/"},"modified":"2026-02-27T08:13:20","modified_gmt":"2026-02-27T08:13:20","slug":"songmics-barstolar-2-pack-morkgra","status":"publish","type":"product","link":"https:\/\/nordicmart.andreevmaster.com\/sv\/produkt\/songmics-barstolar-2-pack-morkgra\/","title":{"rendered":"SONGMICS Barstolar, 2-pack, m\u00f6rkgr\u00e5"},"content":{"rendered":"<p>Den stoppade barstolen med ryggst\u00f6d \u00e4r en riktig klassiker. Den har h\u00f6g sittkomfort tack vare det vackra och helt stoppade ryggst\u00f6det och sittytan samt en rimlig sitth\u00f6jd med fotst\u00f6d, s\u00e5 att du kan njuta av en avslappnad stund medan du \u00e4ter eller dricker. Perfekt f\u00f6r disk, bar, vardagsrum, k\u00f6k eller tr\u00e4dg\u00e5rd! Produktdetaljer:- F\u00e4rg: m\u00f6rkgr\u00e5, naturf\u00e4rgad &#8211; Kl\u00e4dsel: imiterat linne &#8211; Ryggstomme och ben: gummitr\u00e4 (lackerat med klarlack) &#8211; Sittstomme: furu &#8211; Sitsplatta: plywood &#8211; M\u00e5tt: 39 x 99,5 x 51,5 cm (B x H x D) &#8211; Sitth\u00f6jd: 71 cm; Sittdjup: 36 cm; Sittbredd: 39 cm- Nettovikt: 6,15 kg\/stol- Max. belastningskapacitet: 120 kgLeveransomfattning:- 2 x barstolar- 2 x beslagsp\u00e5se- 1 x bruksanvisning (DE, EN, IT, FR, ES)SONGMICS Anm\u00e4rkningar:- F\u00f6r varaktig stabilitet och s\u00e4kerhet rekommenderar vi att du regelbundet kontrollerar skruvarnas skick och drar \u00e5t dem. Upprepad montering och demontering rekommenderas inte. &#8211; Gunga aldrig n\u00e4r du sitter och alla fyra benen ska vara i kontakt med golvet.<\/p>\n","protected":false},"excerpt":{"rendered":"<p>SONGMICS Barstolar, 2-pack, stoppad barstol med ryggst\u00f6d, imiterat linne, sitth\u00f6jd 71,5 cm, stolsben i massivt tr\u00e4, med fotst\u00f6d, m\u00f6rkgr\u00e5 och naturf\u00e4rgad, LDC31GY<\/p>\n","protected":false},"featured_media":42190,"comment_status":"open","ping_status":"closed","template":"","meta":[],"product_brand":[],"product_cat":[33],"product_tag":[],"class_list":{"0":"post-14146","1":"product","2":"type-product","3":"status-publish","4":"has-post-thumbnail","6":"product_cat-okategoriserad","8":"first","9":"instock","10":"shipping-taxable","11":"purchasable","12":"product-type-simple"},"_links":{"self":[{"href":"https:\/\/nordicmart.andreevmaster.com\/sv\/wp-json\/wp\/v2\/product\/14146","targetHints":{"allow":["GET"]}}],"collection":[{"href":"https:\/\/nordicmart.andreevmaster.com\/sv\/wp-json\/wp\/v2\/product"}],"about":[{"href":"https:\/\/nordicmart.andreevmaster.com\/sv\/wp-json\/wp\/v2\/types\/product"}],"replies":[{"embeddable":true,"href":"https:\/\/nordicmart.andreevmaster.com\/sv\/wp-json\/wp\/v2\/comments?post=14146"}],"wp:featuredmedia":[{"embeddable":true,"href":"https:\/\/nordicmart.andreevmaster.com\/sv\/wp-json\/wp\/v2\/media\/42190"}],"wp:attachment":[{"href":"https:\/\/nordicmart.andreevmaster.com\/sv\/wp-json\/wp\/v2\/media?parent=14146"}],"wp:term":[{"taxonomy":"product_brand","embeddable":true,"href":"https:\/\/nordicmart.andreevmaster.com\/sv\/wp-json\/wp\/v2\/product_brand?post=14146"},{"taxonomy":"product_cat","embeddable":true,"href":"https:\/\/nordicmart.andreevmaster.com\/sv\/wp-json\/wp\/v2\/product_cat?post=14146"},{"taxonomy":"product_tag","embeddable":true,"href":"https:\/\/nordicmart.andreevmaster.com\/sv\/wp-json\/wp\/v2\/product_tag?post=14146"}],"curies":[{"name":"wp","href":"https:\/\/api.w.org\/{rel}","templated":true}]}}