{"id":14145,"date":"2026-02-27T00:20:42","date_gmt":"2026-02-27T00:20:42","guid":{"rendered":"https:\/\/nordicmart.andreevmaster.com\/product\/vasagle-ekho-kollektion-matsalsstolar-2-pack-karamellbruna\/"},"modified":"2026-02-27T08:13:20","modified_gmt":"2026-02-27T08:13:20","slug":"vasagle-ekho-kollektion-matsalsstolar-2-pack-karamellbruna","status":"publish","type":"product","link":"https:\/\/nordicmart.andreevmaster.com\/sv\/produkt\/vasagle-ekho-kollektion-matsalsstolar-2-pack-karamellbruna\/","title":{"rendered":"VASAGLE EKHO-kollektion \u2013 matsalsstolar, 2-pack, karamellbruna"},"content":{"rendered":"<p>VASAGLE EKHO-kollektion \u2013 matsalsstolar, 2-pack, k\u00f6ksstolar, konstl\u00e4der, med s\u00f6mmar, mid-century modern-stil, enkel montering, lounge, restaurang<br \/>\nF\u00e4rg: Karamellbrun<br \/>\nMaterial: st\u00e5l, 25D h\u00f6gelastiskt skum, PU-konstl\u00e4der (polyuretan), plywood<br \/>\nStorlek per stol: 55 x 52 x 80,7 cm (D x B x H\uff09<br \/>\nSitsh\u00f6jd: 48,7 cm<br \/>\nTotalvikt: 16,4 kg<br \/>\nMax. statisk belastningskapacitet per stol: 120 kg<\/p>\n","protected":false},"excerpt":{"rendered":"<p>VASAGLE EKHO-kollektion \u2013 matsalsstolar, 2-pack, k\u00f6ksstolar, konstl\u00e4der, med s\u00f6mmar, mid-century modern-stil, enkel montering, lounge, restaurang<\/p>\n","protected":false},"featured_media":42189,"comment_status":"open","ping_status":"closed","template":"","meta":[],"product_brand":[],"product_cat":[33],"product_tag":[],"class_list":{"0":"post-14145","1":"product","2":"type-product","3":"status-publish","4":"has-post-thumbnail","6":"product_cat-okategoriserad","8":"first","9":"instock","10":"shipping-taxable","11":"purchasable","12":"product-type-simple"},"_links":{"self":[{"href":"https:\/\/nordicmart.andreevmaster.com\/sv\/wp-json\/wp\/v2\/product\/14145","targetHints":{"allow":["GET"]}}],"collection":[{"href":"https:\/\/nordicmart.andreevmaster.com\/sv\/wp-json\/wp\/v2\/product"}],"about":[{"href":"https:\/\/nordicmart.andreevmaster.com\/sv\/wp-json\/wp\/v2\/types\/product"}],"replies":[{"embeddable":true,"href":"https:\/\/nordicmart.andreevmaster.com\/sv\/wp-json\/wp\/v2\/comments?post=14145"}],"wp:featuredmedia":[{"embeddable":true,"href":"https:\/\/nordicmart.andreevmaster.com\/sv\/wp-json\/wp\/v2\/media\/42189"}],"wp:attachment":[{"href":"https:\/\/nordicmart.andreevmaster.com\/sv\/wp-json\/wp\/v2\/media?parent=14145"}],"wp:term":[{"taxonomy":"product_brand","embeddable":true,"href":"https:\/\/nordicmart.andreevmaster.com\/sv\/wp-json\/wp\/v2\/product_brand?post=14145"},{"taxonomy":"product_cat","embeddable":true,"href":"https:\/\/nordicmart.andreevmaster.com\/sv\/wp-json\/wp\/v2\/product_cat?post=14145"},{"taxonomy":"product_tag","embeddable":true,"href":"https:\/\/nordicmart.andreevmaster.com\/sv\/wp-json\/wp\/v2\/product_tag?post=14145"}],"curies":[{"name":"wp","href":"https:\/\/api.w.org\/{rel}","templated":true}]}}