{"id":14140,"date":"2026-02-27T00:20:41","date_gmt":"2026-02-27T00:20:41","guid":{"rendered":"https:\/\/nordicmart.andreevmaster.com\/product\/vasagle-ekho-kollektion-matstolar-black-svarta\/"},"modified":"2026-02-27T08:13:19","modified_gmt":"2026-02-27T08:13:19","slug":"vasagle-ekho-kollektion-matstolar-black-svarta","status":"publish","type":"product","link":"https:\/\/nordicmart.andreevmaster.com\/sv\/produkt\/vasagle-ekho-kollektion-matstolar-black-svarta\/","title":{"rendered":"VASAGLE EKHO-kollektion \u2013 matstolar bl\u00e4ck svarta"},"content":{"rendered":"<p>VASAGLE EKHO-kollektion \u2013 matsalsstolar, 2-pack, k\u00f6ksstolar, konstl\u00e4der, med s\u00f6mmar, mid-century modern-stil, enkel montering, lounge, restaurang<br \/>\n&#8211; F\u00e4rg: bl\u00e4ck svart<br \/>\n&#8211; Material: st\u00e5l, 25D h\u00f6gelastiskt skum, PU-konstl\u00e4der (polyuretan), plywood<br \/>\n&#8211; Storlek: 55 x 52 x 79 cm (D x B x H\uff09<br \/>\n&#8211; Sitth\u00f6jd: 45 cm<br \/>\n&#8211; Vikt: 8,2 kg<br \/>\n&#8211; Max. total statisk belastningskapacitet: 120 kg<\/p>\n","protected":false},"excerpt":{"rendered":"<p>VASAGLE EKHO-kollektion \u2013 matsalsstolar, 2-pack, k\u00f6ksstolar, konstl\u00e4der, med s\u00f6mmar, mid-century modern-stil, enkel montering, lounge, restaurang<\/p>\n","protected":false},"featured_media":42185,"comment_status":"open","ping_status":"closed","template":"","meta":[],"product_brand":[],"product_cat":[33],"product_tag":[],"class_list":{"0":"post-14140","1":"product","2":"type-product","3":"status-publish","4":"has-post-thumbnail","6":"product_cat-okategoriserad","8":"first","9":"instock","10":"shipping-taxable","11":"purchasable","12":"product-type-simple"},"_links":{"self":[{"href":"https:\/\/nordicmart.andreevmaster.com\/sv\/wp-json\/wp\/v2\/product\/14140","targetHints":{"allow":["GET"]}}],"collection":[{"href":"https:\/\/nordicmart.andreevmaster.com\/sv\/wp-json\/wp\/v2\/product"}],"about":[{"href":"https:\/\/nordicmart.andreevmaster.com\/sv\/wp-json\/wp\/v2\/types\/product"}],"replies":[{"embeddable":true,"href":"https:\/\/nordicmart.andreevmaster.com\/sv\/wp-json\/wp\/v2\/comments?post=14140"}],"wp:featuredmedia":[{"embeddable":true,"href":"https:\/\/nordicmart.andreevmaster.com\/sv\/wp-json\/wp\/v2\/media\/42185"}],"wp:attachment":[{"href":"https:\/\/nordicmart.andreevmaster.com\/sv\/wp-json\/wp\/v2\/media?parent=14140"}],"wp:term":[{"taxonomy":"product_brand","embeddable":true,"href":"https:\/\/nordicmart.andreevmaster.com\/sv\/wp-json\/wp\/v2\/product_brand?post=14140"},{"taxonomy":"product_cat","embeddable":true,"href":"https:\/\/nordicmart.andreevmaster.com\/sv\/wp-json\/wp\/v2\/product_cat?post=14140"},{"taxonomy":"product_tag","embeddable":true,"href":"https:\/\/nordicmart.andreevmaster.com\/sv\/wp-json\/wp\/v2\/product_tag?post=14140"}],"curies":[{"name":"wp","href":"https:\/\/api.w.org\/{rel}","templated":true}]}}