{"id":14137,"date":"2026-02-27T00:20:40","date_gmt":"2026-02-27T00:20:40","guid":{"rendered":"https:\/\/nordicmart.andreevmaster.com\/product\/vasagle-ekho-kollektion-koksstolar-med-enkel-montering\/"},"modified":"2026-02-27T08:13:19","modified_gmt":"2026-02-27T08:13:19","slug":"vasagle-ekho-kollektion-koksstolar-med-enkel-montering","status":"publish","type":"product","link":"https:\/\/nordicmart.andreevmaster.com\/sv\/produkt\/vasagle-ekho-kollektion-koksstolar-med-enkel-montering\/","title":{"rendered":"VASAGLE EKHO-kollektion \u2013 k\u00f6ksstolar med enkel montering"},"content":{"rendered":"<p>VASAGLE EKHO-kollektion \u2013 matsalsstol, k\u00f6ksstol, konstl\u00e4der, 48,2 cm h\u00f6g, f\u00f6r k\u00f6k, matsal, enkel montering<br \/>\nF\u00e4rg: skogsgr\u00f6n<br \/>\nMaterial: st\u00e5l, 58D formskum, PU-konstl\u00e4der (polyuretan), plywood<br \/>\nStorlek: 48 x 48 x 48,2 cm (D x B x H\uff09<br \/>\nVikt: 5 kg<br \/>\nMax. statisk belastningskapacitet: 120 kg<\/p>\n","protected":false},"excerpt":{"rendered":"<p>VASAGLE EKHO-kollektion \u2013 matsalsstol, k\u00f6ksstol, konstl\u00e4der, 48,2 cm h\u00f6g, f\u00f6r k\u00f6k, matsal, enkel montering<\/p>\n","protected":false},"featured_media":0,"comment_status":"open","ping_status":"closed","template":"","meta":[],"product_brand":[],"product_cat":[33],"product_tag":[],"class_list":{"0":"post-14137","1":"product","2":"type-product","3":"status-publish","5":"product_cat-okategoriserad","7":"first","8":"instock","9":"shipping-taxable","10":"purchasable","11":"product-type-simple"},"_links":{"self":[{"href":"https:\/\/nordicmart.andreevmaster.com\/sv\/wp-json\/wp\/v2\/product\/14137","targetHints":{"allow":["GET"]}}],"collection":[{"href":"https:\/\/nordicmart.andreevmaster.com\/sv\/wp-json\/wp\/v2\/product"}],"about":[{"href":"https:\/\/nordicmart.andreevmaster.com\/sv\/wp-json\/wp\/v2\/types\/product"}],"replies":[{"embeddable":true,"href":"https:\/\/nordicmart.andreevmaster.com\/sv\/wp-json\/wp\/v2\/comments?post=14137"}],"wp:attachment":[{"href":"https:\/\/nordicmart.andreevmaster.com\/sv\/wp-json\/wp\/v2\/media?parent=14137"}],"wp:term":[{"taxonomy":"product_brand","embeddable":true,"href":"https:\/\/nordicmart.andreevmaster.com\/sv\/wp-json\/wp\/v2\/product_brand?post=14137"},{"taxonomy":"product_cat","embeddable":true,"href":"https:\/\/nordicmart.andreevmaster.com\/sv\/wp-json\/wp\/v2\/product_cat?post=14137"},{"taxonomy":"product_tag","embeddable":true,"href":"https:\/\/nordicmart.andreevmaster.com\/sv\/wp-json\/wp\/v2\/product_tag?post=14137"}],"curies":[{"name":"wp","href":"https:\/\/api.w.org\/{rel}","templated":true}]}}