{"id":14134,"date":"2026-02-27T00:20:40","date_gmt":"2026-02-27T00:20:40","guid":{"rendered":"https:\/\/nordicmart.andreevmaster.com\/product\/vasagle-ekho-kollektion-matsalsstol-med-enkel-montering\/"},"modified":"2026-02-27T08:13:18","modified_gmt":"2026-02-27T08:13:18","slug":"vasagle-ekho-kollektion-matsalsstol-med-enkel-montering","status":"publish","type":"product","link":"https:\/\/nordicmart.andreevmaster.com\/sv\/produkt\/vasagle-ekho-kollektion-matsalsstol-med-enkel-montering\/","title":{"rendered":"VASAGLE EKHO-kollektion \u2013 matsalsstol med enkel montering"},"content":{"rendered":"<p>VASAGLE EKHO-kollektion \u2013 matsalsstol, k\u00f6ksstol, konstl\u00e4der, 48,2 cm h\u00f6g, f\u00f6r k\u00f6k, matsal, enkel montering<br \/>\nF\u00e4rg: bl\u00e4ck svart<br \/>\nMaterial: st\u00e5l, 58D formskum, PU-konstl\u00e4der (polyuretan), plywood<br \/>\nStorlek: 48 x 48 x 48,2 cm (D x B x H\uff09<br \/>\nVikt: 2,5 kg<br \/>\nMax. statisk belastningskapacitet: 120 kg<\/p>\n","protected":false},"excerpt":{"rendered":"<p>VASAGLE EKHO-kollektion \u2013 matsalsstol, k\u00f6ksstol, konstl\u00e4der, 48,2 cm h\u00f6g, f\u00f6r k\u00f6k, matsal, enkel montering<\/p>\n","protected":false},"featured_media":42182,"comment_status":"open","ping_status":"closed","template":"","meta":[],"product_brand":[],"product_cat":[33],"product_tag":[],"class_list":{"0":"post-14134","1":"product","2":"type-product","3":"status-publish","4":"has-post-thumbnail","6":"product_cat-okategoriserad","8":"first","9":"instock","10":"shipping-taxable","11":"purchasable","12":"product-type-simple"},"_links":{"self":[{"href":"https:\/\/nordicmart.andreevmaster.com\/sv\/wp-json\/wp\/v2\/product\/14134","targetHints":{"allow":["GET"]}}],"collection":[{"href":"https:\/\/nordicmart.andreevmaster.com\/sv\/wp-json\/wp\/v2\/product"}],"about":[{"href":"https:\/\/nordicmart.andreevmaster.com\/sv\/wp-json\/wp\/v2\/types\/product"}],"replies":[{"embeddable":true,"href":"https:\/\/nordicmart.andreevmaster.com\/sv\/wp-json\/wp\/v2\/comments?post=14134"}],"wp:featuredmedia":[{"embeddable":true,"href":"https:\/\/nordicmart.andreevmaster.com\/sv\/wp-json\/wp\/v2\/media\/42182"}],"wp:attachment":[{"href":"https:\/\/nordicmart.andreevmaster.com\/sv\/wp-json\/wp\/v2\/media?parent=14134"}],"wp:term":[{"taxonomy":"product_brand","embeddable":true,"href":"https:\/\/nordicmart.andreevmaster.com\/sv\/wp-json\/wp\/v2\/product_brand?post=14134"},{"taxonomy":"product_cat","embeddable":true,"href":"https:\/\/nordicmart.andreevmaster.com\/sv\/wp-json\/wp\/v2\/product_cat?post=14134"},{"taxonomy":"product_tag","embeddable":true,"href":"https:\/\/nordicmart.andreevmaster.com\/sv\/wp-json\/wp\/v2\/product_tag?post=14134"}],"curies":[{"name":"wp","href":"https:\/\/api.w.org\/{rel}","templated":true}]}}