{"id":14127,"date":"2026-02-27T00:20:38","date_gmt":"2026-02-27T00:20:38","guid":{"rendered":"https:\/\/nordicmart.andreevmaster.com\/product\/vasagle-matsalsstol-2-pack-med-ryggstod-skogsgron\/"},"modified":"2026-02-27T08:13:17","modified_gmt":"2026-02-27T08:13:17","slug":"vasagle-matsalsstol-2-pack-med-ryggstod-skogsgron","status":"publish","type":"product","link":"https:\/\/nordicmart.andreevmaster.com\/sv\/produkt\/vasagle-matsalsstol-2-pack-med-ryggstod-skogsgron\/","title":{"rendered":"VASAGLE Matsalsstol 2-pack med ryggst\u00f6d skogsgr\u00f6n"},"content":{"rendered":"<p>VASAGLE matsalsstol, k\u00f6ksstol, stoppad stol, konstl\u00e4der, justerbara f\u00f6tter, st\u00e5lben, b\u00f6jt ryggst\u00f6d, f\u00f6r matsal, k\u00f6k<br \/>\nF\u00e4rg: skogsgr\u00f6n<br \/>\nMaterial: plywood, st\u00e5l, skumplast, PU<br \/>\nStorlek: 56 x 50,3 x 81 cm (D x B x H)<br \/>\nSitsens storlek: 41 x 48 cm (D x B)<br \/>\nSitsh\u00f6jd: 38,5 cm<br \/>\nRyggst\u00f6dets h\u00f6jd: 42,5 cm<br \/>\nVikt: 6,2 kg<br \/>\nMax. statisk belastningskapacitet: 120 kg<\/p>\n","protected":false},"excerpt":{"rendered":"<p>VASAGLE matsalsstol, k\u00f6ksstol, stoppad stol, konstl\u00e4der, justerbara f\u00f6tter, st\u00e5lben, b\u00f6jt ryggst\u00f6d, f\u00f6r matsal, k\u00f6k<\/p>\n","protected":false},"featured_media":42175,"comment_status":"open","ping_status":"closed","template":"","meta":[],"product_brand":[],"product_cat":[33],"product_tag":[],"class_list":{"0":"post-14127","1":"product","2":"type-product","3":"status-publish","4":"has-post-thumbnail","6":"product_cat-okategoriserad","8":"first","9":"instock","10":"shipping-taxable","11":"purchasable","12":"product-type-simple"},"_links":{"self":[{"href":"https:\/\/nordicmart.andreevmaster.com\/sv\/wp-json\/wp\/v2\/product\/14127","targetHints":{"allow":["GET"]}}],"collection":[{"href":"https:\/\/nordicmart.andreevmaster.com\/sv\/wp-json\/wp\/v2\/product"}],"about":[{"href":"https:\/\/nordicmart.andreevmaster.com\/sv\/wp-json\/wp\/v2\/types\/product"}],"replies":[{"embeddable":true,"href":"https:\/\/nordicmart.andreevmaster.com\/sv\/wp-json\/wp\/v2\/comments?post=14127"}],"wp:featuredmedia":[{"embeddable":true,"href":"https:\/\/nordicmart.andreevmaster.com\/sv\/wp-json\/wp\/v2\/media\/42175"}],"wp:attachment":[{"href":"https:\/\/nordicmart.andreevmaster.com\/sv\/wp-json\/wp\/v2\/media?parent=14127"}],"wp:term":[{"taxonomy":"product_brand","embeddable":true,"href":"https:\/\/nordicmart.andreevmaster.com\/sv\/wp-json\/wp\/v2\/product_brand?post=14127"},{"taxonomy":"product_cat","embeddable":true,"href":"https:\/\/nordicmart.andreevmaster.com\/sv\/wp-json\/wp\/v2\/product_cat?post=14127"},{"taxonomy":"product_tag","embeddable":true,"href":"https:\/\/nordicmart.andreevmaster.com\/sv\/wp-json\/wp\/v2\/product_tag?post=14127"}],"curies":[{"name":"wp","href":"https:\/\/api.w.org\/{rel}","templated":true}]}}