{"id":14123,"date":"2026-02-27T00:20:37","date_gmt":"2026-02-27T00:20:37","guid":{"rendered":"https:\/\/nordicmart.andreevmaster.com\/product\/2-st-matstolar-koksstolar-vardagsrumsstolar-moderna-metallben-morkgra\/"},"modified":"2026-02-27T08:13:16","modified_gmt":"2026-02-27T08:13:16","slug":"2-st-matstolar-koksstolar-vardagsrumsstolar-moderna-metallben-morkgra","status":"publish","type":"product","link":"https:\/\/nordicmart.andreevmaster.com\/sv\/produkt\/2-st-matstolar-koksstolar-vardagsrumsstolar-moderna-metallben-morkgra\/","title":{"rendered":"2 st matstolar, k\u00f6ksstolar, vardagsrumsstolar, moderna metallben, m\u00f6rkgr\u00e5,"},"content":{"rendered":"<p>[ENKEL MEN STILREN] Rena linjer, svarta ben, rundade kanter och skuren ryggst\u00f6d \u2013 Kombinationen av dessa element ger dessa matstolar ett tilltalande utseende och f\u00e5r g\u00e4sternas \u00f6gon att lysa upp!<\/p>\n<p>[H\u00f6g sittkomfort] Den stora sitsen p\u00e5 41 x 49 cm lindrar trycket p\u00e5 h\u00f6fterna; sittdynan \u00e4r 7 cm tjock och mjuk; tack vare vinkeln mellan ryggst\u00f6det och sitsen (105\u00b0) m\u00f6jligg\u00f6r denna ergonomiska k\u00f6ksstol en bekv\u00e4m sittst\u00e4llning.[H\u00f6gkvalitativa material] Stolens ben \u00e4r tillverkade av stabilt och h\u00e5llbart metall och sitsen \u00e4r tillverkad av en andningsbar blandning av bomull och linne, s\u00e5 att du inte svettas \u00e4ven efter l\u00e5nga sittperioder. [Justerbara ben] De justerbara benen h\u00e5ller k\u00f6ksstolen stabil \u00e4ven p\u00e5 n\u00e5got oj\u00e4mna golv och skyddar samtidigt golvet fr\u00e5n repor. <\/p>\n<p>[Enkel montering] Dessa kl\u00e4dda stolar levereras med m\u00e4rkta delar och l\u00e4ttf\u00f6rst\u00e5eliga instruktioner, s\u00e5 att du snabbt kan montera stolen.<\/p>\n<p>Produktinformation: Stolen \u00e4r enkel och l\u00e4tt att montera och installera:<br \/>\n&#8211; F\u00e4rg: m\u00f6rkgr\u00e5.<br \/>\n&#8211; Material: st\u00e5l, bomull och linne, skumplast, plast.- M\u00e5tt f\u00f6r varje stol: 49,8 x 55 x 81 cm (L x B x H).<br \/>\n&#8211; Sitsens storlek per stol: 41 x 49 cm (BxB).<br \/>\n&#8211; Sitsens h\u00f6jd: 47,5 cm.<br \/>\n&#8211; Vikt per stol: 6,6 kg.- Max. statisk belastning per stol: 120 kg<\/p>\n<p>F\u00f6rpackningen inneh\u00e5ller:<br \/>\n&#8211; 2 x matstolar<br \/>\n&#8211; 2 paket med tillbeh\u00f6r.<br \/>\n&#8211; 2 x bruksanvisningar (engelska spr\u00e5ket garanteras inte).<\/p>\n","protected":false},"excerpt":{"rendered":"<p>[ENKEL MEN STILREN] Rena linjer, svarta ben, rundade kanter och skuren ryggst\u00f6d \u2013 Kombinationen av dessa element ger dessa matstolar ett tilltalande utseende och f\u00e5r g\u00e4sternas \u00f6gon att lysa upp! [H\u00f6g sittkomfort] Den stora sitsen p\u00e5 41 x 49 cm lindrar trycket p\u00e5 h\u00f6fterna; sittdynan \u00e4r 7 cm tjock och mjuk; tack vare vinkeln mellan [&hellip;]<\/p>\n","protected":false},"featured_media":0,"comment_status":"open","ping_status":"closed","template":"","meta":[],"product_brand":[],"product_cat":[33],"product_tag":[],"class_list":{"0":"post-14123","1":"product","2":"type-product","3":"status-publish","5":"product_cat-okategoriserad","7":"first","8":"instock","9":"shipping-taxable","10":"product-type-simple"},"_links":{"self":[{"href":"https:\/\/nordicmart.andreevmaster.com\/sv\/wp-json\/wp\/v2\/product\/14123","targetHints":{"allow":["GET"]}}],"collection":[{"href":"https:\/\/nordicmart.andreevmaster.com\/sv\/wp-json\/wp\/v2\/product"}],"about":[{"href":"https:\/\/nordicmart.andreevmaster.com\/sv\/wp-json\/wp\/v2\/types\/product"}],"replies":[{"embeddable":true,"href":"https:\/\/nordicmart.andreevmaster.com\/sv\/wp-json\/wp\/v2\/comments?post=14123"}],"wp:attachment":[{"href":"https:\/\/nordicmart.andreevmaster.com\/sv\/wp-json\/wp\/v2\/media?parent=14123"}],"wp:term":[{"taxonomy":"product_brand","embeddable":true,"href":"https:\/\/nordicmart.andreevmaster.com\/sv\/wp-json\/wp\/v2\/product_brand?post=14123"},{"taxonomy":"product_cat","embeddable":true,"href":"https:\/\/nordicmart.andreevmaster.com\/sv\/wp-json\/wp\/v2\/product_cat?post=14123"},{"taxonomy":"product_tag","embeddable":true,"href":"https:\/\/nordicmart.andreevmaster.com\/sv\/wp-json\/wp\/v2\/product_tag?post=14123"}],"curies":[{"name":"wp","href":"https:\/\/api.w.org\/{rel}","templated":true}]}}