{"id":14122,"date":"2026-02-27T00:20:37","date_gmt":"2026-02-27T00:20:37","guid":{"rendered":"https:\/\/nordicmart.andreevmaster.com\/product\/vasagle-matsalsstolar-2-pack-med-armstod-modern\/"},"modified":"2026-02-27T08:13:16","modified_gmt":"2026-02-27T08:13:16","slug":"vasagle-matsalsstolar-2-pack-med-armstod-modern","status":"publish","type":"product","link":"https:\/\/nordicmart.andreevmaster.com\/sv\/produkt\/vasagle-matsalsstolar-2-pack-med-armstod-modern\/","title":{"rendered":"VASAGLE matsalsstolar, 2-pack med armst\u00f6d, modern"},"content":{"rendered":"<p>VASAGLE matsalsstolar, 2-pack, k\u00f6ksstolar, stoppade stolar, f\u00e5t\u00f6ljer med armst\u00f6d, metallben, moderna, vardagsrumsstolar, f\u00f6r matsal, k\u00f6k, m\u00f6rkgr\u00e5 LDC102G01<br \/>\nF\u00e4rg: M\u00f6rkgr\u00e5<br \/>\nMaterial: st\u00e5l, bomulls-linne-blandv\u00e4v, skumplast, PU<br \/>\nStorlek per stol: 56,4 x 58 x 81 cm (D x B x H)<br \/>\nSitsens storlek per stol: 44,5 x 50 cm (D x B)<br \/>\nSitsh\u00f6jd: 47,5 cm<br \/>\nVikt per stol: 8,5 kg<br \/>\nMax. statisk belastningskapacitet per stol: 120 kg<\/p>\n","protected":false},"excerpt":{"rendered":"<p>VASAGLE matsalsstolar, 2-pack, k\u00f6ksstolar, stoppade stolar, f\u00e5t\u00f6ljer med armst\u00f6d, metallben, moderna, vardagsrumsstolar, f\u00f6r matsal, k\u00f6k, m\u00f6rkgr\u00e5 LDC102G01<\/p>\n","protected":false},"featured_media":42171,"comment_status":"open","ping_status":"closed","template":"","meta":[],"product_brand":[],"product_cat":[33],"product_tag":[],"class_list":{"0":"post-14122","1":"product","2":"type-product","3":"status-publish","4":"has-post-thumbnail","6":"product_cat-okategoriserad","8":"first","9":"instock","10":"shipping-taxable","11":"purchasable","12":"product-type-simple"},"_links":{"self":[{"href":"https:\/\/nordicmart.andreevmaster.com\/sv\/wp-json\/wp\/v2\/product\/14122","targetHints":{"allow":["GET"]}}],"collection":[{"href":"https:\/\/nordicmart.andreevmaster.com\/sv\/wp-json\/wp\/v2\/product"}],"about":[{"href":"https:\/\/nordicmart.andreevmaster.com\/sv\/wp-json\/wp\/v2\/types\/product"}],"replies":[{"embeddable":true,"href":"https:\/\/nordicmart.andreevmaster.com\/sv\/wp-json\/wp\/v2\/comments?post=14122"}],"wp:featuredmedia":[{"embeddable":true,"href":"https:\/\/nordicmart.andreevmaster.com\/sv\/wp-json\/wp\/v2\/media\/42171"}],"wp:attachment":[{"href":"https:\/\/nordicmart.andreevmaster.com\/sv\/wp-json\/wp\/v2\/media?parent=14122"}],"wp:term":[{"taxonomy":"product_brand","embeddable":true,"href":"https:\/\/nordicmart.andreevmaster.com\/sv\/wp-json\/wp\/v2\/product_brand?post=14122"},{"taxonomy":"product_cat","embeddable":true,"href":"https:\/\/nordicmart.andreevmaster.com\/sv\/wp-json\/wp\/v2\/product_cat?post=14122"},{"taxonomy":"product_tag","embeddable":true,"href":"https:\/\/nordicmart.andreevmaster.com\/sv\/wp-json\/wp\/v2\/product_tag?post=14122"}],"curies":[{"name":"wp","href":"https:\/\/api.w.org\/{rel}","templated":true}]}}