{"id":14120,"date":"2026-02-27T00:20:36","date_gmt":"2026-02-27T00:20:36","guid":{"rendered":"https:\/\/nordicmart.andreevmaster.com\/product\/vasagle-dubbla-matstolar-set-med-2-for-matsalen\/"},"modified":"2026-02-27T08:13:16","modified_gmt":"2026-02-27T08:13:16","slug":"vasagle-dubbla-matstolar-set-med-2-for-matsalen","status":"publish","type":"product","link":"https:\/\/nordicmart.andreevmaster.com\/sv\/produkt\/vasagle-dubbla-matstolar-set-med-2-for-matsalen\/","title":{"rendered":"VASAGLE dubbla matstolar, set med 2 f\u00f6r matsalen"},"content":{"rendered":"<p>VASAGLE dubbla matstolar, k\u00f6ksstolar, set med 2, stolar f\u00f6r matsalen, st\u00e5lram, ergonomisk design, industriell stil, f\u00f6r vardagsrum, matsal<br \/>\nF\u00e4rg: Vintagebrun-svart<br \/>\nMaterial: sp\u00e5nskiva, st\u00e5l<br \/>\nStolens totala storlek: 43,4 x 43 x 95,5 cm (L x B x H)<br \/>\nSitsens storlek: 43,4 x 38,4 cm (L x B)<br \/>\nSitsh\u00f6jd: 44 cm<br \/>\nTotalvikt: 12,1 kg<br \/>\nMax. statisk belastningskapacitet per stol: 100 kg<\/p>\n","protected":false},"excerpt":{"rendered":"<p>VASAGLE dubbla matstolar, k\u00f6ksstolar, set med 2, stolar f\u00f6r matsalen, st\u00e5lram, ergonomisk design, industriell stil, f\u00f6r vardagsrum, matsal<\/p>\n","protected":false},"featured_media":42169,"comment_status":"open","ping_status":"closed","template":"","meta":[],"product_brand":[],"product_cat":[33],"product_tag":[],"class_list":{"0":"post-14120","1":"product","2":"type-product","3":"status-publish","4":"has-post-thumbnail","6":"product_cat-okategoriserad","8":"first","9":"instock","10":"shipping-taxable","11":"purchasable","12":"product-type-simple"},"_links":{"self":[{"href":"https:\/\/nordicmart.andreevmaster.com\/sv\/wp-json\/wp\/v2\/product\/14120","targetHints":{"allow":["GET"]}}],"collection":[{"href":"https:\/\/nordicmart.andreevmaster.com\/sv\/wp-json\/wp\/v2\/product"}],"about":[{"href":"https:\/\/nordicmart.andreevmaster.com\/sv\/wp-json\/wp\/v2\/types\/product"}],"replies":[{"embeddable":true,"href":"https:\/\/nordicmart.andreevmaster.com\/sv\/wp-json\/wp\/v2\/comments?post=14120"}],"wp:featuredmedia":[{"embeddable":true,"href":"https:\/\/nordicmart.andreevmaster.com\/sv\/wp-json\/wp\/v2\/media\/42169"}],"wp:attachment":[{"href":"https:\/\/nordicmart.andreevmaster.com\/sv\/wp-json\/wp\/v2\/media?parent=14120"}],"wp:term":[{"taxonomy":"product_brand","embeddable":true,"href":"https:\/\/nordicmart.andreevmaster.com\/sv\/wp-json\/wp\/v2\/product_brand?post=14120"},{"taxonomy":"product_cat","embeddable":true,"href":"https:\/\/nordicmart.andreevmaster.com\/sv\/wp-json\/wp\/v2\/product_cat?post=14120"},{"taxonomy":"product_tag","embeddable":true,"href":"https:\/\/nordicmart.andreevmaster.com\/sv\/wp-json\/wp\/v2\/product_tag?post=14120"}],"curies":[{"name":"wp","href":"https:\/\/api.w.org\/{rel}","templated":true}]}}