{"id":14114,"date":"2026-02-27T00:20:35","date_gmt":"2026-02-27T00:20:35","guid":{"rendered":"https:\/\/nordicmart.andreevmaster.com\/product\/songmics-matstolsats-med-2-stolar-karamellbrun-black-svart\/"},"modified":"2026-02-27T08:13:14","modified_gmt":"2026-02-27T08:13:14","slug":"songmics-matstolsats-med-2-stolar-karamellbrun-black-svart","status":"publish","type":"product","link":"https:\/\/nordicmart.andreevmaster.com\/sv\/produkt\/songmics-matstolsats-med-2-stolar-karamellbrun-black-svart\/","title":{"rendered":"SONGMICS Matstolsats med 2 stolar karamellbrun-bl\u00e4ck svart"},"content":{"rendered":"<p>SONGMICS matsalsstol 2-pack, k\u00f6ksstol, stoppad stol, belastningskapacitet upp till 120 kg, st\u00e5lben, b\u00f6jt ryggst\u00f6d, f\u00f6r matsal, k\u00f6k, karamellbrun-bl\u00e4ck svart LDC090K01<br \/>\nF\u00e4rg: Karamellbrun-bl\u00e4svart<br \/>\nMaterial: St\u00e5l, plywood, polyester, skumplast<br \/>\nStorlek per stol: 60 x 50,1 x 88,6 cm (D x B x H)<br \/>\nSitsh\u00f6jd: 49 cm<br \/>\nSitsbredd: 50,1 cm<br \/>\nSittdjup: 42,6 cm<br \/>\nRyggst\u00f6dets h\u00f6jd: 39,6 cm<br \/>\nSittdynans tjocklek: 6,3 cm<br \/>\nVikt per stol: 5,6 kg<br \/>\nMax. statisk belastningskapacitet per stol: 120 kg<\/p>\n","protected":false},"excerpt":{"rendered":"<p>SONGMICS matsalsstol 2-pack, k\u00f6ksstol, stoppad stol, belastningskapacitet upp till 120 kg, st\u00e5lben, b\u00f6jt ryggst\u00f6d, f\u00f6r matsal, k\u00f6k, karamellbrun-bl\u00e4ck svart LDC090K01<\/p>\n","protected":false},"featured_media":0,"comment_status":"open","ping_status":"closed","template":"","meta":[],"product_brand":[],"product_cat":[33],"product_tag":[],"class_list":{"0":"post-14114","1":"product","2":"type-product","3":"status-publish","5":"product_cat-okategoriserad","7":"first","8":"instock","9":"shipping-taxable","10":"purchasable","11":"product-type-simple"},"_links":{"self":[{"href":"https:\/\/nordicmart.andreevmaster.com\/sv\/wp-json\/wp\/v2\/product\/14114","targetHints":{"allow":["GET"]}}],"collection":[{"href":"https:\/\/nordicmart.andreevmaster.com\/sv\/wp-json\/wp\/v2\/product"}],"about":[{"href":"https:\/\/nordicmart.andreevmaster.com\/sv\/wp-json\/wp\/v2\/types\/product"}],"replies":[{"embeddable":true,"href":"https:\/\/nordicmart.andreevmaster.com\/sv\/wp-json\/wp\/v2\/comments?post=14114"}],"wp:attachment":[{"href":"https:\/\/nordicmart.andreevmaster.com\/sv\/wp-json\/wp\/v2\/media?parent=14114"}],"wp:term":[{"taxonomy":"product_brand","embeddable":true,"href":"https:\/\/nordicmart.andreevmaster.com\/sv\/wp-json\/wp\/v2\/product_brand?post=14114"},{"taxonomy":"product_cat","embeddable":true,"href":"https:\/\/nordicmart.andreevmaster.com\/sv\/wp-json\/wp\/v2\/product_cat?post=14114"},{"taxonomy":"product_tag","embeddable":true,"href":"https:\/\/nordicmart.andreevmaster.com\/sv\/wp-json\/wp\/v2\/product_tag?post=14114"}],"curies":[{"name":"wp","href":"https:\/\/api.w.org\/{rel}","templated":true}]}}