{"id":14103,"date":"2026-02-27T00:20:32","date_gmt":"2026-02-27T00:20:32","guid":{"rendered":"https:\/\/nordicmart.andreevmaster.com\/product\/songmics-2-pack-matsalsstolar-kladda-stolar-med-armstod-ljusgra\/"},"modified":"2026-02-27T08:13:13","modified_gmt":"2026-02-27T08:13:13","slug":"songmics-2-pack-matsalsstolar-kladda-stolar-med-armstod-ljusgra","status":"publish","type":"product","link":"https:\/\/nordicmart.andreevmaster.com\/sv\/produkt\/songmics-2-pack-matsalsstolar-kladda-stolar-med-armstod-ljusgra\/","title":{"rendered":"SONGMICS 2-pack matsalsstolar Kl\u00e4dda stolar med armst\u00f6d ljusgr\u00e5"},"content":{"rendered":"<p>Prova p\u00e5 bekv\u00e4mlighet: Ergonomisk design, 7 cm tjock skumplaststoppning, h\u00f6gkvalitativt sammet\u00f6verdrag och h\u00e5llbara metallben med en belastning p\u00e5 upp till 110 kg \u2013 dessa element skapar solida och bekv\u00e4ma stolar. \u00c4nnu b\u00e4ttre: Stolarna har ocks\u00e5 ett vackert utseende som skapar en trevlig atmosf\u00e4r i varje rum.Alltid vid din sida: Oavsett var du vill sitta och koppla av st\u00e5r dessa stoppade stolar redo f\u00f6r dig. Oavsett om det \u00e4r i matsalen, vardagsrummet, sovrummet, arbetsrummet eller f\u00f6r att sola p\u00e5 balkongen, dessa stolar \u00e4r alltid perfekta f\u00f6r stunder av avkoppling. Produktdetaljer: F\u00e4rg: Ljusgr\u00e5 Material: Pulverlackerade metallben, tr\u00e4skiva, sammet, skumplaststoppning Storlek per stol: 62,5 x 60 x 85 cm (L x B x H) Sitth\u00f6jd: 50 cm Sittbredd: 49 cm Sittdjup: 44,5 cm Ryggst\u00f6dets h\u00f6jd: 39,5 cm Armst\u00f6dens h\u00f6jd (fr\u00e5n golvet): 64 cm Tjocklek p\u00e5 sittdynan: 7 cm Vikt: 6,5 kg Max. statisk belastningskapacitet per stol: 110 kg Leveransomfattning: 2 x stol 2 x tillbeh\u00f6rspaket 2 x bruksanvisning SONGICs anvisningar: Uts\u00e4tt inte produkten f\u00f6r direkt solljus. H\u00e5ll produkten borta fr\u00e5n vassa eller skarpa f\u00f6rem\u00e5l f\u00f6r att undvika skador.St\u00e4ll dig inte p\u00e5 stolarna och anv\u00e4nd dem inte som steghj\u00e4lp eller stege. Torka av stolarna omedelbart med en torr trasa om de blir v\u00e5ta. St\u00e4ll stolarna p\u00e5 ett plant underlag. En golvmatta under stolarna kan skydda ditt parkettgolv.<\/p>\n","protected":false},"excerpt":{"rendered":"<p>SONGMICS matsalsstol, f\u00e5t\u00f6lj, stoppad stol med armst\u00f6d, sittbredd 49 cm, metallben, sammetskl\u00e4dsel, belastningskapacitet upp till 110 kg, f\u00f6r arbetsrum, vardagsrum, sovrum, gr\u00e5 LDC088G01<\/p>\n","protected":false},"featured_media":42155,"comment_status":"open","ping_status":"closed","template":"","meta":[],"product_brand":[],"product_cat":[33],"product_tag":[],"class_list":{"0":"post-14103","1":"product","2":"type-product","3":"status-publish","4":"has-post-thumbnail","6":"product_cat-okategoriserad","8":"first","9":"instock","10":"shipping-taxable","11":"purchasable","12":"product-type-simple"},"_links":{"self":[{"href":"https:\/\/nordicmart.andreevmaster.com\/sv\/wp-json\/wp\/v2\/product\/14103","targetHints":{"allow":["GET"]}}],"collection":[{"href":"https:\/\/nordicmart.andreevmaster.com\/sv\/wp-json\/wp\/v2\/product"}],"about":[{"href":"https:\/\/nordicmart.andreevmaster.com\/sv\/wp-json\/wp\/v2\/types\/product"}],"replies":[{"embeddable":true,"href":"https:\/\/nordicmart.andreevmaster.com\/sv\/wp-json\/wp\/v2\/comments?post=14103"}],"wp:featuredmedia":[{"embeddable":true,"href":"https:\/\/nordicmart.andreevmaster.com\/sv\/wp-json\/wp\/v2\/media\/42155"}],"wp:attachment":[{"href":"https:\/\/nordicmart.andreevmaster.com\/sv\/wp-json\/wp\/v2\/media?parent=14103"}],"wp:term":[{"taxonomy":"product_brand","embeddable":true,"href":"https:\/\/nordicmart.andreevmaster.com\/sv\/wp-json\/wp\/v2\/product_brand?post=14103"},{"taxonomy":"product_cat","embeddable":true,"href":"https:\/\/nordicmart.andreevmaster.com\/sv\/wp-json\/wp\/v2\/product_cat?post=14103"},{"taxonomy":"product_tag","embeddable":true,"href":"https:\/\/nordicmart.andreevmaster.com\/sv\/wp-json\/wp\/v2\/product_tag?post=14103"}],"curies":[{"name":"wp","href":"https:\/\/api.w.org\/{rel}","templated":true}]}}