{"id":14091,"date":"2026-02-27T00:20:30","date_gmt":"2026-02-27T00:20:30","guid":{"rendered":"https:\/\/nordicmart.andreevmaster.com\/product\/songmics-matstol-med-armstod-pastellrosa-blekguld\/"},"modified":"2026-02-27T08:13:11","modified_gmt":"2026-02-27T08:13:11","slug":"songmics-matstol-med-armstod-pastellrosa-blekguld","status":"publish","type":"product","link":"https:\/\/nordicmart.andreevmaster.com\/sv\/produkt\/songmics-matstol-med-armstod-pastellrosa-blekguld\/","title":{"rendered":"SONGMICS matstol med armst\u00f6d pastellrosa-blekguld"},"content":{"rendered":"<p>SONGMICS Matsalsstolar, 2-pack, f\u00e5t\u00f6ljer, stoppade stolar med armst\u00f6d, metallben, sammetskl\u00e4dsel, sittbredd 49 cm, max. 110 kg, f\u00f6r arbetsrum, vardagsrum, sovrum, ljusgr\u00e5 LDC087G04<br \/>\nF\u00e4rg: Pastellrosa-blekguld<br \/>\nMaterial: Pulverlackerade metallben, tr\u00e4skiva, sammet, skumplastkl\u00e4dsel<br \/>\nTotal storlek: 60 x 62,5 x 85 cm (D x B x H)<br \/>\nSitsh\u00f6jd: 50 cm<br \/>\nSitsbredd: 49 cm<br \/>\nSittdjup: 44,5 cm<br \/>\nRyggst\u00f6dets h\u00f6jd: 39,5 cm<br \/>\nArmst\u00f6dens h\u00f6jd (fr\u00e5n golvet): 64 cm<br \/>\nSittdynans tjocklek: 7 cm<br \/>\nVikt: 6,5 kg<br \/>\nMax. statisk belastningskapacitet: 120 kg<\/p>\n","protected":false},"excerpt":{"rendered":"<p>SONGMICS Matsalsstolar, 2-pack, f\u00e5t\u00f6ljer, stoppade stolar med armst\u00f6d, metallben, sammetskl\u00e4dsel, sittbredd 49 cm, max. 110 kg, f\u00f6r arbetsrum, vardagsrum, sovrum, ljusgr\u00e5 LDC087G04<\/p>\n","protected":false},"featured_media":42143,"comment_status":"open","ping_status":"closed","template":"","meta":[],"product_brand":[],"product_cat":[33],"product_tag":[],"class_list":{"0":"post-14091","1":"product","2":"type-product","3":"status-publish","4":"has-post-thumbnail","6":"product_cat-okategoriserad","8":"first","9":"instock","10":"shipping-taxable","11":"purchasable","12":"product-type-simple"},"_links":{"self":[{"href":"https:\/\/nordicmart.andreevmaster.com\/sv\/wp-json\/wp\/v2\/product\/14091","targetHints":{"allow":["GET"]}}],"collection":[{"href":"https:\/\/nordicmart.andreevmaster.com\/sv\/wp-json\/wp\/v2\/product"}],"about":[{"href":"https:\/\/nordicmart.andreevmaster.com\/sv\/wp-json\/wp\/v2\/types\/product"}],"replies":[{"embeddable":true,"href":"https:\/\/nordicmart.andreevmaster.com\/sv\/wp-json\/wp\/v2\/comments?post=14091"}],"wp:featuredmedia":[{"embeddable":true,"href":"https:\/\/nordicmart.andreevmaster.com\/sv\/wp-json\/wp\/v2\/media\/42143"}],"wp:attachment":[{"href":"https:\/\/nordicmart.andreevmaster.com\/sv\/wp-json\/wp\/v2\/media?parent=14091"}],"wp:term":[{"taxonomy":"product_brand","embeddable":true,"href":"https:\/\/nordicmart.andreevmaster.com\/sv\/wp-json\/wp\/v2\/product_brand?post=14091"},{"taxonomy":"product_cat","embeddable":true,"href":"https:\/\/nordicmart.andreevmaster.com\/sv\/wp-json\/wp\/v2\/product_cat?post=14091"},{"taxonomy":"product_tag","embeddable":true,"href":"https:\/\/nordicmart.andreevmaster.com\/sv\/wp-json\/wp\/v2\/product_tag?post=14091"}],"curies":[{"name":"wp","href":"https:\/\/api.w.org\/{rel}","templated":true}]}}