{"id":14070,"date":"2026-02-27T00:20:25","date_gmt":"2026-02-27T00:20:25","guid":{"rendered":"https:\/\/nordicmart.andreevmaster.com\/product\/songmics-matsalsstol-med-pu-kladsel-for-matsalen-gra\/"},"modified":"2026-02-27T08:13:07","modified_gmt":"2026-02-27T08:13:07","slug":"songmics-matsalsstol-med-pu-kladsel-for-matsalen-gra","status":"publish","type":"product","link":"https:\/\/nordicmart.andreevmaster.com\/sv\/produkt\/songmics-matsalsstol-med-pu-kladsel-for-matsalen-gra\/","title":{"rendered":"SONGMICS matsalsstol med PU-kl\u00e4dsel f\u00f6r matsalen Gr\u00e5"},"content":{"rendered":"<p>Prova p\u00e5 bekv\u00e4mlighet: Ergonomisk design, mjuk skumplaststoppning, h\u00f6gkvalitativ PU-kl\u00e4dsel och h\u00e5llbara metallben \u2013 alla dessa material bildar en solid och bekv\u00e4m stol. \u00c4nnu b\u00e4ttre: stolen har ocks\u00e5 ett vackert utseende som skapar en trevlig atmosf\u00e4r i varje rum. Alltid vid din sida: var du \u00e4n vill sitta och koppla av st\u00e5r denna stoppade stol redo f\u00f6r dig. Oavsett om det \u00e4r i matsalen, vardagsrummet, sovrummet, arbetsrummet eller f\u00f6r att sola p\u00e5 balkongen, passar denna stol alltid f\u00f6r stunder av avkoppling. Produktdetaljer: F\u00e4rg: Gr\u00e5 Material: Pulverlackerade metallben, tr\u00e4skiva, PU, skumplastkl\u00e4dsel Total storlek: 54 x 57 x 79,5 cm (L x B x H) Sitth\u00f6jd: 47 cm Sittbredd: 46,5 cm Sittdjup: 45,5 cm Ryggst\u00f6dets h\u00f6jd: 41 cm Armst\u00f6dets h\u00f6jd: 61,5 cm Vikt: 5,9 kg Max. statisk belastningskapacitet: 110 kg Leveransomfattning: 1 x stol 1 x tillbeh\u00f6rspaket 1 x bruksanvisning (DE, EN, FR, ES, IT) SONGMICS Anm\u00e4rkningar: Uts\u00e4tt inte produkten f\u00f6r direkt solljus. H\u00e5ll produkten borta fr\u00e5n vassa eller skarpa f\u00f6rem\u00e5l f\u00f6r att undvika skador.St\u00e4ll dig inte p\u00e5 stolen och anv\u00e4nd den inte som steghj\u00e4lp eller stege. Torka av stolen omedelbart med en torr trasa om den blir v\u00e5t. St\u00e4ll stolen p\u00e5 ett plant underlag. En golvmatta under stolen kan skydda ditt parkettgolv.<\/p>\n","protected":false},"excerpt":{"rendered":"<p>SONGMICS Matsalsstol, f\u00e5t\u00f6lj, stoppad stol med armst\u00f6d, PU-kl\u00e4dsel, vintage, belastningskapacitet upp till 110 kg, f\u00f6r matsal, vardagsrum, sovrum, brun LDC085K01<\/p>\n","protected":false},"featured_media":42122,"comment_status":"open","ping_status":"closed","template":"","meta":[],"product_brand":[],"product_cat":[33],"product_tag":[],"class_list":{"0":"post-14070","1":"product","2":"type-product","3":"status-publish","4":"has-post-thumbnail","6":"product_cat-okategoriserad","8":"first","9":"instock","10":"shipping-taxable","11":"purchasable","12":"product-type-simple"},"_links":{"self":[{"href":"https:\/\/nordicmart.andreevmaster.com\/sv\/wp-json\/wp\/v2\/product\/14070","targetHints":{"allow":["GET"]}}],"collection":[{"href":"https:\/\/nordicmart.andreevmaster.com\/sv\/wp-json\/wp\/v2\/product"}],"about":[{"href":"https:\/\/nordicmart.andreevmaster.com\/sv\/wp-json\/wp\/v2\/types\/product"}],"replies":[{"embeddable":true,"href":"https:\/\/nordicmart.andreevmaster.com\/sv\/wp-json\/wp\/v2\/comments?post=14070"}],"wp:featuredmedia":[{"embeddable":true,"href":"https:\/\/nordicmart.andreevmaster.com\/sv\/wp-json\/wp\/v2\/media\/42122"}],"wp:attachment":[{"href":"https:\/\/nordicmart.andreevmaster.com\/sv\/wp-json\/wp\/v2\/media?parent=14070"}],"wp:term":[{"taxonomy":"product_brand","embeddable":true,"href":"https:\/\/nordicmart.andreevmaster.com\/sv\/wp-json\/wp\/v2\/product_brand?post=14070"},{"taxonomy":"product_cat","embeddable":true,"href":"https:\/\/nordicmart.andreevmaster.com\/sv\/wp-json\/wp\/v2\/product_cat?post=14070"},{"taxonomy":"product_tag","embeddable":true,"href":"https:\/\/nordicmart.andreevmaster.com\/sv\/wp-json\/wp\/v2\/product_tag?post=14070"}],"curies":[{"name":"wp","href":"https:\/\/api.w.org\/{rel}","templated":true}]}}