{"id":14069,"date":"2026-02-27T00:20:24","date_gmt":"2026-02-27T00:20:24","guid":{"rendered":"https:\/\/nordicmart.andreevmaster.com\/product\/songmics-matsalsstolar-2-pack-grona\/"},"modified":"2026-02-27T08:13:07","modified_gmt":"2026-02-27T08:13:07","slug":"songmics-matsalsstolar-2-pack-grona","status":"publish","type":"product","link":"https:\/\/nordicmart.andreevmaster.com\/sv\/produkt\/songmics-matsalsstolar-2-pack-grona\/","title":{"rendered":"SONGMICS matsalsstolar, 2-pack, gr\u00f6na"},"content":{"rendered":"<p>Stil med komfort: En snygg fasad b\u00f6r inte vara viktigare \u00e4n komfort. Med detta set best\u00e5ende av 2 sammetkl\u00e4dda matsalsstolar f\u00e5r du 2 moderna loungestolar som erbjuder utm\u00e4rkt sittkomfort.Alltid vid din sida: 5 cm tjock skumdynning, h\u00f6gkvalitativt sammet\u00f6verdrag, ergonomiskt formad sittsk\u00e5l \u2013 dessa stoppade stolar \u00e4r oemotst\u00e5ndliga f\u00f6r alla som letar efter en mjuk och bekv\u00e4m sittplats till matsalen. S\u00e4tt dig p\u00e5 en av dessa stolar och njut av en kopp kaffe p\u00e5 morgonen eller kalla drycker p\u00e5 varma sommardagar. Dessutom \u00e4r dessa k\u00f6ksstolar utrustade med 4 robusta j\u00e4rnben, vilket ger en h\u00f6g statisk belastningskapacitet (upp till 110 kg). Produktdetaljer: F\u00e4rg: Gr\u00f6n Material: Pulverlackerat metall, polypropen (PP), sammet Total storlek: 48,5 x 54 x 79 cm (L x B x H) Sitth\u00f6jd: 46 cm Sittbredd: 48,5 cm Sittdjup: 42 cm Ryggst\u00f6dets h\u00f6jd: 33 cm Sittdynans tjocklek: 5 cm Vikt per stol: 5,5 kg Max. statisk belastningskapacitet per stol: 110 kg Leveransomfattning: 2 x matsalsstol 2 x tillbeh\u00f6rspaket 1 x bruksanvisning SONGICs anvisningar: Uts\u00e4tt inte produkten f\u00f6r direkt solljus. H\u00e5ll produkten borta fr\u00e5n vassa eller skarpa f\u00f6rem\u00e5l f\u00f6r att undvika skador.St\u00e4ll dig inte p\u00e5 stolen och anv\u00e4nd den inte som steghj\u00e4lp eller stege. Torka av stolen omedelbart med en torr trasa om den blir v\u00e5t. St\u00e4ll stolen p\u00e5 ett plant underlag.<\/p>\n","protected":false},"excerpt":{"rendered":"<p>SONGMICS Matsalsstolar, 2-pack, moderna k\u00f6ksstolar, stoppade stolar med j\u00e4rnben, behagligt sl\u00e4t sammetyta, loungestolar, gr\u00e5 LDC84GY<\/p>\n","protected":false},"featured_media":42121,"comment_status":"open","ping_status":"closed","template":"","meta":[],"product_brand":[],"product_cat":[33],"product_tag":[],"class_list":{"0":"post-14069","1":"product","2":"type-product","3":"status-publish","4":"has-post-thumbnail","6":"product_cat-okategoriserad","8":"first","9":"instock","10":"shipping-taxable","11":"purchasable","12":"product-type-simple"},"_links":{"self":[{"href":"https:\/\/nordicmart.andreevmaster.com\/sv\/wp-json\/wp\/v2\/product\/14069","targetHints":{"allow":["GET"]}}],"collection":[{"href":"https:\/\/nordicmart.andreevmaster.com\/sv\/wp-json\/wp\/v2\/product"}],"about":[{"href":"https:\/\/nordicmart.andreevmaster.com\/sv\/wp-json\/wp\/v2\/types\/product"}],"replies":[{"embeddable":true,"href":"https:\/\/nordicmart.andreevmaster.com\/sv\/wp-json\/wp\/v2\/comments?post=14069"}],"wp:featuredmedia":[{"embeddable":true,"href":"https:\/\/nordicmart.andreevmaster.com\/sv\/wp-json\/wp\/v2\/media\/42121"}],"wp:attachment":[{"href":"https:\/\/nordicmart.andreevmaster.com\/sv\/wp-json\/wp\/v2\/media?parent=14069"}],"wp:term":[{"taxonomy":"product_brand","embeddable":true,"href":"https:\/\/nordicmart.andreevmaster.com\/sv\/wp-json\/wp\/v2\/product_brand?post=14069"},{"taxonomy":"product_cat","embeddable":true,"href":"https:\/\/nordicmart.andreevmaster.com\/sv\/wp-json\/wp\/v2\/product_cat?post=14069"},{"taxonomy":"product_tag","embeddable":true,"href":"https:\/\/nordicmart.andreevmaster.com\/sv\/wp-json\/wp\/v2\/product_tag?post=14069"}],"curies":[{"name":"wp","href":"https:\/\/api.w.org\/{rel}","templated":true}]}}