{"id":14068,"date":"2026-02-27T00:20:24","date_gmt":"2026-02-27T00:20:24","guid":{"rendered":"https:\/\/nordicmart.andreevmaster.com\/product\/songmics-matsalsstol-med-pu-kladsel-och-armstod\/"},"modified":"2026-02-27T08:13:06","modified_gmt":"2026-02-27T08:13:06","slug":"songmics-matsalsstol-med-pu-kladsel-och-armstod","status":"publish","type":"product","link":"https:\/\/nordicmart.andreevmaster.com\/sv\/produkt\/songmics-matsalsstol-med-pu-kladsel-och-armstod\/","title":{"rendered":"SONGMICS matsalsstol med PU-kl\u00e4dsel och armst\u00f6d"},"content":{"rendered":"<p>Prova p\u00e5 bekv\u00e4mlighet: Ergonomisk design, 7 cm tjock skumplaststoppning, h\u00f6gkvalitativt PU-\u00f6verdrag och h\u00e5llbara metallben med en belastning p\u00e5 upp till 110 kg \u2013 dessa element skapar en stabil och bekv\u00e4m stol. \u00c4nnu b\u00e4ttre: stolen har ocks\u00e5 ett vackert utseende som skapar en trevlig atmosf\u00e4r i varje rum. Alltid vid din sida: var du \u00e4n vill sitta och koppla av st\u00e5r denna stoppade stol redo f\u00f6r dig. Oavsett om det \u00e4r i matsalen, vardagsrummet, sovrummet, arbetsrummet eller f\u00f6r att sola p\u00e5 balkongen, passar denna stol alltid f\u00f6r stunder av avkoppling. Produktdetaljer: F\u00e4rg: gr\u00e5 Material: Pulverlackerade metallben, tr\u00e4skiva, PU, skumplastkl\u00e4dsel Total storlek: 62,5 x 60 x 85 cm (L x B x H) Sitth\u00f6jd: 50 cm Sittbredd: 49 cm Sittdjup: 44,5 cm Ryggst\u00f6dets h\u00f6jd: 39,5 cm Armst\u00f6dens h\u00f6jd (fr\u00e5n golvet): 64 cm Tjocklek p\u00e5 sittdynan: 7 cm Vikt: 6,5 kg Max. statisk belastningskapacitet: 110 kg Leveransomfattning: 1 x stol 1 x tillbeh\u00f6rspaket 1 x bruksanvisning SONGICs anvisningar: Uts\u00e4tt inte produkten f\u00f6r direkt solljus. H\u00e5ll produkten borta fr\u00e5n vassa eller skarpa f\u00f6rem\u00e5l f\u00f6r att undvika skador.St\u00e4ll dig inte p\u00e5 stolen och anv\u00e4nd den inte som steghj\u00e4lp eller stege. Torka av stolen omedelbart med en torr trasa om den blir v\u00e5t. St\u00e4ll stolen p\u00e5 ett plant underlag. En golvmatta under stolen kan skydda ditt parkettgolv.<\/p>\n","protected":false},"excerpt":{"rendered":"<p>SONGMICS f\u00e5t\u00f6lj, loungestol, matsalsstol, stoppad stol med armst\u00f6d, PU-kl\u00e4dsel, vintage, belastningskapacitet upp till 110 kg, f\u00f6r matsal, vardagsrum, sovrum, gr\u00e5 LDC079G01<\/p>\n","protected":false},"featured_media":42120,"comment_status":"open","ping_status":"closed","template":"","meta":[],"product_brand":[],"product_cat":[33],"product_tag":[],"class_list":{"0":"post-14068","1":"product","2":"type-product","3":"status-publish","4":"has-post-thumbnail","6":"product_cat-okategoriserad","8":"first","9":"instock","10":"shipping-taxable","11":"purchasable","12":"product-type-simple"},"_links":{"self":[{"href":"https:\/\/nordicmart.andreevmaster.com\/sv\/wp-json\/wp\/v2\/product\/14068","targetHints":{"allow":["GET"]}}],"collection":[{"href":"https:\/\/nordicmart.andreevmaster.com\/sv\/wp-json\/wp\/v2\/product"}],"about":[{"href":"https:\/\/nordicmart.andreevmaster.com\/sv\/wp-json\/wp\/v2\/types\/product"}],"replies":[{"embeddable":true,"href":"https:\/\/nordicmart.andreevmaster.com\/sv\/wp-json\/wp\/v2\/comments?post=14068"}],"wp:featuredmedia":[{"embeddable":true,"href":"https:\/\/nordicmart.andreevmaster.com\/sv\/wp-json\/wp\/v2\/media\/42120"}],"wp:attachment":[{"href":"https:\/\/nordicmart.andreevmaster.com\/sv\/wp-json\/wp\/v2\/media?parent=14068"}],"wp:term":[{"taxonomy":"product_brand","embeddable":true,"href":"https:\/\/nordicmart.andreevmaster.com\/sv\/wp-json\/wp\/v2\/product_brand?post=14068"},{"taxonomy":"product_cat","embeddable":true,"href":"https:\/\/nordicmart.andreevmaster.com\/sv\/wp-json\/wp\/v2\/product_cat?post=14068"},{"taxonomy":"product_tag","embeddable":true,"href":"https:\/\/nordicmart.andreevmaster.com\/sv\/wp-json\/wp\/v2\/product_tag?post=14068"}],"curies":[{"name":"wp","href":"https:\/\/api.w.org\/{rel}","templated":true}]}}