{"id":14065,"date":"2026-02-27T00:20:24","date_gmt":"2026-02-27T00:20:24","guid":{"rendered":"https:\/\/nordicmart.andreevmaster.com\/product\/songmics-matsalsstolar-4-pack-stoppade\/"},"modified":"2026-02-27T08:13:06","modified_gmt":"2026-02-27T08:13:06","slug":"songmics-matsalsstolar-4-pack-stoppade","status":"publish","type":"product","link":"https:\/\/nordicmart.andreevmaster.com\/sv\/produkt\/songmics-matsalsstolar-4-pack-stoppade\/","title":{"rendered":"SONGMICS matsalsstolar, 4-pack, stoppade"},"content":{"rendered":"<p>Vilka \u00e4r de viktigaste f\u00f6rdelarna med din nya stol? Komfort? Ja! Den ergonomiska designen, den 7 cm tjocka stoppade sitsen och det mjuka sammet\u00f6verdraget ger \u00f6kad komfort. Stabilitet? Sj\u00e4lvklart! De stabila metallbenen och de justerbara f\u00f6tterna garanterar s\u00e4kerhet. L\u00e4tt att montera? Dra bara \u00e5t 5 skruvar s\u00e5 \u00e4r allt klart! Och det \u00e4r inte allt: med sitt snygga utseende passar denna stol in i alla rum! Produktdetaljer: F\u00e4rg: Gr\u00e5-guldf\u00e4rgad Material: metallben, tr\u00e4skiva, sammetskl\u00e4dsel, skumplaststoppning Storlek: 62,5 x 60 x 85 cm (L x B x H) Sitth\u00f6jd: 50 cm Sittbredd: 49 cm Sittdjup: 44,5 cm Ryggst\u00f6dets h\u00f6jd: 39,5 cm Armst\u00f6dets h\u00f6jd (fr\u00e5n golvet): 64 cm Tjocklek p\u00e5 sittdynan: 7 cm Vikt: 6,5 kg Max. statisk belastningskapacitet: 110 kg Leveransomfattning: 4 x stol 4 x tillbeh\u00f6rspaket 1 x bruksanvisning SONGICs anvisningar: St\u00e4ll dig inte p\u00e5 stolen och anv\u00e4nd den inte som steghj\u00e4lp eller stege.Torka av stolen omedelbart med en torr trasa om den blir v\u00e5t. St\u00e4ll stolen p\u00e5 ett plant underlag. En golvmatta under stolen kan skydda ditt parkettgolv.<\/p>\n","protected":false},"excerpt":{"rendered":"<p>SONGMICS Matsalsstolar, 2-pack, f\u00e5t\u00f6ljer, stoppade stolar med armst\u00f6d, metallben, sammetskl\u00e4dsel, sittbredd 49 cm, max. 110 kg, f\u00f6r arbetsrum, vardagsrum, sovrum, ljusgr\u00e5 LDC087G04<\/p>\n","protected":false},"featured_media":42117,"comment_status":"open","ping_status":"closed","template":"","meta":[],"product_brand":[],"product_cat":[33],"product_tag":[],"class_list":{"0":"post-14065","1":"product","2":"type-product","3":"status-publish","4":"has-post-thumbnail","6":"product_cat-okategoriserad","8":"first","9":"instock","10":"shipping-taxable","11":"purchasable","12":"product-type-simple"},"_links":{"self":[{"href":"https:\/\/nordicmart.andreevmaster.com\/sv\/wp-json\/wp\/v2\/product\/14065","targetHints":{"allow":["GET"]}}],"collection":[{"href":"https:\/\/nordicmart.andreevmaster.com\/sv\/wp-json\/wp\/v2\/product"}],"about":[{"href":"https:\/\/nordicmart.andreevmaster.com\/sv\/wp-json\/wp\/v2\/types\/product"}],"replies":[{"embeddable":true,"href":"https:\/\/nordicmart.andreevmaster.com\/sv\/wp-json\/wp\/v2\/comments?post=14065"}],"wp:featuredmedia":[{"embeddable":true,"href":"https:\/\/nordicmart.andreevmaster.com\/sv\/wp-json\/wp\/v2\/media\/42117"}],"wp:attachment":[{"href":"https:\/\/nordicmart.andreevmaster.com\/sv\/wp-json\/wp\/v2\/media?parent=14065"}],"wp:term":[{"taxonomy":"product_brand","embeddable":true,"href":"https:\/\/nordicmart.andreevmaster.com\/sv\/wp-json\/wp\/v2\/product_brand?post=14065"},{"taxonomy":"product_cat","embeddable":true,"href":"https:\/\/nordicmart.andreevmaster.com\/sv\/wp-json\/wp\/v2\/product_cat?post=14065"},{"taxonomy":"product_tag","embeddable":true,"href":"https:\/\/nordicmart.andreevmaster.com\/sv\/wp-json\/wp\/v2\/product_tag?post=14065"}],"curies":[{"name":"wp","href":"https:\/\/api.w.org\/{rel}","templated":true}]}}