{"id":14061,"date":"2026-02-27T00:20:23","date_gmt":"2026-02-27T00:20:23","guid":{"rendered":"https:\/\/nordicmart.andreevmaster.com\/product\/songmics-matsalsstolar-2-pack-gra\/"},"modified":"2026-02-27T08:13:05","modified_gmt":"2026-02-27T08:13:05","slug":"songmics-matsalsstolar-2-pack-gra","status":"publish","type":"product","link":"https:\/\/nordicmart.andreevmaster.com\/sv\/produkt\/songmics-matsalsstolar-2-pack-gra\/","title":{"rendered":"SONGMICS matsalsstolar, 2-pack, gr\u00e5"},"content":{"rendered":"<p>Prova p\u00e5 bekv\u00e4mlighet Ergonomisk design, tjock skumplaststoppning, h\u00f6gkvalitativ PU-kl\u00e4dsel och h\u00e5llbara metallben \u2013 dessa element skapar en stabil och bekv\u00e4m stol. \u00c4nnu b\u00e4ttre: stolen har ocks\u00e5 ett vackert utseende som skapar en trevlig atmosf\u00e4r i varje rum. Alltid vid din sida Oavsett var du vill sitta och koppla av st\u00e5r denna stoppade stol redo f\u00f6r dig. Oavsett om det \u00e4r i matsalen, vardagsrummet, sovrummet, arbetsrummet eller f\u00f6r att sola p\u00e5 balkongen, passar denna stol alltid f\u00f6r stunder av avkoppling. Produktdetaljer: &#8211; F\u00e4rg: Gr\u00e5 &#8211; Material: Metallben, tr\u00e4skiva, PU, skumplastkl\u00e4dsel &#8211; Storlek per stol: 47,5 x 56 x 78,5 cm (L x B x H) &#8211; Sitth\u00f6jd: 46 cm &#8211; Sittbredd: 47,5 cm &#8211; Sittdjup: 39 cm &#8211; Ryggst\u00f6dets h\u00f6jd: 37 cm &#8211; Vikt per stol: 5,2 kg &#8211; Max. statisk belastningskapacitet per stol: 110 kg Leveransomfattning:- 2 x stol &#8211; 2 x tillbeh\u00f6rspaket &#8211; 1 x bruksanvisning SONGICs anvisningar: &#8211; St\u00e4ll dig inte p\u00e5 stolen och anv\u00e4nd den inte som steghj\u00e4lp eller stege. &#8211; Torka av stolen omedelbart med en torr trasa om den blivit v\u00e5t. &#8211; St\u00e4ll stolen p\u00e5 ett plant underlag.- En golvmatta under stolen kan skydda ditt parkettgolv.<\/p>\n","protected":false},"excerpt":{"rendered":"<p>SONGMICS matsalsstolar, 2-pack, k\u00f6ksstolar, stoppade stolar, vattent\u00e5liga, l\u00e4ttsk\u00f6tta, kl\u00e4dsel i konstl\u00e4der, f\u00f6r vardagsrum, sovrum, gr\u00e5 LDC074G01<\/p>\n","protected":false},"featured_media":42113,"comment_status":"open","ping_status":"closed","template":"","meta":[],"product_brand":[],"product_cat":[33],"product_tag":[],"class_list":{"0":"post-14061","1":"product","2":"type-product","3":"status-publish","4":"has-post-thumbnail","6":"product_cat-okategoriserad","8":"first","9":"instock","10":"shipping-taxable","11":"purchasable","12":"product-type-simple"},"_links":{"self":[{"href":"https:\/\/nordicmart.andreevmaster.com\/sv\/wp-json\/wp\/v2\/product\/14061","targetHints":{"allow":["GET"]}}],"collection":[{"href":"https:\/\/nordicmart.andreevmaster.com\/sv\/wp-json\/wp\/v2\/product"}],"about":[{"href":"https:\/\/nordicmart.andreevmaster.com\/sv\/wp-json\/wp\/v2\/types\/product"}],"replies":[{"embeddable":true,"href":"https:\/\/nordicmart.andreevmaster.com\/sv\/wp-json\/wp\/v2\/comments?post=14061"}],"wp:featuredmedia":[{"embeddable":true,"href":"https:\/\/nordicmart.andreevmaster.com\/sv\/wp-json\/wp\/v2\/media\/42113"}],"wp:attachment":[{"href":"https:\/\/nordicmart.andreevmaster.com\/sv\/wp-json\/wp\/v2\/media?parent=14061"}],"wp:term":[{"taxonomy":"product_brand","embeddable":true,"href":"https:\/\/nordicmart.andreevmaster.com\/sv\/wp-json\/wp\/v2\/product_brand?post=14061"},{"taxonomy":"product_cat","embeddable":true,"href":"https:\/\/nordicmart.andreevmaster.com\/sv\/wp-json\/wp\/v2\/product_cat?post=14061"},{"taxonomy":"product_tag","embeddable":true,"href":"https:\/\/nordicmart.andreevmaster.com\/sv\/wp-json\/wp\/v2\/product_tag?post=14061"}],"curies":[{"name":"wp","href":"https:\/\/api.w.org\/{rel}","templated":true}]}}