{"id":14057,"date":"2026-02-27T00:20:22","date_gmt":"2026-02-27T00:20:22","guid":{"rendered":"https:\/\/nordicmart.andreevmaster.com\/product\/songmics-matsalsstol-med-sammetskladsel-gra\/"},"modified":"2026-02-27T08:13:04","modified_gmt":"2026-02-27T08:13:04","slug":"songmics-matsalsstol-med-sammetskladsel-gra","status":"publish","type":"product","link":"https:\/\/nordicmart.andreevmaster.com\/sv\/produkt\/songmics-matsalsstol-med-sammetskladsel-gra\/","title":{"rendered":"SONGMICS matsalsstol med sammetskl\u00e4dsel, gr\u00e5"},"content":{"rendered":"<p>Prova p\u00e5 bekv\u00e4mlighet: Ergonomisk design, tjock skumdynning, h\u00f6gkvalitativt sammet\u00f6verdrag och h\u00e5llbara metallben \u2013 dessa element skapar en stabil och bekv\u00e4m stol. \u00c4nnu b\u00e4ttre: stolen har ocks\u00e5 ett vackert utseende som skapar en trevlig atmosf\u00e4r i varje rum. Alltid vid din sida: Oavsett var du vill sitta och koppla av st\u00e5r denna stoppade stol redo f\u00f6r dig. Oavsett om det \u00e4r i matsalen, vardagsrummet, sovrummet, arbetsrummet eller f\u00f6r att sola p\u00e5 balkongen, passar denna stol alltid f\u00f6r stunder av avkoppling. Produktdetaljer: &#8211; F\u00e4rg: Gr\u00e5 &#8211; Material: Metallben, tr\u00e4skiva, sammet, skumplaststoppning &#8211; Storlek: 59,5 x 58 x 88 cm (L x B x H) &#8211; Sitth\u00f6jd: 49,5 cm &#8211; Sittbredd: 41,5 cm &#8211; Sittdjup: 46 cm &#8211; Ryggst\u00f6dets h\u00f6jd: 43,5 cm &#8211; Armst\u00f6dets h\u00f6jd (fr\u00e5n golvet): 70 cm &#8211; Vikt: 8,3 kg &#8211; Max. statisk belastningskapacitet: 110 kg SONGIMC Anvisningar: &#8211; St\u00e4ll dig inte p\u00e5 stolen och anv\u00e4nd den inte som steghj\u00e4lp eller stege. &#8211; Torka av stolen omedelbart med en torr trasa om den blir v\u00e5t. &#8211; St\u00e4ll stolen p\u00e5 ett plant underlag.- En golvmatta under stolen kan skydda ditt parkettgolv.<\/p>\n","protected":false},"excerpt":{"rendered":"<p>SONGMICS matstolar, k\u00f6ksstolar, stoppade stolar, sammetskl\u00e4dsel, 41,5 cm bred sittyta, f\u00f6r matsal, k\u00f6k, vardagsrum, sovrum, gr\u00e5 LDC070G01<\/p>\n","protected":false},"featured_media":42109,"comment_status":"open","ping_status":"closed","template":"","meta":[],"product_brand":[],"product_cat":[33],"product_tag":[],"class_list":{"0":"post-14057","1":"product","2":"type-product","3":"status-publish","4":"has-post-thumbnail","6":"product_cat-okategoriserad","8":"first","9":"instock","10":"shipping-taxable","11":"purchasable","12":"product-type-simple"},"_links":{"self":[{"href":"https:\/\/nordicmart.andreevmaster.com\/sv\/wp-json\/wp\/v2\/product\/14057","targetHints":{"allow":["GET"]}}],"collection":[{"href":"https:\/\/nordicmart.andreevmaster.com\/sv\/wp-json\/wp\/v2\/product"}],"about":[{"href":"https:\/\/nordicmart.andreevmaster.com\/sv\/wp-json\/wp\/v2\/types\/product"}],"replies":[{"embeddable":true,"href":"https:\/\/nordicmart.andreevmaster.com\/sv\/wp-json\/wp\/v2\/comments?post=14057"}],"wp:featuredmedia":[{"embeddable":true,"href":"https:\/\/nordicmart.andreevmaster.com\/sv\/wp-json\/wp\/v2\/media\/42109"}],"wp:attachment":[{"href":"https:\/\/nordicmart.andreevmaster.com\/sv\/wp-json\/wp\/v2\/media?parent=14057"}],"wp:term":[{"taxonomy":"product_brand","embeddable":true,"href":"https:\/\/nordicmart.andreevmaster.com\/sv\/wp-json\/wp\/v2\/product_brand?post=14057"},{"taxonomy":"product_cat","embeddable":true,"href":"https:\/\/nordicmart.andreevmaster.com\/sv\/wp-json\/wp\/v2\/product_cat?post=14057"},{"taxonomy":"product_tag","embeddable":true,"href":"https:\/\/nordicmart.andreevmaster.com\/sv\/wp-json\/wp\/v2\/product_tag?post=14057"}],"curies":[{"name":"wp","href":"https:\/\/api.w.org\/{rel}","templated":true}]}}