{"id":14052,"date":"2026-02-27T00:20:20","date_gmt":"2026-02-27T00:20:20","guid":{"rendered":"https:\/\/nordicmart.andreevmaster.com\/product\/songmics-barstolar-med-ryggstod-2-pack\/"},"modified":"2026-02-27T08:13:03","modified_gmt":"2026-02-27T08:13:03","slug":"songmics-barstolar-med-ryggstod-2-pack","status":"publish","type":"product","link":"https:\/\/nordicmart.andreevmaster.com\/sv\/produkt\/songmics-barstolar-med-ryggstod-2-pack\/","title":{"rendered":"SONGMICS barstolar med ryggst\u00f6d, 2-pack"},"content":{"rendered":"<p>Produktdetaljer: &#8211; F\u00e4rg: Gr\u00e5 &#8211; Material: Bomulls- och linneblandning, skumplaststoppning, ben av massivt tr\u00e4 &#8211; Storlek per stol: 44,5 x 54 x 107 cm (L x B x H) &#8211; Vikt per stol: 7,5 kg &#8211; Max. statisk belastningskapacitet per stol: 110 kg Leveransomfattning:- 2 x barstolar &#8211; 2 x tillbeh\u00f6rspaket &#8211; 1 x bruksanvisning SONGMICS Anm\u00e4rkningar: &#8211; Anv\u00e4nd inte denna produkt som stege eller stegehj\u00e4lpmedel. &#8211; Placera denna produkt p\u00e5 ett plant underlag.<\/p>\n","protected":false},"excerpt":{"rendered":"<p>SONGMICS barstolar, 2-pack, barstolar, pallar, k\u00f6ksstolar, sitth\u00f6jd 76 cm, ben av massivt tr\u00e4, med fotst\u00f6d av metall, ryggst\u00f6d, kl\u00e4dsel av bomulls-linne-blandning, gr\u00e5 LDC036G01<\/p>\n","protected":false},"featured_media":42104,"comment_status":"open","ping_status":"closed","template":"","meta":[],"product_brand":[],"product_cat":[33],"product_tag":[],"class_list":{"0":"post-14052","1":"product","2":"type-product","3":"status-publish","4":"has-post-thumbnail","6":"product_cat-okategoriserad","8":"first","9":"instock","10":"shipping-taxable","11":"purchasable","12":"product-type-simple"},"_links":{"self":[{"href":"https:\/\/nordicmart.andreevmaster.com\/sv\/wp-json\/wp\/v2\/product\/14052","targetHints":{"allow":["GET"]}}],"collection":[{"href":"https:\/\/nordicmart.andreevmaster.com\/sv\/wp-json\/wp\/v2\/product"}],"about":[{"href":"https:\/\/nordicmart.andreevmaster.com\/sv\/wp-json\/wp\/v2\/types\/product"}],"replies":[{"embeddable":true,"href":"https:\/\/nordicmart.andreevmaster.com\/sv\/wp-json\/wp\/v2\/comments?post=14052"}],"wp:featuredmedia":[{"embeddable":true,"href":"https:\/\/nordicmart.andreevmaster.com\/sv\/wp-json\/wp\/v2\/media\/42104"}],"wp:attachment":[{"href":"https:\/\/nordicmart.andreevmaster.com\/sv\/wp-json\/wp\/v2\/media?parent=14052"}],"wp:term":[{"taxonomy":"product_brand","embeddable":true,"href":"https:\/\/nordicmart.andreevmaster.com\/sv\/wp-json\/wp\/v2\/product_brand?post=14052"},{"taxonomy":"product_cat","embeddable":true,"href":"https:\/\/nordicmart.andreevmaster.com\/sv\/wp-json\/wp\/v2\/product_cat?post=14052"},{"taxonomy":"product_tag","embeddable":true,"href":"https:\/\/nordicmart.andreevmaster.com\/sv\/wp-json\/wp\/v2\/product_tag?post=14052"}],"curies":[{"name":"wp","href":"https:\/\/api.w.org\/{rel}","templated":true}]}}