{"id":14051,"date":"2026-02-27T00:20:20","date_gmt":"2026-02-27T00:20:20","guid":{"rendered":"https:\/\/nordicmart.andreevmaster.com\/product\/songmics-matstolar-stoppade-2-pack\/"},"modified":"2026-02-27T08:13:03","modified_gmt":"2026-02-27T08:13:03","slug":"songmics-matstolar-stoppade-2-pack","status":"publish","type":"product","link":"https:\/\/nordicmart.andreevmaster.com\/sv\/produkt\/songmics-matstolar-stoppade-2-pack\/","title":{"rendered":"SONGMICS matstolar, stoppade, 2-pack"},"content":{"rendered":"<p>Snygga men ocks\u00e5 bekv\u00e4ma: N\u00e4r du v\u00e4ljer snygga m\u00f6bler b\u00f6r du inte f\u00f6rsumma komforten. Med sitt eleganta utseende och bekv\u00e4ma sittytor ger detta set med matstolar en touch av glamour till ditt hem och skapar en mysig atmosf\u00e4r. Produktdetaljer:- F\u00e4rg: Ljusgr\u00e5 &#8211; Material: Bomulls- och linneblandning, skumplaststoppning, ben av massivt tr\u00e4 &#8211; Storlek per stol: 43 x 59 x 93 cm (L x B x H) &#8211; Vikt per stol: 5,2 kg &#8211; Max. statisk belastningskapacitet per stol: 110 kg Leveransomfattning:- 2 x matstolar &#8211; 2 x tillbeh\u00f6rspaket &#8211; 1 x bruksanvisning SONGMICS Anm\u00e4rkningar: &#8211; Anv\u00e4nd inte denna produkt som steghj\u00e4lp eller stege. &#8211; Placera denna produkt p\u00e5 ett plant underlag.<\/p>\n","protected":false},"excerpt":{"rendered":"<p>SONGMICS matsalsstolar, 2-pack, k\u00f6ksstolar, stoppade stolar, ben i massivt tr\u00e4, h\u00f6g rygg, kl\u00e4dsel i bomulls-linne-blandning, ljusgr\u00e5 LDC027G01<\/p>\n","protected":false},"featured_media":42103,"comment_status":"open","ping_status":"closed","template":"","meta":[],"product_brand":[],"product_cat":[33],"product_tag":[],"class_list":{"0":"post-14051","1":"product","2":"type-product","3":"status-publish","4":"has-post-thumbnail","6":"product_cat-okategoriserad","8":"first","9":"instock","10":"shipping-taxable","11":"purchasable","12":"product-type-simple"},"_links":{"self":[{"href":"https:\/\/nordicmart.andreevmaster.com\/sv\/wp-json\/wp\/v2\/product\/14051","targetHints":{"allow":["GET"]}}],"collection":[{"href":"https:\/\/nordicmart.andreevmaster.com\/sv\/wp-json\/wp\/v2\/product"}],"about":[{"href":"https:\/\/nordicmart.andreevmaster.com\/sv\/wp-json\/wp\/v2\/types\/product"}],"replies":[{"embeddable":true,"href":"https:\/\/nordicmart.andreevmaster.com\/sv\/wp-json\/wp\/v2\/comments?post=14051"}],"wp:featuredmedia":[{"embeddable":true,"href":"https:\/\/nordicmart.andreevmaster.com\/sv\/wp-json\/wp\/v2\/media\/42103"}],"wp:attachment":[{"href":"https:\/\/nordicmart.andreevmaster.com\/sv\/wp-json\/wp\/v2\/media?parent=14051"}],"wp:term":[{"taxonomy":"product_brand","embeddable":true,"href":"https:\/\/nordicmart.andreevmaster.com\/sv\/wp-json\/wp\/v2\/product_brand?post=14051"},{"taxonomy":"product_cat","embeddable":true,"href":"https:\/\/nordicmart.andreevmaster.com\/sv\/wp-json\/wp\/v2\/product_cat?post=14051"},{"taxonomy":"product_tag","embeddable":true,"href":"https:\/\/nordicmart.andreevmaster.com\/sv\/wp-json\/wp\/v2\/product_tag?post=14051"}],"curies":[{"name":"wp","href":"https:\/\/api.w.org\/{rel}","templated":true}]}}