{"id":14050,"date":"2026-02-27T00:20:20","date_gmt":"2026-02-27T00:20:20","guid":{"rendered":"https:\/\/nordicmart.andreevmaster.com\/product\/songmics-bordsskiva-for-elektriskt-skrivbord-vitt\/"},"modified":"2026-02-27T08:13:03","modified_gmt":"2026-02-27T08:13:03","slug":"songmics-bordsskiva-for-elektriskt-skrivbord-vitt","status":"publish","type":"product","link":"https:\/\/nordicmart.andreevmaster.com\/sv\/produkt\/songmics-bordsskiva-for-elektriskt-skrivbord-vitt\/","title":{"rendered":"SONGMICS bordsskiva f\u00f6r elektriskt skrivbord Vitt"},"content":{"rendered":"<p>Produktdetaljer: F\u00e4rg: Vit Material: MDF (medeldensitetsfiberplatta), melaminbel\u00e4ggning, PVC-f\u00f6rsegling Storlek: 140 x 70 x 1,8 cm (L x B x H) Vikt: 13 kg Leveransomfattning: 1 x bordsskiva f\u00f6r SONGMICS elektriska skrivbordsstativ 1 x bruksanvisning<\/p>\n","protected":false},"excerpt":{"rendered":"<p>SONGMICS bordsskiva f\u00f6r elektriskt skrivbord, skrivbordsskiva med sl\u00e4ta kanter, melaminbel\u00e4ggning, MDF, 140 x 70 x 1,8 cm, vintagebrun LDB002B01<\/p>\n","protected":false},"featured_media":42102,"comment_status":"open","ping_status":"closed","template":"","meta":[],"product_brand":[],"product_cat":[33],"product_tag":[],"class_list":{"0":"post-14050","1":"product","2":"type-product","3":"status-publish","4":"has-post-thumbnail","6":"product_cat-okategoriserad","8":"first","9":"instock","10":"shipping-taxable","11":"purchasable","12":"product-type-simple"},"_links":{"self":[{"href":"https:\/\/nordicmart.andreevmaster.com\/sv\/wp-json\/wp\/v2\/product\/14050","targetHints":{"allow":["GET"]}}],"collection":[{"href":"https:\/\/nordicmart.andreevmaster.com\/sv\/wp-json\/wp\/v2\/product"}],"about":[{"href":"https:\/\/nordicmart.andreevmaster.com\/sv\/wp-json\/wp\/v2\/types\/product"}],"replies":[{"embeddable":true,"href":"https:\/\/nordicmart.andreevmaster.com\/sv\/wp-json\/wp\/v2\/comments?post=14050"}],"wp:featuredmedia":[{"embeddable":true,"href":"https:\/\/nordicmart.andreevmaster.com\/sv\/wp-json\/wp\/v2\/media\/42102"}],"wp:attachment":[{"href":"https:\/\/nordicmart.andreevmaster.com\/sv\/wp-json\/wp\/v2\/media?parent=14050"}],"wp:term":[{"taxonomy":"product_brand","embeddable":true,"href":"https:\/\/nordicmart.andreevmaster.com\/sv\/wp-json\/wp\/v2\/product_brand?post=14050"},{"taxonomy":"product_cat","embeddable":true,"href":"https:\/\/nordicmart.andreevmaster.com\/sv\/wp-json\/wp\/v2\/product_cat?post=14050"},{"taxonomy":"product_tag","embeddable":true,"href":"https:\/\/nordicmart.andreevmaster.com\/sv\/wp-json\/wp\/v2\/product_tag?post=14050"}],"curies":[{"name":"wp","href":"https:\/\/api.w.org\/{rel}","templated":true}]}}