{"id":14046,"date":"2026-02-27T00:20:19","date_gmt":"2026-02-27T00:20:19","guid":{"rendered":"https:\/\/nordicmart.andreevmaster.com\/product\/songmics-bordsskiva-for-elektriskt-skrivbord\/"},"modified":"2026-02-27T08:13:02","modified_gmt":"2026-02-27T08:13:02","slug":"songmics-bordsskiva-for-elektriskt-skrivbord","status":"publish","type":"product","link":"https:\/\/nordicmart.andreevmaster.com\/sv\/produkt\/songmics-bordsskiva-for-elektriskt-skrivbord\/","title":{"rendered":"SONGMICS bordsskiva f\u00f6r elektriskt skrivbord"},"content":{"rendered":"<p>Produktdetaljer:F\u00e4rg: Vintagebrun Material: MDF (medeldensitetsfiberplatta), melaminbel\u00e4ggning, PVC-f\u00f6rsegling Storlek: 120 x 60 x 1,8 cm (L x B x H) Vikt: 9,5 kg Leveransomfattning: 1 x bordsskiva f\u00f6r SONGMICS elektriskt skrivbordsstativ 1 x bruksanvisning (DE, EN, IT, ES, FR)<\/p>\n","protected":false},"excerpt":{"rendered":"<p>SONGMICS Bordsskiva f\u00f6r elektriskt skrivbord, skrivbordsskiva med sl\u00e4ta kanter, melaminbel\u00e4ggning, MDF, 120 x 60 x 1,8 cm, vintagebrun LDB001B01<\/p>\n","protected":false},"featured_media":42100,"comment_status":"open","ping_status":"closed","template":"","meta":[],"product_brand":[],"product_cat":[33],"product_tag":[],"class_list":{"0":"post-14046","1":"product","2":"type-product","3":"status-publish","4":"has-post-thumbnail","6":"product_cat-okategoriserad","8":"first","9":"instock","10":"shipping-taxable","11":"purchasable","12":"product-type-simple"},"_links":{"self":[{"href":"https:\/\/nordicmart.andreevmaster.com\/sv\/wp-json\/wp\/v2\/product\/14046","targetHints":{"allow":["GET"]}}],"collection":[{"href":"https:\/\/nordicmart.andreevmaster.com\/sv\/wp-json\/wp\/v2\/product"}],"about":[{"href":"https:\/\/nordicmart.andreevmaster.com\/sv\/wp-json\/wp\/v2\/types\/product"}],"replies":[{"embeddable":true,"href":"https:\/\/nordicmart.andreevmaster.com\/sv\/wp-json\/wp\/v2\/comments?post=14046"}],"wp:featuredmedia":[{"embeddable":true,"href":"https:\/\/nordicmart.andreevmaster.com\/sv\/wp-json\/wp\/v2\/media\/42100"}],"wp:attachment":[{"href":"https:\/\/nordicmart.andreevmaster.com\/sv\/wp-json\/wp\/v2\/media?parent=14046"}],"wp:term":[{"taxonomy":"product_brand","embeddable":true,"href":"https:\/\/nordicmart.andreevmaster.com\/sv\/wp-json\/wp\/v2\/product_brand?post=14046"},{"taxonomy":"product_cat","embeddable":true,"href":"https:\/\/nordicmart.andreevmaster.com\/sv\/wp-json\/wp\/v2\/product_cat?post=14046"},{"taxonomy":"product_tag","embeddable":true,"href":"https:\/\/nordicmart.andreevmaster.com\/sv\/wp-json\/wp\/v2\/product_tag?post=14046"}],"curies":[{"name":"wp","href":"https:\/\/api.w.org\/{rel}","templated":true}]}}