{"id":14038,"date":"2026-02-27T00:20:17","date_gmt":"2026-02-27T00:20:17","guid":{"rendered":"https:\/\/nordicmart.andreevmaster.com\/product\/vasagle-soffbord-vardagsrumsbord-hoj-och-sankbart-bordsskiva\/"},"modified":"2026-02-27T08:13:01","modified_gmt":"2026-02-27T08:13:01","slug":"vasagle-soffbord-vardagsrumsbord-hoj-och-sankbart-bordsskiva","status":"publish","type":"product","link":"https:\/\/nordicmart.andreevmaster.com\/sv\/produkt\/vasagle-soffbord-vardagsrumsbord-hoj-och-sankbart-bordsskiva\/","title":{"rendered":"VASAGLE soffbord, vardagsrumsbord, h\u00f6j- och s\u00e4nkbart bordsskiva"},"content":{"rendered":"<p>Soffbord, vardagsrumsbord, h\u00f6j- och s\u00e4nkbart bordsskiva, soffbord med l\u00e5dor, vintagebrunt-bl\u00e4ck svart<br \/>\nProduktdetaljer:<br \/>\n&#8211; F\u00e4rg: Antracitgr\u00e5-bl\u00e4ck svart<br \/>\n&#8211; Material: sp\u00e5nskiva, st\u00e5l<br \/>\n&#8211; Storlek: 50 x 100 cm (D x B)<br \/>\n&#8211; H\u00f6jd: 48-63 cm<br \/>\n&#8211; Vikt: 25,6 kg<br \/>\n&#8211; Max. statisk belastningskapacitet f\u00f6r bordsskivan i upph\u00f6jt l\u00e4ge: 20 kg<br \/>\n&#8211; Max. statisk belastningskapacitet totalt: 136 kg<\/p>\n<p>Leveransomfattning:<br \/>\n&#8211; 1 x soffbord<br \/>\n&#8211; 1 x tillbeh\u00f6rspaket<br \/>\n&#8211; 1 x bruksanvisning<\/p>\n<p>Anm\u00e4rkningar:<br \/>\n&#8211; Den maximala statiska belastningen p\u00e5 bordsskivan i upph\u00f6jt l\u00e4ge \u00e4r 20 kg. \u00d6verskrid inte denna maximala vikt.<\/p>\n","protected":false},"excerpt":{"rendered":"<p>Soffbord, vardagsrumsbord, h\u00f6j- och s\u00e4nkbart bordsskiva, soffbord med l\u00e5dor, vintagebrunt-bl\u00e4ck svart<\/p>\n","protected":false},"featured_media":42093,"comment_status":"open","ping_status":"closed","template":"","meta":[],"product_brand":[],"product_cat":[33],"product_tag":[],"class_list":{"0":"post-14038","1":"product","2":"type-product","3":"status-publish","4":"has-post-thumbnail","6":"product_cat-okategoriserad","8":"first","9":"instock","10":"shipping-taxable","11":"purchasable","12":"product-type-simple"},"_links":{"self":[{"href":"https:\/\/nordicmart.andreevmaster.com\/sv\/wp-json\/wp\/v2\/product\/14038","targetHints":{"allow":["GET"]}}],"collection":[{"href":"https:\/\/nordicmart.andreevmaster.com\/sv\/wp-json\/wp\/v2\/product"}],"about":[{"href":"https:\/\/nordicmart.andreevmaster.com\/sv\/wp-json\/wp\/v2\/types\/product"}],"replies":[{"embeddable":true,"href":"https:\/\/nordicmart.andreevmaster.com\/sv\/wp-json\/wp\/v2\/comments?post=14038"}],"wp:featuredmedia":[{"embeddable":true,"href":"https:\/\/nordicmart.andreevmaster.com\/sv\/wp-json\/wp\/v2\/media\/42093"}],"wp:attachment":[{"href":"https:\/\/nordicmart.andreevmaster.com\/sv\/wp-json\/wp\/v2\/media?parent=14038"}],"wp:term":[{"taxonomy":"product_brand","embeddable":true,"href":"https:\/\/nordicmart.andreevmaster.com\/sv\/wp-json\/wp\/v2\/product_brand?post=14038"},{"taxonomy":"product_cat","embeddable":true,"href":"https:\/\/nordicmart.andreevmaster.com\/sv\/wp-json\/wp\/v2\/product_cat?post=14038"},{"taxonomy":"product_tag","embeddable":true,"href":"https:\/\/nordicmart.andreevmaster.com\/sv\/wp-json\/wp\/v2\/product_tag?post=14038"}],"curies":[{"name":"wp","href":"https:\/\/api.w.org\/{rel}","templated":true}]}}