{"id":14035,"date":"2026-02-27T00:20:16","date_gmt":"2026-02-27T00:20:16","guid":{"rendered":"https:\/\/nordicmart.andreevmaster.com\/product\/vasagle-soffbord-hoj-och-sankbart-bordsskiva-kaffebord\/"},"modified":"2026-02-27T08:13:00","modified_gmt":"2026-02-27T08:13:00","slug":"vasagle-soffbord-hoj-och-sankbart-bordsskiva-kaffebord","status":"publish","type":"product","link":"https:\/\/nordicmart.andreevmaster.com\/sv\/produkt\/vasagle-soffbord-hoj-och-sankbart-bordsskiva-kaffebord\/","title":{"rendered":"VASAGLE soffbord, h\u00f6j- och s\u00e4nkbart bordsskiva, kaffebord"},"content":{"rendered":"<p>Soffbord, h\u00f6j- och s\u00e4nkbart bordsskiva, rymligt, vardagsrumsbord, 60 x 100 x (48-62) cm, sn\u00f6vit-vit<br \/>\nSpecifikationer:<\/p>\n<p>&#8211; M\u00e5tt: 60 x 100 x (48-62) cm (D x B x H)<br \/>\n&#8211; Vikt: 29,2 kg<br \/>\n&#8211; Max. statisk totalbelastning: 91 kg<br \/>\n&#8211; Material: sp\u00e5nskiva, st\u00e5l<br \/>\n&#8211; F\u00e4rg: Gr\u00e5-svart<\/p>\n","protected":false},"excerpt":{"rendered":"<p>Soffbord, h\u00f6j- och s\u00e4nkbart bordsskiva, rymligt, vardagsrumsbord, 60 x 100 x (48-62) cm, sn\u00f6vit-vit<\/p>\n","protected":false},"featured_media":42090,"comment_status":"open","ping_status":"closed","template":"","meta":[],"product_brand":[],"product_cat":[33],"product_tag":[],"class_list":{"0":"post-14035","1":"product","2":"type-product","3":"status-publish","4":"has-post-thumbnail","6":"product_cat-okategoriserad","8":"first","9":"instock","10":"shipping-taxable","11":"purchasable","12":"product-type-simple"},"_links":{"self":[{"href":"https:\/\/nordicmart.andreevmaster.com\/sv\/wp-json\/wp\/v2\/product\/14035","targetHints":{"allow":["GET"]}}],"collection":[{"href":"https:\/\/nordicmart.andreevmaster.com\/sv\/wp-json\/wp\/v2\/product"}],"about":[{"href":"https:\/\/nordicmart.andreevmaster.com\/sv\/wp-json\/wp\/v2\/types\/product"}],"replies":[{"embeddable":true,"href":"https:\/\/nordicmart.andreevmaster.com\/sv\/wp-json\/wp\/v2\/comments?post=14035"}],"wp:featuredmedia":[{"embeddable":true,"href":"https:\/\/nordicmart.andreevmaster.com\/sv\/wp-json\/wp\/v2\/media\/42090"}],"wp:attachment":[{"href":"https:\/\/nordicmart.andreevmaster.com\/sv\/wp-json\/wp\/v2\/media?parent=14035"}],"wp:term":[{"taxonomy":"product_brand","embeddable":true,"href":"https:\/\/nordicmart.andreevmaster.com\/sv\/wp-json\/wp\/v2\/product_brand?post=14035"},{"taxonomy":"product_cat","embeddable":true,"href":"https:\/\/nordicmart.andreevmaster.com\/sv\/wp-json\/wp\/v2\/product_cat?post=14035"},{"taxonomy":"product_tag","embeddable":true,"href":"https:\/\/nordicmart.andreevmaster.com\/sv\/wp-json\/wp\/v2\/product_tag?post=14035"}],"curies":[{"name":"wp","href":"https:\/\/api.w.org\/{rel}","templated":true}]}}