{"id":14027,"date":"2026-02-27T00:20:14","date_gmt":"2026-02-27T00:20:14","guid":{"rendered":"https:\/\/nordicmart.andreevmaster.com\/product\/vasagle-soffbord-vardagsrumsbord-soffbord\/"},"modified":"2026-02-27T08:12:58","modified_gmt":"2026-02-27T08:12:58","slug":"vasagle-soffbord-vardagsrumsbord-soffbord","status":"publish","type":"product","link":"https:\/\/nordicmart.andreevmaster.com\/sv\/produkt\/vasagle-soffbord-vardagsrumsbord-soffbord\/","title":{"rendered":"VASAGLE soffbord, vardagsrumsbord, soffbord"},"content":{"rendered":"<p>Soffbord, vardagsrumsbord, soffbord, f\u00f6r vardagsrum, med glasplatta, mycket f\u00f6rvaringsutrymme, enkel montering, marmorvit-bl\u00e4ck svart<br \/>\nProduktdetaljer:<br \/>\n&#8211; F\u00e4rg: Marmorvit-bl\u00e4ck svart<br \/>\n&#8211; Material: sp\u00e5nskiva, h\u00e4rdat glas, st\u00e5l<br \/>\n&#8211; Storlek (med justerbara f\u00f6tter): 80 cm d, 46 cm H<br \/>\n&#8211; Vikt: 13,6 kg<br \/>\n&#8211; Max. statisk belastningskapacitet: 30 kg<\/p>\n<p>Leveransomfattning:<br \/>\n&#8211; 1 x soffbord<\/p>\n","protected":false},"excerpt":{"rendered":"<p>Soffbord, vardagsrumsbord, soffbord, f\u00f6r vardagsrum, med glasplatta, mycket f\u00f6rvaringsutrymme, enkel montering, marmorvit-bl\u00e4ck svart<\/p>\n","protected":false},"featured_media":42083,"comment_status":"open","ping_status":"closed","template":"","meta":[],"product_brand":[],"product_cat":[33],"product_tag":[],"class_list":{"0":"post-14027","1":"product","2":"type-product","3":"status-publish","4":"has-post-thumbnail","6":"product_cat-okategoriserad","8":"first","9":"instock","10":"shipping-taxable","11":"purchasable","12":"product-type-simple"},"_links":{"self":[{"href":"https:\/\/nordicmart.andreevmaster.com\/sv\/wp-json\/wp\/v2\/product\/14027","targetHints":{"allow":["GET"]}}],"collection":[{"href":"https:\/\/nordicmart.andreevmaster.com\/sv\/wp-json\/wp\/v2\/product"}],"about":[{"href":"https:\/\/nordicmart.andreevmaster.com\/sv\/wp-json\/wp\/v2\/types\/product"}],"replies":[{"embeddable":true,"href":"https:\/\/nordicmart.andreevmaster.com\/sv\/wp-json\/wp\/v2\/comments?post=14027"}],"wp:featuredmedia":[{"embeddable":true,"href":"https:\/\/nordicmart.andreevmaster.com\/sv\/wp-json\/wp\/v2\/media\/42083"}],"wp:attachment":[{"href":"https:\/\/nordicmart.andreevmaster.com\/sv\/wp-json\/wp\/v2\/media?parent=14027"}],"wp:term":[{"taxonomy":"product_brand","embeddable":true,"href":"https:\/\/nordicmart.andreevmaster.com\/sv\/wp-json\/wp\/v2\/product_brand?post=14027"},{"taxonomy":"product_cat","embeddable":true,"href":"https:\/\/nordicmart.andreevmaster.com\/sv\/wp-json\/wp\/v2\/product_cat?post=14027"},{"taxonomy":"product_tag","embeddable":true,"href":"https:\/\/nordicmart.andreevmaster.com\/sv\/wp-json\/wp\/v2\/product_tag?post=14027"}],"curies":[{"name":"wp","href":"https:\/\/api.w.org\/{rel}","templated":true}]}}