{"id":14025,"date":"2026-02-27T00:20:14","date_gmt":"2026-02-27T00:20:14","guid":{"rendered":"https:\/\/nordicmart.andreevmaster.com\/product\/vasagle-soffbord-2-pack-vardagsrumsbord-runt-sidobord-modernt\/"},"modified":"2026-02-27T08:12:58","modified_gmt":"2026-02-27T08:12:58","slug":"vasagle-soffbord-2-pack-vardagsrumsbord-runt-sidobord-modernt","status":"publish","type":"product","link":"https:\/\/nordicmart.andreevmaster.com\/sv\/produkt\/vasagle-soffbord-2-pack-vardagsrumsbord-runt-sidobord-modernt\/","title":{"rendered":"VASAGLE soffbord 2-pack, vardagsrumsbord runt, sidobord modernt"},"content":{"rendered":"<p>VASAGLE soffbord, sidobord, vardagsrumsbord, soffbord, st\u00e5lstativ, f\u00f6r vardagsrum, sovrum, arbetsrum, industriell design, vintagebrunt-svart LCT040B01<br \/>\nSpecifikationer:<br \/>\n&#8211; M\u00e5tt p\u00e5 det stora bordet: 60 cm d, 45 cm H<br \/>\n&#8211; M\u00e5tt p\u00e5 det lilla bordet: 50 cm d, 40 cm H<br \/>\n&#8211; Totalvikt: 9,8 kg<br \/>\n&#8211; Max. statisk b\u00e4rf\u00f6rm\u00e5ga per bord: 30 kg<br \/>\n&#8211; Material: sp\u00e5nskiva, st\u00e5l<br \/>\n&#8211; F\u00e4rg: brun-svart<\/p>\n","protected":false},"excerpt":{"rendered":"<p>VASAGLE soffbord, sidobord, vardagsrumsbord, soffbord, st\u00e5lstativ, f\u00f6r vardagsrum, sovrum, arbetsrum, industriell design, vintagebrunt-svart LCT040B01<\/p>\n","protected":false},"featured_media":42081,"comment_status":"open","ping_status":"closed","template":"","meta":[],"product_brand":[],"product_cat":[33],"product_tag":[],"class_list":{"0":"post-14025","1":"product","2":"type-product","3":"status-publish","4":"has-post-thumbnail","6":"product_cat-okategoriserad","8":"first","9":"instock","10":"shipping-taxable","11":"purchasable","12":"product-type-simple"},"_links":{"self":[{"href":"https:\/\/nordicmart.andreevmaster.com\/sv\/wp-json\/wp\/v2\/product\/14025","targetHints":{"allow":["GET"]}}],"collection":[{"href":"https:\/\/nordicmart.andreevmaster.com\/sv\/wp-json\/wp\/v2\/product"}],"about":[{"href":"https:\/\/nordicmart.andreevmaster.com\/sv\/wp-json\/wp\/v2\/types\/product"}],"replies":[{"embeddable":true,"href":"https:\/\/nordicmart.andreevmaster.com\/sv\/wp-json\/wp\/v2\/comments?post=14025"}],"wp:featuredmedia":[{"embeddable":true,"href":"https:\/\/nordicmart.andreevmaster.com\/sv\/wp-json\/wp\/v2\/media\/42081"}],"wp:attachment":[{"href":"https:\/\/nordicmart.andreevmaster.com\/sv\/wp-json\/wp\/v2\/media?parent=14025"}],"wp:term":[{"taxonomy":"product_brand","embeddable":true,"href":"https:\/\/nordicmart.andreevmaster.com\/sv\/wp-json\/wp\/v2\/product_brand?post=14025"},{"taxonomy":"product_cat","embeddable":true,"href":"https:\/\/nordicmart.andreevmaster.com\/sv\/wp-json\/wp\/v2\/product_cat?post=14025"},{"taxonomy":"product_tag","embeddable":true,"href":"https:\/\/nordicmart.andreevmaster.com\/sv\/wp-json\/wp\/v2\/product_tag?post=14025"}],"curies":[{"name":"wp","href":"https:\/\/api.w.org\/{rel}","templated":true}]}}