{"id":14024,"date":"2026-02-27T00:20:14","date_gmt":"2026-02-27T00:20:14","guid":{"rendered":"https:\/\/nordicmart.andreevmaster.com\/product\/vasagle-soffbord-sidobord-vardagsrumsbord\/"},"modified":"2026-02-27T08:12:58","modified_gmt":"2026-02-27T08:12:58","slug":"vasagle-soffbord-sidobord-vardagsrumsbord","status":"publish","type":"product","link":"https:\/\/nordicmart.andreevmaster.com\/sv\/produkt\/vasagle-soffbord-sidobord-vardagsrumsbord\/","title":{"rendered":"VASAGLE soffbord, sidobord, vardagsrumsbord"},"content":{"rendered":"<p>Produktdetaljer: &#8211; F\u00e4rg: Vintagebrun-svart &#8211; Material: Sp\u00e5nskiva, st\u00e5l &#8211; Storlek p\u00e5 soffbordet: 80 x 45 cm (\u00d8 x H) &#8211; Vikt: 8,8 kg &#8211; Max. statisk belastningskapacitet: 30 kg  Leveransomfattning: &#8211; 1 x soffbord &#8211; 1 x tillbeh\u00f6rspaket &#8211; 1 x bruksanvisning VASAGLE Anm\u00e4rkningar: &#8211; Av s\u00e4kerhetssk\u00e4l \u00e4r det f\u00f6rbjudet f\u00f6r barn att kl\u00e4ttra p\u00e5 eller leka med produkten. &#8211; Ta bort bordsskivan n\u00e4r du flyttar produkten. &#8211; Dra inte produkten \u00f6ver golvet f\u00f6r att undvika skador genom att produkten v\u00e4lter eller tippar.<\/p>\n","protected":false},"excerpt":{"rendered":"<p>VASAGLE soffbord, sidobord, vardagsrumsbord, soffbord, st\u00e5lstativ, f\u00f6r vardagsrum, sovrum, arbetsrum, industriell design, vintagebrunt-svart LCT040B01<\/p>\n","protected":false},"featured_media":46619,"comment_status":"open","ping_status":"closed","template":"","meta":[],"product_brand":[],"product_cat":[33],"product_tag":[],"class_list":{"0":"post-14024","1":"product","2":"type-product","3":"status-publish","4":"has-post-thumbnail","6":"product_cat-okategoriserad","8":"first","9":"instock","10":"shipping-taxable","11":"purchasable","12":"product-type-simple"},"_links":{"self":[{"href":"https:\/\/nordicmart.andreevmaster.com\/sv\/wp-json\/wp\/v2\/product\/14024","targetHints":{"allow":["GET"]}}],"collection":[{"href":"https:\/\/nordicmart.andreevmaster.com\/sv\/wp-json\/wp\/v2\/product"}],"about":[{"href":"https:\/\/nordicmart.andreevmaster.com\/sv\/wp-json\/wp\/v2\/types\/product"}],"replies":[{"embeddable":true,"href":"https:\/\/nordicmart.andreevmaster.com\/sv\/wp-json\/wp\/v2\/comments?post=14024"}],"wp:featuredmedia":[{"embeddable":true,"href":"https:\/\/nordicmart.andreevmaster.com\/sv\/wp-json\/wp\/v2\/media\/46619"}],"wp:attachment":[{"href":"https:\/\/nordicmart.andreevmaster.com\/sv\/wp-json\/wp\/v2\/media?parent=14024"}],"wp:term":[{"taxonomy":"product_brand","embeddable":true,"href":"https:\/\/nordicmart.andreevmaster.com\/sv\/wp-json\/wp\/v2\/product_brand?post=14024"},{"taxonomy":"product_cat","embeddable":true,"href":"https:\/\/nordicmart.andreevmaster.com\/sv\/wp-json\/wp\/v2\/product_cat?post=14024"},{"taxonomy":"product_tag","embeddable":true,"href":"https:\/\/nordicmart.andreevmaster.com\/sv\/wp-json\/wp\/v2\/product_tag?post=14024"}],"curies":[{"name":"wp","href":"https:\/\/api.w.org\/{rel}","templated":true}]}}