{"id":14019,"date":"2026-02-27T00:20:12","date_gmt":"2026-02-27T00:20:12","guid":{"rendered":"https:\/\/nordicmart.andreevmaster.com\/product\/vasagle-soffbord-i-industriell-design-med-forvaringshylla\/"},"modified":"2026-02-27T08:12:57","modified_gmt":"2026-02-27T08:12:57","slug":"vasagle-soffbord-i-industriell-design-med-forvaringshylla","status":"publish","type":"product","link":"https:\/\/nordicmart.andreevmaster.com\/sv\/produkt\/vasagle-soffbord-i-industriell-design-med-forvaringshylla\/","title":{"rendered":"VASAGLE soffbord i industriell design med f\u00f6rvaringshylla"},"content":{"rendered":"<p>VASAGLE \u2013 st\u00e5r f\u00f6r en fantasifull kombination av funktionalitet, t\u00e5lighet och stilfulla vintage-design. Om du vill ge dina rum en individuell touch och en antik pr\u00e4gel kan du uppn\u00e5 imponerande effekter med denna m\u00f6belserie. Vintage-vardagsrumsbord med st\u00e5linslag Detta soffbord \u00e4r inte bara ett riktigt tillskott f\u00f6r \u00e4lskare av den romantiska vintage-stilen. \u00c4ven fans av den trendiga industridesignen kan f\u00f6rh\u00f6ja sitt vardagsrum med denna m\u00f6bel, eftersom stativet \u00e4r tillverkat av matt svart st\u00e5l. Detta g\u00e4ller \u00e4ven den rymliga hyllan, d\u00e4r du till exempel kan placera b\u00f6cker, tidningar eller gr\u00f6na v\u00e4xter. Titta bakom fasaden En m\u00f6bel har dock ingen nytta av sitt vackra utseende om den saknar funktionalitet. D\u00e4rf\u00f6r har v\u00e5rt soffbord en stor bordsskiva som t\u00e5l upp till 120 kg och \u00e4r s\u00e4rskilt t\u00e5lig. De justerbara f\u00f6tterna kompenserar f\u00f6r sm\u00e5 oj\u00e4mnheter i golvet. Dessutom skyddar de ditt v\u00e4rdefulla parkettgolv fr\u00e5n repor. Komplettera din inredning med vintage-m\u00f6bler fr\u00e5n VASAGLE! Produktdetaljer: &#8211; F\u00e4rg: Vintagebrun-svart &#8211; Material: sp\u00e5nskiva, st\u00e5l &#8211; Storlek: 106,2 x 45 x 60,2 cm (B x H x D) &#8211; Bruttovikt: 16,3 kg &#8211; Nettovikt: 13,71 kg Leveransomfattning: &#8211; 1 x soffbord &#8211; 1 x bruksanvisning (DE, EN, FR, IT, ES) &#8211; Insexnyckel<\/p>\n","protected":false},"excerpt":{"rendered":"<p>VASAGLE soffbord, vardagsrumsbord, soffbord med stor hylla, sidobord, stabilt, metallstativ, enkel montering, industriell design, vintagebrun-svart LCT61X<\/p>\n","protected":false},"featured_media":42076,"comment_status":"open","ping_status":"closed","template":"","meta":[],"product_brand":[],"product_cat":[33],"product_tag":[],"class_list":{"0":"post-14019","1":"product","2":"type-product","3":"status-publish","4":"has-post-thumbnail","6":"product_cat-okategoriserad","8":"first","9":"instock","10":"shipping-taxable","11":"purchasable","12":"product-type-simple"},"_links":{"self":[{"href":"https:\/\/nordicmart.andreevmaster.com\/sv\/wp-json\/wp\/v2\/product\/14019","targetHints":{"allow":["GET"]}}],"collection":[{"href":"https:\/\/nordicmart.andreevmaster.com\/sv\/wp-json\/wp\/v2\/product"}],"about":[{"href":"https:\/\/nordicmart.andreevmaster.com\/sv\/wp-json\/wp\/v2\/types\/product"}],"replies":[{"embeddable":true,"href":"https:\/\/nordicmart.andreevmaster.com\/sv\/wp-json\/wp\/v2\/comments?post=14019"}],"wp:featuredmedia":[{"embeddable":true,"href":"https:\/\/nordicmart.andreevmaster.com\/sv\/wp-json\/wp\/v2\/media\/42076"}],"wp:attachment":[{"href":"https:\/\/nordicmart.andreevmaster.com\/sv\/wp-json\/wp\/v2\/media?parent=14019"}],"wp:term":[{"taxonomy":"product_brand","embeddable":true,"href":"https:\/\/nordicmart.andreevmaster.com\/sv\/wp-json\/wp\/v2\/product_brand?post=14019"},{"taxonomy":"product_cat","embeddable":true,"href":"https:\/\/nordicmart.andreevmaster.com\/sv\/wp-json\/wp\/v2\/product_cat?post=14019"},{"taxonomy":"product_tag","embeddable":true,"href":"https:\/\/nordicmart.andreevmaster.com\/sv\/wp-json\/wp\/v2\/product_tag?post=14019"}],"curies":[{"name":"wp","href":"https:\/\/api.w.org\/{rel}","templated":true}]}}