{"id":14017,"date":"2026-02-27T00:20:12","date_gmt":"2026-02-27T00:20:12","guid":{"rendered":"https:\/\/nordicmart.andreevmaster.com\/product\/svart-modernt-soffbord\/"},"modified":"2026-02-27T08:12:56","modified_gmt":"2026-02-27T08:12:56","slug":"svart-modernt-soffbord","status":"publish","type":"product","link":"https:\/\/nordicmart.andreevmaster.com\/sv\/produkt\/svart-modernt-soffbord\/","title":{"rendered":"Svart modernt soffbord"},"content":{"rendered":"<p>Soffbordet kan vara det viktigaste m\u00f6bel i hemmet. Det fungerar som en samlingspunkt som f\u00f6renar familj och v\u00e4nner kring spel, filmer, snacks och goda samtal. Detta moderna soffbord g\u00f6r allt detta med en stil som kompletterar rummet omkring det.Detta minimalistiska och moderna soffbord, som kombinerar robust metall och h\u00e5llbart tr\u00e4, ger inte bara ditt vardagsrum den stil du l\u00e4ngtar efter, utan g\u00f6r det ocks\u00e5 p\u00e5 ett h\u00e5llbart s\u00e4tt. Den underliggande metallhyllan \u00e4r bara pricken \u00f6ver i p\u00e5 en redan elegant kaka.Vill du hellre koppla av i soffan \u00e4n montera soffbord? Ingen fara. Detta moderna soffbord \u00e4r enkelt att montera tack vare de f\u00f6renklade instruktionerna och det hanterbara antalet delar.Skaffa ett par moderna sidobord till soffan, en modern bokhylla p\u00e5 v\u00e4ggen och ett modernt tv-stativ som tittar. Med VASAGLE f\u00e5r du enkelt passande m\u00f6bler som g\u00f6r ditt hem till ett hem.Tekniska uppgifter: &#8211; F\u00e4rg: Svart &#8211; Material: Svart: Material: Sp\u00e5nskiva, st\u00e5l &#8211; Produktens storlek: 43,3 &#8221;L x 23,6 &#8221;L x 17,7 &#8221;K (110 x 60 x 45 cm) F\u00f6rpackningens inneh\u00e5ll:- 1 x soffbord- 1 x tillbeh\u00f6rspaket- 1 x bruksanvisning (EN, DE, FR, ES, IT)<\/p>\n","protected":false},"excerpt":{"rendered":"<p>Soffbordet kan vara det viktigaste m\u00f6bel i hemmet. Det fungerar som en samlingspunkt som f\u00f6renar familj och v\u00e4nner kring spel, filmer, snacks och goda samtal. Detta moderna soffbord g\u00f6r allt detta med en stil som kompletterar rummet omkring det.Detta minimalistiska och moderna soffbord, som kombinerar robust metall och h\u00e5llbart tr\u00e4, ger inte bara ditt vardagsrum [&hellip;]<\/p>\n","protected":false},"featured_media":0,"comment_status":"open","ping_status":"closed","template":"","meta":[],"product_brand":[],"product_cat":[33],"product_tag":[],"class_list":{"0":"post-14017","1":"product","2":"type-product","3":"status-publish","5":"product_cat-okategoriserad","7":"first","8":"instock","9":"shipping-taxable","10":"product-type-simple"},"_links":{"self":[{"href":"https:\/\/nordicmart.andreevmaster.com\/sv\/wp-json\/wp\/v2\/product\/14017","targetHints":{"allow":["GET"]}}],"collection":[{"href":"https:\/\/nordicmart.andreevmaster.com\/sv\/wp-json\/wp\/v2\/product"}],"about":[{"href":"https:\/\/nordicmart.andreevmaster.com\/sv\/wp-json\/wp\/v2\/types\/product"}],"replies":[{"embeddable":true,"href":"https:\/\/nordicmart.andreevmaster.com\/sv\/wp-json\/wp\/v2\/comments?post=14017"}],"wp:attachment":[{"href":"https:\/\/nordicmart.andreevmaster.com\/sv\/wp-json\/wp\/v2\/media?parent=14017"}],"wp:term":[{"taxonomy":"product_brand","embeddable":true,"href":"https:\/\/nordicmart.andreevmaster.com\/sv\/wp-json\/wp\/v2\/product_brand?post=14017"},{"taxonomy":"product_cat","embeddable":true,"href":"https:\/\/nordicmart.andreevmaster.com\/sv\/wp-json\/wp\/v2\/product_cat?post=14017"},{"taxonomy":"product_tag","embeddable":true,"href":"https:\/\/nordicmart.andreevmaster.com\/sv\/wp-json\/wp\/v2\/product_tag?post=14017"}],"curies":[{"name":"wp","href":"https:\/\/api.w.org\/{rel}","templated":true}]}}