{"id":14016,"date":"2026-02-27T00:20:12","date_gmt":"2026-02-27T00:20:12","guid":{"rendered":"https:\/\/nordicmart.andreevmaster.com\/product\/vasagle-soffbord-med-2-lador-industriell-look\/"},"modified":"2026-02-27T08:12:56","modified_gmt":"2026-02-27T08:12:56","slug":"vasagle-soffbord-med-2-lador-industriell-look","status":"publish","type":"product","link":"https:\/\/nordicmart.andreevmaster.com\/sv\/produkt\/vasagle-soffbord-med-2-lador-industriell-look\/","title":{"rendered":"VASAGLE soffbord med 2 l\u00e5dor Industriell look"},"content":{"rendered":"<p>VARDAGSRUMSBORDET Oavsett om du just har flyttat in i din f\u00f6rsta l\u00e4genhet eller om du vill ge ditt vardagsrum en modern \u2013 men \u00e4nd\u00e5 klassisk \u2013 stil, g\u00f6r detta vardagsrumsbord i industriell design fr\u00e5n VASAGLE allt m\u00f6jligt.- Tr\u00e4materialet med m\u00f6rkbrunt vintagefan\u00e9r och det svarta j\u00e4rnstativet ger detta soffbord i industriell stil ett trendigt utseende som passar olika inredningsstilar. &#8211; Tack vare de tv\u00e5 l\u00e5dorna mellan hyllplanet erbjuder soffbordet gott om f\u00f6rvaringsutrymme f\u00f6r alla dina tillh\u00f6righeter (max. statisk belastningskapacitet 50 kg).- Tack vare de justerbara f\u00f6tterna kan du st\u00e4lla bordet p\u00e5 oj\u00e4mna golv och skydda det mot repor. Om du har ytterligare fr\u00e5gor om denna produkt \u00e4r du v\u00e4lkommen att kontakta oss \u2013 vi finns h\u00e4r f\u00f6r att hj\u00e4lpa dig! Produktdetaljer:- F\u00e4rg: Vintage &#8211; Material: Sp\u00e5nskiva, j\u00e4rnstativ, zinklegering &#8211; Storlek per krok: 110 x 50 x 45 cm (L x B x H) &#8211; Vikt per krok: 26,2 kg &#8211; Max. statisk belastningskapacitet: 50 kg Leveransomfattning:- 1 x soffbord &#8211; 1 x beh\u00e5llare med tillbeh\u00f6r &#8211; 1 x bruksanvisning (DE, EN, FR, ES, IT) VASAGLE Anm\u00e4rkningar: &#8211; Uts\u00e4tt inte produkten f\u00f6r intensivt solljus eller fuktig milj\u00f6 under l\u00e4ngre tid.<\/p>\n","protected":false},"excerpt":{"rendered":"<p>VASAGLE soffbord i industriell design, vardagsrumsbord med 2 l\u00e5dor och hyllplan, soffbord med stabil metallram, soffbord, vardagsrum, tr\u00e4look, vintage LCT43X<\/p>\n","protected":false},"featured_media":42074,"comment_status":"open","ping_status":"closed","template":"","meta":[],"product_brand":[],"product_cat":[33],"product_tag":[],"class_list":{"0":"post-14016","1":"product","2":"type-product","3":"status-publish","4":"has-post-thumbnail","6":"product_cat-okategoriserad","8":"first","9":"instock","10":"shipping-taxable","11":"purchasable","12":"product-type-simple"},"_links":{"self":[{"href":"https:\/\/nordicmart.andreevmaster.com\/sv\/wp-json\/wp\/v2\/product\/14016","targetHints":{"allow":["GET"]}}],"collection":[{"href":"https:\/\/nordicmart.andreevmaster.com\/sv\/wp-json\/wp\/v2\/product"}],"about":[{"href":"https:\/\/nordicmart.andreevmaster.com\/sv\/wp-json\/wp\/v2\/types\/product"}],"replies":[{"embeddable":true,"href":"https:\/\/nordicmart.andreevmaster.com\/sv\/wp-json\/wp\/v2\/comments?post=14016"}],"wp:featuredmedia":[{"embeddable":true,"href":"https:\/\/nordicmart.andreevmaster.com\/sv\/wp-json\/wp\/v2\/media\/42074"}],"wp:attachment":[{"href":"https:\/\/nordicmart.andreevmaster.com\/sv\/wp-json\/wp\/v2\/media?parent=14016"}],"wp:term":[{"taxonomy":"product_brand","embeddable":true,"href":"https:\/\/nordicmart.andreevmaster.com\/sv\/wp-json\/wp\/v2\/product_brand?post=14016"},{"taxonomy":"product_cat","embeddable":true,"href":"https:\/\/nordicmart.andreevmaster.com\/sv\/wp-json\/wp\/v2\/product_cat?post=14016"},{"taxonomy":"product_tag","embeddable":true,"href":"https:\/\/nordicmart.andreevmaster.com\/sv\/wp-json\/wp\/v2\/product_tag?post=14016"}],"curies":[{"name":"wp","href":"https:\/\/api.w.org\/{rel}","templated":true}]}}