{"id":14015,"date":"2026-02-27T00:20:11","date_gmt":"2026-02-27T00:20:11","guid":{"rendered":"https:\/\/nordicmart.andreevmaster.com\/product\/vasagle-soffbord-i-industriell-design-glas\/"},"modified":"2026-02-27T08:12:56","modified_gmt":"2026-02-27T08:12:56","slug":"vasagle-soffbord-i-industriell-design-glas","status":"publish","type":"product","link":"https:\/\/nordicmart.andreevmaster.com\/sv\/produkt\/vasagle-soffbord-i-industriell-design-glas\/","title":{"rendered":"VASAGLE soffbord i industriell design, glas"},"content":{"rendered":"<p>F\u00f6rutom vardagliga och framf\u00f6r allt praktiska skapelser kommer VASAGLE:s designers ocks\u00e5 ofta p\u00e5 m\u00f6bler av ett speciellt slag, som till exempel utm\u00e4rker sig genom sin unika form eller kreativa materialkombinationer. P\u00e5 s\u00e5 s\u00e4tt ger de dig m\u00f6jlighet att g\u00f6ra ditt hem till n\u00e5got helt extraordin\u00e4rt.  Elegant soffbord i industriell design Med en robust glasytan, en stabil j\u00e4rnram och en hylla i vintage-stil ser detta soffbord mycket elegant ut, n\u00e4stan som om det kommit direkt fr\u00e5n ett museum. Duka till exempel med en stor vas med f\u00e4rska blommor. Under glasplattan ligger fj\u00e4rrkontrollen och tidningarna alltid v\u00e4l synliga och l\u00e4ttillg\u00e4ngliga. Tv\u00e5 rymliga l\u00e5dor erbjuder dessutom \u00e4nnu mer f\u00f6rvaringsutrymme. Om du gillar stilen p\u00e5 detta vardagsrumsbord, ta ocks\u00e5 en titt p\u00e5 det tillh\u00f6rande sidobordet och den matchande sideboarden fr\u00e5n VASAGLE. Produktdetaljer: &#8211; F\u00e4rg: Vintagebrun-svart &#8211; Material: Sp\u00e5nskivor, j\u00e4rn, h\u00e4rdat glas &#8211; Storlek: 106 x 57 x 45 cm (L x B x H) &#8211; Vikt: 27,3 kg &#8211; Max. statisk belastningskapacitet f\u00f6r glasytan: 30 kg Leveransomfattning: &#8211; 1 x vardagsrumsbord &#8211; 1 x tillbeh\u00f6rsp\u00e5se (inklusive monteringsverktyg) &#8211; 1 x bruksanvisning (DE, EN, FR, ES, IT) VASAGLE Anm\u00e4rkningar: &#8211; Uts\u00e4tt inte denna produkt f\u00f6r intensivt solljus under en l\u00e4ngre tid. &#8211; Hantera glasytan med f\u00f6rsiktighet f\u00f6r att undvika sprickor.<\/p>\n","protected":false},"excerpt":{"rendered":"<p>VASAGLE soffbord, vardagsrumsbord, glasbord med 2 l\u00e5dor, kaffebord, soffbord, loungedekoration, h\u00e4rdat glas, stabilt, industriell design, vintagebrunt-svart LCT31BX<\/p>\n","protected":false},"featured_media":42073,"comment_status":"open","ping_status":"closed","template":"","meta":[],"product_brand":[],"product_cat":[33],"product_tag":[],"class_list":{"0":"post-14015","1":"product","2":"type-product","3":"status-publish","4":"has-post-thumbnail","6":"product_cat-okategoriserad","8":"first","9":"instock","10":"shipping-taxable","11":"purchasable","12":"product-type-simple"},"_links":{"self":[{"href":"https:\/\/nordicmart.andreevmaster.com\/sv\/wp-json\/wp\/v2\/product\/14015","targetHints":{"allow":["GET"]}}],"collection":[{"href":"https:\/\/nordicmart.andreevmaster.com\/sv\/wp-json\/wp\/v2\/product"}],"about":[{"href":"https:\/\/nordicmart.andreevmaster.com\/sv\/wp-json\/wp\/v2\/types\/product"}],"replies":[{"embeddable":true,"href":"https:\/\/nordicmart.andreevmaster.com\/sv\/wp-json\/wp\/v2\/comments?post=14015"}],"wp:featuredmedia":[{"embeddable":true,"href":"https:\/\/nordicmart.andreevmaster.com\/sv\/wp-json\/wp\/v2\/media\/42073"}],"wp:attachment":[{"href":"https:\/\/nordicmart.andreevmaster.com\/sv\/wp-json\/wp\/v2\/media?parent=14015"}],"wp:term":[{"taxonomy":"product_brand","embeddable":true,"href":"https:\/\/nordicmart.andreevmaster.com\/sv\/wp-json\/wp\/v2\/product_brand?post=14015"},{"taxonomy":"product_cat","embeddable":true,"href":"https:\/\/nordicmart.andreevmaster.com\/sv\/wp-json\/wp\/v2\/product_cat?post=14015"},{"taxonomy":"product_tag","embeddable":true,"href":"https:\/\/nordicmart.andreevmaster.com\/sv\/wp-json\/wp\/v2\/product_tag?post=14015"}],"curies":[{"name":"wp","href":"https:\/\/api.w.org\/{rel}","templated":true}]}}