{"id":14012,"date":"2026-02-27T00:20:11","date_gmt":"2026-02-27T00:20:11","guid":{"rendered":"https:\/\/nordicmart.andreevmaster.com\/product\/vasagle-soffbord-3-pack-med-forvaringsutrymme-ebenholtsfargat\/"},"modified":"2026-02-27T08:12:55","modified_gmt":"2026-02-27T08:12:55","slug":"vasagle-soffbord-3-pack-med-forvaringsutrymme-ebenholtsfargat","status":"publish","type":"product","link":"https:\/\/nordicmart.andreevmaster.com\/sv\/produkt\/vasagle-soffbord-3-pack-med-forvaringsutrymme-ebenholtsfargat\/","title":{"rendered":"VASAGLE soffbord 3-pack med f\u00f6rvaringsutrymme ebenholtsf\u00e4rgat"},"content":{"rendered":"<p>VASAGLE soffbord 3-pack, sidobord, kaffebord, bord med f\u00f6rvaringsutrymme, anpassningsbart, rektangul\u00e4rt, modernt, f\u00f6r vardagsrum, sovrum, arbetsrum, ebenholtsvart LCT301B01<br \/>\nF\u00e4rg: ebenholts svart<br \/>\nMaterial: sp\u00e5nskiva<br \/>\nStorlek p\u00e5 varje litet bord: 30 x 60 x 40 cm (D x B x H)<br \/>\nTotalvikt: 23,8 kg<br \/>\nMax. statisk belastningskapacitet per bord: 30 kg<br \/>\nMax. statisk belastningskapacitet totalt: 90 kg<\/p>\n","protected":false},"excerpt":{"rendered":"<p>VASAGLE soffbord 3-pack, sidobord, kaffebord, bord med f\u00f6rvaringsutrymme, anpassningsbart, rektangul\u00e4rt, modernt, f\u00f6r vardagsrum, sovrum, arbetsrum, ebenholtsvart LCT301B01<\/p>\n","protected":false},"featured_media":42070,"comment_status":"open","ping_status":"closed","template":"","meta":[],"product_brand":[],"product_cat":[33],"product_tag":[],"class_list":{"0":"post-14012","1":"product","2":"type-product","3":"status-publish","4":"has-post-thumbnail","6":"product_cat-okategoriserad","8":"first","9":"instock","10":"shipping-taxable","11":"purchasable","12":"product-type-simple"},"_links":{"self":[{"href":"https:\/\/nordicmart.andreevmaster.com\/sv\/wp-json\/wp\/v2\/product\/14012","targetHints":{"allow":["GET"]}}],"collection":[{"href":"https:\/\/nordicmart.andreevmaster.com\/sv\/wp-json\/wp\/v2\/product"}],"about":[{"href":"https:\/\/nordicmart.andreevmaster.com\/sv\/wp-json\/wp\/v2\/types\/product"}],"replies":[{"embeddable":true,"href":"https:\/\/nordicmart.andreevmaster.com\/sv\/wp-json\/wp\/v2\/comments?post=14012"}],"wp:featuredmedia":[{"embeddable":true,"href":"https:\/\/nordicmart.andreevmaster.com\/sv\/wp-json\/wp\/v2\/media\/42070"}],"wp:attachment":[{"href":"https:\/\/nordicmart.andreevmaster.com\/sv\/wp-json\/wp\/v2\/media?parent=14012"}],"wp:term":[{"taxonomy":"product_brand","embeddable":true,"href":"https:\/\/nordicmart.andreevmaster.com\/sv\/wp-json\/wp\/v2\/product_brand?post=14012"},{"taxonomy":"product_cat","embeddable":true,"href":"https:\/\/nordicmart.andreevmaster.com\/sv\/wp-json\/wp\/v2\/product_cat?post=14012"},{"taxonomy":"product_tag","embeddable":true,"href":"https:\/\/nordicmart.andreevmaster.com\/sv\/wp-json\/wp\/v2\/product_tag?post=14012"}],"curies":[{"name":"wp","href":"https:\/\/api.w.org\/{rel}","templated":true}]}}