{"id":14011,"date":"2026-02-27T00:20:11","date_gmt":"2026-02-27T00:20:11","guid":{"rendered":"https:\/\/nordicmart.andreevmaster.com\/product\/vasagle-soffbord-med-lador-50-x-120-cm-kamelbrunt-black-svart\/"},"modified":"2026-02-27T08:12:55","modified_gmt":"2026-02-27T08:12:55","slug":"vasagle-soffbord-med-lador-50-x-120-cm-kamelbrunt-black-svart","status":"publish","type":"product","link":"https:\/\/nordicmart.andreevmaster.com\/sv\/produkt\/vasagle-soffbord-med-lador-50-x-120-cm-kamelbrunt-black-svart\/","title":{"rendered":"VASAGLE soffbord med l\u00e5dor 50 x 120 cm kamelbrunt-bl\u00e4ck svart"},"content":{"rendered":"<p>VASAGLE soffbord, h\u00f6j- och s\u00e4nkbart vardagsrumsbord, kaffebord, med l\u00e5dor, \u00f6ppet fack, 50 x 120 cm, kamelbrunt-bl\u00e4ksvart LCT252K02<br \/>\nF\u00e4rg: Kamelbrun-bl\u00e4ksvart<br \/>\nMaterial: Sp\u00e5nskiva, st\u00e5l<br \/>\nStorlek: 50 x 120 cm (D x B)<br \/>\nH\u00f6jd: 48\u201363 cm<br \/>\nVikt: 29,4 kg<br \/>\nMax. statisk belastningskapacitet f\u00f6r bordsskivan i upph\u00f6jt l\u00e4ge: 20 kg<br \/>\nMax. statisk belastningskapacitet totalt: 136 kg<\/p>\n","protected":false},"excerpt":{"rendered":"<p>VASAGLE soffbord, h\u00f6j- och s\u00e4nkbart vardagsrumsbord, kaffebord, med l\u00e5dor, \u00f6ppet fack, 50 x 120 cm, kamelbrunt-bl\u00e4ksvart LCT252K02<\/p>\n","protected":false},"featured_media":42069,"comment_status":"open","ping_status":"closed","template":"","meta":[],"product_brand":[],"product_cat":[33],"product_tag":[],"class_list":{"0":"post-14011","1":"product","2":"type-product","3":"status-publish","4":"has-post-thumbnail","6":"product_cat-okategoriserad","8":"first","9":"instock","10":"shipping-taxable","11":"purchasable","12":"product-type-simple"},"_links":{"self":[{"href":"https:\/\/nordicmart.andreevmaster.com\/sv\/wp-json\/wp\/v2\/product\/14011","targetHints":{"allow":["GET"]}}],"collection":[{"href":"https:\/\/nordicmart.andreevmaster.com\/sv\/wp-json\/wp\/v2\/product"}],"about":[{"href":"https:\/\/nordicmart.andreevmaster.com\/sv\/wp-json\/wp\/v2\/types\/product"}],"replies":[{"embeddable":true,"href":"https:\/\/nordicmart.andreevmaster.com\/sv\/wp-json\/wp\/v2\/comments?post=14011"}],"wp:featuredmedia":[{"embeddable":true,"href":"https:\/\/nordicmart.andreevmaster.com\/sv\/wp-json\/wp\/v2\/media\/42069"}],"wp:attachment":[{"href":"https:\/\/nordicmart.andreevmaster.com\/sv\/wp-json\/wp\/v2\/media?parent=14011"}],"wp:term":[{"taxonomy":"product_brand","embeddable":true,"href":"https:\/\/nordicmart.andreevmaster.com\/sv\/wp-json\/wp\/v2\/product_brand?post=14011"},{"taxonomy":"product_cat","embeddable":true,"href":"https:\/\/nordicmart.andreevmaster.com\/sv\/wp-json\/wp\/v2\/product_cat?post=14011"},{"taxonomy":"product_tag","embeddable":true,"href":"https:\/\/nordicmart.andreevmaster.com\/sv\/wp-json\/wp\/v2\/product_tag?post=14011"}],"curies":[{"name":"wp","href":"https:\/\/api.w.org\/{rel}","templated":true}]}}