{"id":14008,"date":"2026-02-27T00:20:10","date_gmt":"2026-02-27T00:20:10","guid":{"rendered":"https:\/\/nordicmart.andreevmaster.com\/product\/vasagle-soffbord-2-pack-med-led-belysning-molnvit-black-svart\/"},"modified":"2026-02-27T08:12:55","modified_gmt":"2026-02-27T08:12:55","slug":"vasagle-soffbord-2-pack-med-led-belysning-molnvit-black-svart","status":"publish","type":"product","link":"https:\/\/nordicmart.andreevmaster.com\/sv\/produkt\/vasagle-soffbord-2-pack-med-led-belysning-molnvit-black-svart\/","title":{"rendered":"VASAGLE soffbord 2-pack med LED-belysning molnvit-bl\u00e4ck svart"},"content":{"rendered":"<p>VASAGLE soffbord, 2-pack med LED-belysning, fyrkantigt sidobord, modernt, mj\u00f6lkglas, nedre hylla, f\u00f6r vardagsrum, sovrum, kontor, molnvit-p\u00e4rlvit LCT246W01<br \/>\nF\u00e4rg: Molnvit-bl\u00e4ck svart<br \/>\nMaterial: H\u00e5rt glas, st\u00e5l<br \/>\nStorlek p\u00e5 det stora bordet: 60 x 60 x 45 cm (D x B x H)<br \/>\nStorlek p\u00e5 det lilla bordet: 50 x 50 x 40 cm (D x B x H)<br \/>\nTotalvikt: 16,7 kg<br \/>\nMax. statisk belastningskapacitet per bord: 30 kg<\/p>\n","protected":false},"excerpt":{"rendered":"<p>VASAGLE soffbord, 2-pack med LED-belysning, fyrkantigt sidobord, modernt, mj\u00f6lkglas, nedre hylla, f\u00f6r vardagsrum, sovrum, kontor, molnvit-p\u00e4rlvit LCT246W01<\/p>\n","protected":false},"featured_media":42067,"comment_status":"open","ping_status":"closed","template":"","meta":[],"product_brand":[],"product_cat":[33],"product_tag":[],"class_list":{"0":"post-14008","1":"product","2":"type-product","3":"status-publish","4":"has-post-thumbnail","6":"product_cat-okategoriserad","8":"first","9":"instock","10":"shipping-taxable","11":"purchasable","12":"product-type-simple"},"_links":{"self":[{"href":"https:\/\/nordicmart.andreevmaster.com\/sv\/wp-json\/wp\/v2\/product\/14008","targetHints":{"allow":["GET"]}}],"collection":[{"href":"https:\/\/nordicmart.andreevmaster.com\/sv\/wp-json\/wp\/v2\/product"}],"about":[{"href":"https:\/\/nordicmart.andreevmaster.com\/sv\/wp-json\/wp\/v2\/types\/product"}],"replies":[{"embeddable":true,"href":"https:\/\/nordicmart.andreevmaster.com\/sv\/wp-json\/wp\/v2\/comments?post=14008"}],"wp:featuredmedia":[{"embeddable":true,"href":"https:\/\/nordicmart.andreevmaster.com\/sv\/wp-json\/wp\/v2\/media\/42067"}],"wp:attachment":[{"href":"https:\/\/nordicmart.andreevmaster.com\/sv\/wp-json\/wp\/v2\/media?parent=14008"}],"wp:term":[{"taxonomy":"product_brand","embeddable":true,"href":"https:\/\/nordicmart.andreevmaster.com\/sv\/wp-json\/wp\/v2\/product_brand?post=14008"},{"taxonomy":"product_cat","embeddable":true,"href":"https:\/\/nordicmart.andreevmaster.com\/sv\/wp-json\/wp\/v2\/product_cat?post=14008"},{"taxonomy":"product_tag","embeddable":true,"href":"https:\/\/nordicmart.andreevmaster.com\/sv\/wp-json\/wp\/v2\/product_tag?post=14008"}],"curies":[{"name":"wp","href":"https:\/\/api.w.org\/{rel}","templated":true}]}}