{"id":14005,"date":"2026-02-27T00:20:09","date_gmt":"2026-02-27T00:20:09","guid":{"rendered":"https:\/\/nordicmart.andreevmaster.com\/product\/vasagle-soffbord-runt-med-korg-i-tyg-cementgra-kramvit\/"},"modified":"2026-02-27T08:12:54","modified_gmt":"2026-02-27T08:12:54","slug":"vasagle-soffbord-runt-med-korg-i-tyg-cementgra-kramvit","status":"publish","type":"product","link":"https:\/\/nordicmart.andreevmaster.com\/sv\/produkt\/vasagle-soffbord-runt-med-korg-i-tyg-cementgra-kramvit\/","title":{"rendered":"VASAGLE soffbord, runt, med korg i tyg, cementgr\u00e5-kr\u00e4mvit"},"content":{"rendered":"<p>VASAGLE Rund soffbord, bord med f\u00f6rvaringsutrymme, sidobord, vardagsrumsbord med korg i tyg, modernt, metallram, bl\u00e4ck svart-skiffergr\u00e5 LCT244B56<br \/>\nF\u00e4rg: cementgr\u00e5-kr\u00e4mvit<br \/>\nMaterial: sp\u00e5nskiva, st\u00e5l, polyesterv\u00e4v<br \/>\nStorlek p\u00e5 sidobordet: 75 cm d, 45 cm H<br \/>\nStorlek p\u00e5 tygkorgen: 71,5 cm d, 15 cm H<br \/>\nTotalvikt: 9 kg<br \/>\nMax. statisk belastningskapacitet f\u00f6r bordsskivan: 40 kg<\/p>\n","protected":false},"excerpt":{"rendered":"<p>VASAGLE Rund soffbord, bord med f\u00f6rvaringsutrymme, sidobord, vardagsrumsbord med korg i tyg, modernt, metallram, bl\u00e4ck svart-skiffergr\u00e5 LCT244B56<\/p>\n","protected":false},"featured_media":42065,"comment_status":"open","ping_status":"closed","template":"","meta":[],"product_brand":[],"product_cat":[33],"product_tag":[],"class_list":{"0":"post-14005","1":"product","2":"type-product","3":"status-publish","4":"has-post-thumbnail","6":"product_cat-okategoriserad","8":"first","9":"instock","10":"shipping-taxable","11":"purchasable","12":"product-type-simple"},"_links":{"self":[{"href":"https:\/\/nordicmart.andreevmaster.com\/sv\/wp-json\/wp\/v2\/product\/14005","targetHints":{"allow":["GET"]}}],"collection":[{"href":"https:\/\/nordicmart.andreevmaster.com\/sv\/wp-json\/wp\/v2\/product"}],"about":[{"href":"https:\/\/nordicmart.andreevmaster.com\/sv\/wp-json\/wp\/v2\/types\/product"}],"replies":[{"embeddable":true,"href":"https:\/\/nordicmart.andreevmaster.com\/sv\/wp-json\/wp\/v2\/comments?post=14005"}],"wp:featuredmedia":[{"embeddable":true,"href":"https:\/\/nordicmart.andreevmaster.com\/sv\/wp-json\/wp\/v2\/media\/42065"}],"wp:attachment":[{"href":"https:\/\/nordicmart.andreevmaster.com\/sv\/wp-json\/wp\/v2\/media?parent=14005"}],"wp:term":[{"taxonomy":"product_brand","embeddable":true,"href":"https:\/\/nordicmart.andreevmaster.com\/sv\/wp-json\/wp\/v2\/product_brand?post=14005"},{"taxonomy":"product_cat","embeddable":true,"href":"https:\/\/nordicmart.andreevmaster.com\/sv\/wp-json\/wp\/v2\/product_cat?post=14005"},{"taxonomy":"product_tag","embeddable":true,"href":"https:\/\/nordicmart.andreevmaster.com\/sv\/wp-json\/wp\/v2\/product_tag?post=14005"}],"curies":[{"name":"wp","href":"https:\/\/api.w.org\/{rel}","templated":true}]}}