{"id":14003,"date":"2026-02-27T00:20:09","date_gmt":"2026-02-27T00:20:09","guid":{"rendered":"https:\/\/nordicmart.andreevmaster.com\/product\/vasagle-soffbord-2-nivaer-latt-att-montera-snovit\/"},"modified":"2026-02-27T08:12:54","modified_gmt":"2026-02-27T08:12:54","slug":"vasagle-soffbord-2-nivaer-latt-att-montera-snovit","status":"publish","type":"product","link":"https:\/\/nordicmart.andreevmaster.com\/sv\/produkt\/vasagle-soffbord-2-nivaer-latt-att-montera-snovit\/","title":{"rendered":"VASAGLE soffbord 2 niv\u00e5er, l\u00e4tt att montera, sn\u00f6vit"},"content":{"rendered":"<p>VASAGLE Rund soffbord, vardagsrumsbord 2 niv\u00e5er, soffbord f\u00f6r vardagsrum, 80 cm d, 45 cm H, l\u00e4tt att montera, antracitgr\u00e5 LCT243B22<br \/>\nF\u00e4rg: Sn\u00f6vit<br \/>\nMaterial: Sp\u00e5nskiva, MDF (medeldensitetsfiberplatta)<br \/>\nStorlek: 80 cm djup, 45 cm h\u00f6g<br \/>\nVikt: 11,4 kg<br \/>\nMax. statisk belastningskapacitet: 30 kg<\/p>\n","protected":false},"excerpt":{"rendered":"<p>VASAGLE Rund soffbord, vardagsrumsbord 2 niv\u00e5er, soffbord f\u00f6r vardagsrum, 80 cm d, 45 cm H, l\u00e4tt att montera, antracitgr\u00e5 LCT243B22<\/p>\n","protected":false},"featured_media":0,"comment_status":"open","ping_status":"closed","template":"","meta":[],"product_brand":[],"product_cat":[33],"product_tag":[],"class_list":{"0":"post-14003","1":"product","2":"type-product","3":"status-publish","5":"product_cat-okategoriserad","7":"first","8":"instock","9":"shipping-taxable","10":"purchasable","11":"product-type-simple"},"_links":{"self":[{"href":"https:\/\/nordicmart.andreevmaster.com\/sv\/wp-json\/wp\/v2\/product\/14003","targetHints":{"allow":["GET"]}}],"collection":[{"href":"https:\/\/nordicmart.andreevmaster.com\/sv\/wp-json\/wp\/v2\/product"}],"about":[{"href":"https:\/\/nordicmart.andreevmaster.com\/sv\/wp-json\/wp\/v2\/types\/product"}],"replies":[{"embeddable":true,"href":"https:\/\/nordicmart.andreevmaster.com\/sv\/wp-json\/wp\/v2\/comments?post=14003"}],"wp:attachment":[{"href":"https:\/\/nordicmart.andreevmaster.com\/sv\/wp-json\/wp\/v2\/media?parent=14003"}],"wp:term":[{"taxonomy":"product_brand","embeddable":true,"href":"https:\/\/nordicmart.andreevmaster.com\/sv\/wp-json\/wp\/v2\/product_brand?post=14003"},{"taxonomy":"product_cat","embeddable":true,"href":"https:\/\/nordicmart.andreevmaster.com\/sv\/wp-json\/wp\/v2\/product_cat?post=14003"},{"taxonomy":"product_tag","embeddable":true,"href":"https:\/\/nordicmart.andreevmaster.com\/sv\/wp-json\/wp\/v2\/product_tag?post=14003"}],"curies":[{"name":"wp","href":"https:\/\/api.w.org\/{rel}","templated":true}]}}