{"id":14002,"date":"2026-02-27T00:20:09","date_gmt":"2026-02-27T00:20:09","guid":{"rendered":"https:\/\/nordicmart.andreevmaster.com\/product\/soffbord-2-skiktat-runt-soffbord-med-forvaringsutrymme-for-vardagsrummet-80-x-45-cm-latt-att-montera-honungsbrunt\/"},"modified":"2026-02-27T08:12:54","modified_gmt":"2026-02-27T08:12:54","slug":"soffbord-2-skiktat-runt-soffbord-med-forvaringsutrymme-for-vardagsrummet-80-x-45-cm-latt-att-montera-honungsbrunt","status":"publish","type":"product","link":"https:\/\/nordicmart.andreevmaster.com\/sv\/produkt\/soffbord-2-skiktat-runt-soffbord-med-forvaringsutrymme-for-vardagsrummet-80-x-45-cm-latt-att-montera-honungsbrunt\/","title":{"rendered":"Soffbord, 2-skiktat runt soffbord med f\u00f6rvaringsutrymme, f\u00f6r vardagsrummet, 80 x 45 cm, l\u00e4tt att montera, honungsbrunt"},"content":{"rendered":"<p>\u30102-TIER COFFEE P\u00d6YT\u00c4\u3011Detta 2-niv\u00e5 soffbord, med m\u00e5tten 80 x 45 cm (diameter x h\u00f6jd), erbjuder gott om utrymme f\u00f6r att h\u00e5lla vardagsrummets n\u00f6dv\u00e4ndiga tillbeh\u00f6r ordnade och inom r\u00e4ckh\u00e5ll.\u3010H\u00c5LLBAR OCH STABIL\u3011Stabila sp\u00e5nskivor och MDF-skivor g\u00f6r detta soffbord stabilt och stadigt, och det har en b\u00e4rkraft p\u00e5 upp till 30 kg.\u3010HASSLE-FREE ASSEMBLY\u3011Tack vare m\u00e4rkta delar, tydliga instruktioner och enkel konstruktion kan du enkelt montera detta runda soffbord p\u00e5 cirka 20 minuter.\u3010CHIC UTSEENDE\u3011Tack vare den runda profilen och de rena linjerna ger detta soffbord ett elegant och naturligt intryck i rummet och kompletterar enkelt olika inredningsstilar.\u3010L\u00c4TT ATT RENG\u00d6RA\u3011F\u00f6r att reng\u00f6ra detta soffbord beh\u00f6vs bara en trasa, med vilken du enkelt kan h\u00e5lla det i perfekt skick. Tekniska uppgifter: F\u00e4rg: Honungsbrun<br \/>\nMaterial: Brun, brun, brun, brun, brun, brun, brun: MDF (medelh\u00f6g densitet fiberplatta).<br \/>\nProduktens storlek: 31,5 &#8221;Dia. x 17,7 &#8221;H (80 x 45 cm).Produktens vikt: 11,4 kg (25 lb)<br \/>\nMax. Statisk belastningskapacitet: 30 kg (66 lb)<\/p>\n<p>F\u00f6rpackningens inneh\u00e5ll:<\/p>\n<p>1 x Soffbord<br \/>\n1 x Monteringssats<br \/>\n1 x Instruktioner<\/p>\n","protected":false},"excerpt":{"rendered":"<p>\u30102-TIER COFFEE P\u00d6YT\u00c4\u3011Detta 2-niv\u00e5 soffbord, med m\u00e5tten 80 x 45 cm (diameter x h\u00f6jd), erbjuder gott om utrymme f\u00f6r att h\u00e5lla vardagsrummets n\u00f6dv\u00e4ndiga tillbeh\u00f6r ordnade och inom r\u00e4ckh\u00e5ll.\u3010H\u00c5LLBAR OCH STABIL\u3011Stabila sp\u00e5nskivor och MDF-skivor g\u00f6r detta soffbord stabilt och stadigt, och det har en b\u00e4rkraft p\u00e5 upp till 30 kg.\u3010HASSLE-FREE ASSEMBLY\u3011Tack vare m\u00e4rkta delar, tydliga instruktioner [&hellip;]<\/p>\n","protected":false},"featured_media":0,"comment_status":"open","ping_status":"closed","template":"","meta":[],"product_brand":[],"product_cat":[33],"product_tag":[],"class_list":{"0":"post-14002","1":"product","2":"type-product","3":"status-publish","5":"product_cat-okategoriserad","7":"first","8":"instock","9":"shipping-taxable","10":"product-type-simple"},"_links":{"self":[{"href":"https:\/\/nordicmart.andreevmaster.com\/sv\/wp-json\/wp\/v2\/product\/14002","targetHints":{"allow":["GET"]}}],"collection":[{"href":"https:\/\/nordicmart.andreevmaster.com\/sv\/wp-json\/wp\/v2\/product"}],"about":[{"href":"https:\/\/nordicmart.andreevmaster.com\/sv\/wp-json\/wp\/v2\/types\/product"}],"replies":[{"embeddable":true,"href":"https:\/\/nordicmart.andreevmaster.com\/sv\/wp-json\/wp\/v2\/comments?post=14002"}],"wp:attachment":[{"href":"https:\/\/nordicmart.andreevmaster.com\/sv\/wp-json\/wp\/v2\/media?parent=14002"}],"wp:term":[{"taxonomy":"product_brand","embeddable":true,"href":"https:\/\/nordicmart.andreevmaster.com\/sv\/wp-json\/wp\/v2\/product_brand?post=14002"},{"taxonomy":"product_cat","embeddable":true,"href":"https:\/\/nordicmart.andreevmaster.com\/sv\/wp-json\/wp\/v2\/product_cat?post=14002"},{"taxonomy":"product_tag","embeddable":true,"href":"https:\/\/nordicmart.andreevmaster.com\/sv\/wp-json\/wp\/v2\/product_tag?post=14002"}],"curies":[{"name":"wp","href":"https:\/\/api.w.org\/{rel}","templated":true}]}}