{"id":13997,"date":"2026-02-27T00:20:07","date_gmt":"2026-02-27T00:20:07","guid":{"rendered":"https:\/\/nordicmart.andreevmaster.com\/product\/vasagle-soffbord-med-2-hyllplan-och-rundade-horn\/"},"modified":"2026-02-27T08:12:53","modified_gmt":"2026-02-27T08:12:53","slug":"vasagle-soffbord-med-2-hyllplan-och-rundade-horn","status":"publish","type":"product","link":"https:\/\/nordicmart.andreevmaster.com\/sv\/produkt\/vasagle-soffbord-med-2-hyllplan-och-rundade-horn\/","title":{"rendered":"VASAGLE soffbord med 2 hyllplan och rundade h\u00f6rn"},"content":{"rendered":"<p>VASAGLE soffbord 2 niv\u00e5er, vardagsrumsbord med f\u00f6rvaringsutrymme, bord vardagsrum, soffbord med f\u00f6rvaring i PVC-rotting, rundade h\u00f6rn, boho-stil<br \/>\nF\u00e4rg: havregrynsbeige<br \/>\nMaterial: MDF (medeldensitetsfiberplatta), sp\u00e5nskiva, PVC-plast (polyvinylklorid)<br \/>\nStorlek: 55 x 100 x 45 cm (D x B x H)<br \/>\nVikt: 13,9 kg<br \/>\nMax. statisk belastningskapacitet f\u00f6r bordsskivan: 50 kg<br \/>\nMax. statisk belastningskapacitet f\u00f6r hyllan i nedre delen: 40 kg<\/p>\n","protected":false},"excerpt":{"rendered":"<p>VASAGLE soffbord 2 niv\u00e5er, vardagsrumsbord med f\u00f6rvaringsutrymme, bord vardagsrum, soffbord med f\u00f6rvaring i PVC-rotting, rundade h\u00f6rn, boho-stil<\/p>\n","protected":false},"featured_media":42063,"comment_status":"open","ping_status":"closed","template":"","meta":[],"product_brand":[],"product_cat":[33],"product_tag":[],"class_list":{"0":"post-13997","1":"product","2":"type-product","3":"status-publish","4":"has-post-thumbnail","6":"product_cat-okategoriserad","8":"first","9":"instock","10":"shipping-taxable","11":"purchasable","12":"product-type-simple"},"_links":{"self":[{"href":"https:\/\/nordicmart.andreevmaster.com\/sv\/wp-json\/wp\/v2\/product\/13997","targetHints":{"allow":["GET"]}}],"collection":[{"href":"https:\/\/nordicmart.andreevmaster.com\/sv\/wp-json\/wp\/v2\/product"}],"about":[{"href":"https:\/\/nordicmart.andreevmaster.com\/sv\/wp-json\/wp\/v2\/types\/product"}],"replies":[{"embeddable":true,"href":"https:\/\/nordicmart.andreevmaster.com\/sv\/wp-json\/wp\/v2\/comments?post=13997"}],"wp:featuredmedia":[{"embeddable":true,"href":"https:\/\/nordicmart.andreevmaster.com\/sv\/wp-json\/wp\/v2\/media\/42063"}],"wp:attachment":[{"href":"https:\/\/nordicmart.andreevmaster.com\/sv\/wp-json\/wp\/v2\/media?parent=13997"}],"wp:term":[{"taxonomy":"product_brand","embeddable":true,"href":"https:\/\/nordicmart.andreevmaster.com\/sv\/wp-json\/wp\/v2\/product_brand?post=13997"},{"taxonomy":"product_cat","embeddable":true,"href":"https:\/\/nordicmart.andreevmaster.com\/sv\/wp-json\/wp\/v2\/product_cat?post=13997"},{"taxonomy":"product_tag","embeddable":true,"href":"https:\/\/nordicmart.andreevmaster.com\/sv\/wp-json\/wp\/v2\/product_tag?post=13997"}],"curies":[{"name":"wp","href":"https:\/\/api.w.org\/{rel}","templated":true}]}}