{"id":13995,"date":"2026-02-27T00:20:07","date_gmt":"2026-02-27T00:20:07","guid":{"rendered":"https:\/\/nordicmart.andreevmaster.com\/product\/bord-basse-campagne-med-forvaring-fyrkantigt-soffbord-for-vardagsrummet-mittbord-med-separata-lock-honungsbrunt\/"},"modified":"2026-02-27T08:12:52","modified_gmt":"2026-02-27T08:12:52","slug":"bord-basse-campagne-med-forvaring-fyrkantigt-soffbord-for-vardagsrummet-mittbord-med-separata-lock-honungsbrunt","status":"publish","type":"product","link":"https:\/\/nordicmart.andreevmaster.com\/sv\/produkt\/bord-basse-campagne-med-forvaring-fyrkantigt-soffbord-for-vardagsrummet-mittbord-med-separata-lock-honungsbrunt\/","title":{"rendered":"Bord Basse Campagne med f\u00f6rvaring, fyrkantigt soffbord f\u00f6r vardagsrummet, mittbord med separata lock, honungsbrunt"},"content":{"rendered":"<p>\u3010TILAVUUS Piilotettu s\u00e4ilytystila\u3011T\u00e4m\u00e4 neli\u00f6n muotoinen sohvap\u00f6yt\u00e4 k\u00e4tkee taitavasti sis\u00e4\u00e4ns\u00e4 213 litran s\u00e4ilytyslokeron, jossa voit s\u00e4ilytt\u00e4\u00e4 peittoja, tyynyj\u00e4 ja kirjoja, jotta olohuoneesi pysyy siistin\u00e4 ja j\u00e4rjestyksess\u00e4.\u3010STOR BORDSPLATE\u3011Detta soffbord med en bordsskiva p\u00e5 80 x 80 cm erbjuder tillr\u00e4ckligt med utrymme f\u00f6r kakor, koppar, b\u00f6cker och dekorativa f\u00f6rem\u00e5l, vilket g\u00f6r det perfekt f\u00f6r dina dagliga behov och trevliga kv\u00e4llar.\u3010S\u00c4KRA FLIP-LOCK\u3011Tv\u00e5 separata lock kan h\u00e5llas \u00f6ppna i \u00f6nskad vinkel mellan 8 och 60\u00b0, vilket g\u00f6r det m\u00f6jligt att komma \u00e5t f\u00f6rem\u00e5len fr\u00e5n b\u00e5da sidor utan risk f\u00f6r att kl\u00e4mma sig. Dessutom f\u00f6rhindrar de avfasade h\u00f6rnen st\u00f6tar&#8230;\u3010H\u00c5LLBAR OCH SLITSTARK\u3011Detta soffbord i lantlig stil \u00e4r tillverkat av robust sp\u00e5nskiva och MDF-skiva och \u00e4r byggt f\u00f6r att h\u00e5lla, vilket garanterar stabilitet och h\u00e5llbarhet f\u00f6r daglig anv\u00e4ndning i ditt hem.\u3010COUNTRY CHIC\u3011Detta soffbord med f\u00f6rvaringsutrymme ger ditt hem en lantlig charm tack vare sin lantliga estetik och metalliska nedre h\u00f6rn. F\u00e4rger: F\u00e4rger: Honungsbrun Material: Honungsbrun: Material: Sp\u00e5nskiva, MDF Mitat: Guldbrun brun: Material: 80 x 80 x 45 cm (B x L x H) Vikt: 29,7 kg Maximal statisk belastning: 60 kg Volym: 213 L.<\/p>\n","protected":false},"excerpt":{"rendered":"<p>\u3010TILAVUUS Piilotettu s\u00e4ilytystila\u3011T\u00e4m\u00e4 neli\u00f6n muotoinen sohvap\u00f6yt\u00e4 k\u00e4tkee taitavasti sis\u00e4\u00e4ns\u00e4 213 litran s\u00e4ilytyslokeron, jossa voit s\u00e4ilytt\u00e4\u00e4 peittoja, tyynyj\u00e4 ja kirjoja, jotta olohuoneesi pysyy siistin\u00e4 ja j\u00e4rjestyksess\u00e4.\u3010STOR BORDSPLATE\u3011Detta soffbord med en bordsskiva p\u00e5 80 x 80 cm erbjuder tillr\u00e4ckligt med utrymme f\u00f6r kakor, koppar, b\u00f6cker och dekorativa f\u00f6rem\u00e5l, vilket g\u00f6r det perfekt f\u00f6r dina dagliga behov och [&hellip;]<\/p>\n","protected":false},"featured_media":0,"comment_status":"open","ping_status":"closed","template":"","meta":[],"product_brand":[],"product_cat":[33],"product_tag":[],"class_list":{"0":"post-13995","1":"product","2":"type-product","3":"status-publish","5":"product_cat-okategoriserad","7":"first","8":"instock","9":"shipping-taxable","10":"product-type-simple"},"_links":{"self":[{"href":"https:\/\/nordicmart.andreevmaster.com\/sv\/wp-json\/wp\/v2\/product\/13995","targetHints":{"allow":["GET"]}}],"collection":[{"href":"https:\/\/nordicmart.andreevmaster.com\/sv\/wp-json\/wp\/v2\/product"}],"about":[{"href":"https:\/\/nordicmart.andreevmaster.com\/sv\/wp-json\/wp\/v2\/types\/product"}],"replies":[{"embeddable":true,"href":"https:\/\/nordicmart.andreevmaster.com\/sv\/wp-json\/wp\/v2\/comments?post=13995"}],"wp:attachment":[{"href":"https:\/\/nordicmart.andreevmaster.com\/sv\/wp-json\/wp\/v2\/media?parent=13995"}],"wp:term":[{"taxonomy":"product_brand","embeddable":true,"href":"https:\/\/nordicmart.andreevmaster.com\/sv\/wp-json\/wp\/v2\/product_brand?post=13995"},{"taxonomy":"product_cat","embeddable":true,"href":"https:\/\/nordicmart.andreevmaster.com\/sv\/wp-json\/wp\/v2\/product_cat?post=13995"},{"taxonomy":"product_tag","embeddable":true,"href":"https:\/\/nordicmart.andreevmaster.com\/sv\/wp-json\/wp\/v2\/product_tag?post=13995"}],"curies":[{"name":"wp","href":"https:\/\/api.w.org\/{rel}","templated":true}]}}