{"id":13991,"date":"2026-02-27T00:20:06","date_gmt":"2026-02-27T00:20:06","guid":{"rendered":"https:\/\/nordicmart.andreevmaster.com\/product\/sohvapoyta-laatikoilla-2\/"},"modified":"2026-02-27T08:12:52","modified_gmt":"2026-02-27T08:12:52","slug":"sohvapoyta-laatikoilla-2","status":"publish","type":"product","link":"https:\/\/nordicmart.andreevmaster.com\/sv\/produkt\/sohvapoyta-laatikoilla-2\/","title":{"rendered":"Sohvap\u00f6yt\u00e4 laatikoilla"},"content":{"rendered":"<p>Detta soffbord \u00e4r en ikon i vardagsrummet och har en lantlig, industriell stil. Silhuetten \u00e4r tydlig och p\u00e5 b\u00e5da sidor finns X-formade detaljer som passar olika designestetik, fr\u00e5n traditionell klassisk till lantlig stil!St\u00e4ll en vas med blommor eller en kopp kaffe p\u00e5 bordet och en b\u00e4rbar dator, tidningar eller en f\u00f6rvaringskorg p\u00e5 mellanhyllan n\u00e4r du umg\u00e5s eller tittar p\u00e5 en gammal film med din \u00e4lskade. Vad kan vara b\u00e4ttre? De tv\u00e5 l\u00e5dorna i underkanten erbjuder extra f\u00f6rvaringsutrymme f\u00f6r laddare, b\u00e4rbar dator och annat.Tack vare den rustika bruna bordsskivan, hyllan och l\u00e5dorna i kombination med den matt svarta metallramen med tv\u00e4rbalkar erbjuder detta soffbord l\u00e5ng livsl\u00e4ngd och m\u00e5nga \u00e5rs njutning.<\/p>\n<p>VASAGLE erbjuder flera kollektioner av m\u00f6bler i industriell stil som kompletterar ditt hem. Denna serie inneh\u00e5ller soffbord, TV-b\u00e4nkar, sidobord, f\u00f6rvaringshyllor, konsolbord och datorbord. Gl\u00f6m inte att kolla in andra matchande m\u00f6bler som du kommer att gilla.<\/p>\n","protected":false},"excerpt":{"rendered":"<p>Detta soffbord \u00e4r en ikon i vardagsrummet och har en lantlig, industriell stil. Silhuetten \u00e4r tydlig och p\u00e5 b\u00e5da sidor finns X-formade detaljer som passar olika designestetik, fr\u00e5n traditionell klassisk till lantlig stil!St\u00e4ll en vas med blommor eller en kopp kaffe p\u00e5 bordet och en b\u00e4rbar dator, tidningar eller en f\u00f6rvaringskorg p\u00e5 mellanhyllan n\u00e4r du [&hellip;]<\/p>\n","protected":false},"featured_media":0,"comment_status":"open","ping_status":"closed","template":"","meta":[],"product_brand":[],"product_cat":[33],"product_tag":[],"class_list":{"0":"post-13991","1":"product","2":"type-product","3":"status-publish","5":"product_cat-okategoriserad","7":"first","8":"instock","9":"shipping-taxable","10":"product-type-simple"},"_links":{"self":[{"href":"https:\/\/nordicmart.andreevmaster.com\/sv\/wp-json\/wp\/v2\/product\/13991","targetHints":{"allow":["GET"]}}],"collection":[{"href":"https:\/\/nordicmart.andreevmaster.com\/sv\/wp-json\/wp\/v2\/product"}],"about":[{"href":"https:\/\/nordicmart.andreevmaster.com\/sv\/wp-json\/wp\/v2\/types\/product"}],"replies":[{"embeddable":true,"href":"https:\/\/nordicmart.andreevmaster.com\/sv\/wp-json\/wp\/v2\/comments?post=13991"}],"wp:attachment":[{"href":"https:\/\/nordicmart.andreevmaster.com\/sv\/wp-json\/wp\/v2\/media?parent=13991"}],"wp:term":[{"taxonomy":"product_brand","embeddable":true,"href":"https:\/\/nordicmart.andreevmaster.com\/sv\/wp-json\/wp\/v2\/product_brand?post=13991"},{"taxonomy":"product_cat","embeddable":true,"href":"https:\/\/nordicmart.andreevmaster.com\/sv\/wp-json\/wp\/v2\/product_cat?post=13991"},{"taxonomy":"product_tag","embeddable":true,"href":"https:\/\/nordicmart.andreevmaster.com\/sv\/wp-json\/wp\/v2\/product_tag?post=13991"}],"curies":[{"name":"wp","href":"https:\/\/api.w.org\/{rel}","templated":true}]}}