{"id":13988,"date":"2026-02-27T00:20:05","date_gmt":"2026-02-27T00:20:05","guid":{"rendered":"https:\/\/nordicmart.andreevmaster.com\/product\/vasagle-soffbord-hojbart-med-dold-forvaring-antracitgra-svart\/"},"modified":"2026-02-27T08:12:51","modified_gmt":"2026-02-27T08:12:51","slug":"vasagle-soffbord-hojbart-med-dold-forvaring-antracitgra-svart","status":"publish","type":"product","link":"https:\/\/nordicmart.andreevmaster.com\/sv\/produkt\/vasagle-soffbord-hojbart-med-dold-forvaring-antracitgra-svart\/","title":{"rendered":"VASAGLE soffbord h\u00f6jbart med dold f\u00f6rvaring antracitgr\u00e5-svart"},"content":{"rendered":"<p>VASAGLE soffbord, h\u00f6j- och s\u00e4nkbart vardagsrumsbord, kaffebord, \u00f6ppet och dolt f\u00f6rvaringsutrymme, X-st\u00f6dben, 60 x 100 x (48-62) cm, vintagebrunt-svart LCT205B01<br \/>\nF\u00e4rg: Antracitgr\u00e5-svart<br \/>\nMaterial: sp\u00e5nskiva, st\u00e5l<br \/>\nStorlek: 60 x 120 x (48-62) cm (D x B x H)<br \/>\nVikt: 31 kg<br \/>\nMax. statisk totalbelastning: 91 kg<\/p>\n","protected":false},"excerpt":{"rendered":"<p>VASAGLE soffbord, h\u00f6j- och s\u00e4nkbart vardagsrumsbord, kaffebord, \u00f6ppet och dolt f\u00f6rvaringsutrymme, X-st\u00f6dben, 60 x 100 x (48-62) cm, vintagebrunt-svart LCT205B01<\/p>\n","protected":false},"featured_media":0,"comment_status":"open","ping_status":"closed","template":"","meta":[],"product_brand":[],"product_cat":[33],"product_tag":[],"class_list":{"0":"post-13988","1":"product","2":"type-product","3":"status-publish","5":"product_cat-okategoriserad","7":"first","8":"instock","9":"shipping-taxable","10":"purchasable","11":"product-type-simple"},"_links":{"self":[{"href":"https:\/\/nordicmart.andreevmaster.com\/sv\/wp-json\/wp\/v2\/product\/13988","targetHints":{"allow":["GET"]}}],"collection":[{"href":"https:\/\/nordicmart.andreevmaster.com\/sv\/wp-json\/wp\/v2\/product"}],"about":[{"href":"https:\/\/nordicmart.andreevmaster.com\/sv\/wp-json\/wp\/v2\/types\/product"}],"replies":[{"embeddable":true,"href":"https:\/\/nordicmart.andreevmaster.com\/sv\/wp-json\/wp\/v2\/comments?post=13988"}],"wp:attachment":[{"href":"https:\/\/nordicmart.andreevmaster.com\/sv\/wp-json\/wp\/v2\/media?parent=13988"}],"wp:term":[{"taxonomy":"product_brand","embeddable":true,"href":"https:\/\/nordicmart.andreevmaster.com\/sv\/wp-json\/wp\/v2\/product_brand?post=13988"},{"taxonomy":"product_cat","embeddable":true,"href":"https:\/\/nordicmart.andreevmaster.com\/sv\/wp-json\/wp\/v2\/product_cat?post=13988"},{"taxonomy":"product_tag","embeddable":true,"href":"https:\/\/nordicmart.andreevmaster.com\/sv\/wp-json\/wp\/v2\/product_tag?post=13988"}],"curies":[{"name":"wp","href":"https:\/\/api.w.org\/{rel}","templated":true}]}}