{"id":13985,"date":"2026-02-27T00:20:04","date_gmt":"2026-02-27T00:20:04","guid":{"rendered":"https:\/\/nordicmart.andreevmaster.com\/product\/vasagle-soffbord-med-2-lador-och-fack-askbrunt\/"},"modified":"2026-02-27T08:12:50","modified_gmt":"2026-02-27T08:12:50","slug":"vasagle-soffbord-med-2-lador-och-fack-askbrunt","status":"publish","type":"product","link":"https:\/\/nordicmart.andreevmaster.com\/sv\/produkt\/vasagle-soffbord-med-2-lador-och-fack-askbrunt\/","title":{"rendered":"VASAGLE soffbord med 2 l\u00e5dor och fack, askbrunt"},"content":{"rendered":"<p>VASAGLE soffbord, h\u00f6j- och s\u00e4nkbart vardagsrumsbord, 2 l\u00e5dor och dolda fack, kaffebord, \u00f6ppna fack, f\u00f6r vardagsrum, hemmakontor, sn\u00f6vit LCT210W01<br \/>\nF\u00e4rg: Askbrun<br \/>\nMaterial: St\u00e5l, sp\u00e5nskiva<br \/>\nStorlek: 50 x 100 x 48 cm\/62,3 cm (D x B x H)<br \/>\nVikt: 27,5 kg<br \/>\nMax. statisk belastningskapacitet totalt: 75 kg<br \/>\nMax. statisk belastningskapacitet f\u00f6r bordsskivan i uppf\u00e4llt l\u00e4ge: 15 kg<\/p>\n","protected":false},"excerpt":{"rendered":"<p>VASAGLE soffbord, h\u00f6j- och s\u00e4nkbart vardagsrumsbord, 2 l\u00e5dor och dolda fack, kaffebord, \u00f6ppna fack, f\u00f6r vardagsrum, hemmakontor, sn\u00f6vit LCT210W01<\/p>\n","protected":false},"featured_media":42056,"comment_status":"open","ping_status":"closed","template":"","meta":[],"product_brand":[],"product_cat":[33],"product_tag":[],"class_list":{"0":"post-13985","1":"product","2":"type-product","3":"status-publish","4":"has-post-thumbnail","6":"product_cat-okategoriserad","8":"first","9":"instock","10":"shipping-taxable","11":"purchasable","12":"product-type-simple"},"_links":{"self":[{"href":"https:\/\/nordicmart.andreevmaster.com\/sv\/wp-json\/wp\/v2\/product\/13985","targetHints":{"allow":["GET"]}}],"collection":[{"href":"https:\/\/nordicmart.andreevmaster.com\/sv\/wp-json\/wp\/v2\/product"}],"about":[{"href":"https:\/\/nordicmart.andreevmaster.com\/sv\/wp-json\/wp\/v2\/types\/product"}],"replies":[{"embeddable":true,"href":"https:\/\/nordicmart.andreevmaster.com\/sv\/wp-json\/wp\/v2\/comments?post=13985"}],"wp:featuredmedia":[{"embeddable":true,"href":"https:\/\/nordicmart.andreevmaster.com\/sv\/wp-json\/wp\/v2\/media\/42056"}],"wp:attachment":[{"href":"https:\/\/nordicmart.andreevmaster.com\/sv\/wp-json\/wp\/v2\/media?parent=13985"}],"wp:term":[{"taxonomy":"product_brand","embeddable":true,"href":"https:\/\/nordicmart.andreevmaster.com\/sv\/wp-json\/wp\/v2\/product_brand?post=13985"},{"taxonomy":"product_cat","embeddable":true,"href":"https:\/\/nordicmart.andreevmaster.com\/sv\/wp-json\/wp\/v2\/product_cat?post=13985"},{"taxonomy":"product_tag","embeddable":true,"href":"https:\/\/nordicmart.andreevmaster.com\/sv\/wp-json\/wp\/v2\/product_tag?post=13985"}],"curies":[{"name":"wp","href":"https:\/\/api.w.org\/{rel}","templated":true}]}}