{"id":13981,"date":"2026-02-27T00:20:03","date_gmt":"2026-02-27T00:20:03","guid":{"rendered":"https:\/\/nordicmart.andreevmaster.com\/product\/vasagle-soffbord-med-oppet-fack-antracitgratt-blasvart\/"},"modified":"2026-02-27T08:12:50","modified_gmt":"2026-02-27T08:12:50","slug":"vasagle-soffbord-med-oppet-fack-antracitgratt-blasvart","status":"publish","type":"product","link":"https:\/\/nordicmart.andreevmaster.com\/sv\/produkt\/vasagle-soffbord-med-oppet-fack-antracitgratt-blasvart\/","title":{"rendered":"VASAGLE soffbord med \u00f6ppet fack, antracitgr\u00e5tt-bl\u00e4svart"},"content":{"rendered":"<p>VASAGLE soffbord, h\u00f6j- och s\u00e4nkbart vardagsrumsbord, kaffebord, med l\u00e5dor, \u00f6ppet fack<br \/>\nF\u00e4rg: Antracitgr\u00e5-bl\u00e4svart<br \/>\nMaterial: Sp\u00e5nskiva, st\u00e5l<br \/>\nStorlek: 50 x 100 cm (D x B)<br \/>\nH\u00f6jd: 48\u201363 cm<br \/>\nVikt: 25,6 kg<br \/>\nMax. statisk belastningskapacitet f\u00f6r bordsskivan i upph\u00f6jt l\u00e4ge: 20 kg<br \/>\nMax. statisk belastningskapacitet totalt: 136 kg<\/p>\n","protected":false},"excerpt":{"rendered":"<p>VASAGLE soffbord, h\u00f6j- och s\u00e4nkbart vardagsrumsbord, kaffebord, med l\u00e5dor, \u00f6ppet fack<\/p>\n","protected":false},"featured_media":0,"comment_status":"open","ping_status":"closed","template":"","meta":[],"product_brand":[],"product_cat":[33],"product_tag":[],"class_list":{"0":"post-13981","1":"product","2":"type-product","3":"status-publish","5":"product_cat-okategoriserad","7":"first","8":"instock","9":"shipping-taxable","10":"purchasable","11":"product-type-simple"},"_links":{"self":[{"href":"https:\/\/nordicmart.andreevmaster.com\/sv\/wp-json\/wp\/v2\/product\/13981","targetHints":{"allow":["GET"]}}],"collection":[{"href":"https:\/\/nordicmart.andreevmaster.com\/sv\/wp-json\/wp\/v2\/product"}],"about":[{"href":"https:\/\/nordicmart.andreevmaster.com\/sv\/wp-json\/wp\/v2\/types\/product"}],"replies":[{"embeddable":true,"href":"https:\/\/nordicmart.andreevmaster.com\/sv\/wp-json\/wp\/v2\/comments?post=13981"}],"wp:attachment":[{"href":"https:\/\/nordicmart.andreevmaster.com\/sv\/wp-json\/wp\/v2\/media?parent=13981"}],"wp:term":[{"taxonomy":"product_brand","embeddable":true,"href":"https:\/\/nordicmart.andreevmaster.com\/sv\/wp-json\/wp\/v2\/product_brand?post=13981"},{"taxonomy":"product_cat","embeddable":true,"href":"https:\/\/nordicmart.andreevmaster.com\/sv\/wp-json\/wp\/v2\/product_cat?post=13981"},{"taxonomy":"product_tag","embeddable":true,"href":"https:\/\/nordicmart.andreevmaster.com\/sv\/wp-json\/wp\/v2\/product_tag?post=13981"}],"curies":[{"name":"wp","href":"https:\/\/api.w.org\/{rel}","templated":true}]}}